{"id":11481,"date":"2020-09-22T11:58:20","date_gmt":"2020-09-22T09:58:20","guid":{"rendered":"https:\/\/embajadadepanamaenfrancia.fr\/section-consulaire\/certificado-de-solteria\/"},"modified":"2026-02-10T10:57:25","modified_gmt":"2026-02-10T09:57:25","slug":"certificado-de-solteria","status":"publish","type":"page","link":"https:\/\/embajadadepanamaenfrancia.fr\/fr\/section-consulaire\/certificado-de-solteria\/","title":{"rendered":"Certificat de c\u00e9libat"},"content":{"rendered":"<p>[et_pb_section fb_built=\u00a0\u00bb1&Prime; admin_label=\u00a0\u00bbsection\u00a0\u00bb _builder_version=\u00a0\u00bb4.16&Prime; global_colors_info=\u00a0\u00bb{}\u00a0\u00bb][et_pb_row admin_label=\u00a0\u00bbrow\u00a0\u00bb _builder_version=\u00a0\u00bb4.16&Prime; background_size=\u00a0\u00bbinitial\u00a0\u00bb background_position=\u00a0\u00bbtop_left\u00a0\u00bb background_repeat=\u00a0\u00bbrepeat\u00a0\u00bb global_colors_info=\u00a0\u00bb{}\u00a0\u00bb][et_pb_column type=\u00a0\u00bb4_4&Prime; _builder_version=\u00a0\u00bb4.16&Prime; custom_padding=\u00a0\u00bb|||\u00a0\u00bb global_colors_info=\u00a0\u00bb{}\u00a0\u00bb custom_padding__hover=\u00a0\u00bb|||\u00a0\u00bb][et_pb_text admin_label=\u00a0\u00bbText\u00a0\u00bb _builder_version=\u00a0\u00bb4.16&Prime; background_size=\u00a0\u00bbinitial\u00a0\u00bb background_position=\u00a0\u00bbtop_left\u00a0\u00bb background_repeat=\u00a0\u00bbrepeat\u00a0\u00bb global_colors_info=\u00a0\u00bb{}\u00a0\u00bb custom_padding=\u00a0\u00bb||0px|||\u00a0\u00bb]<\/p>\n<p data-start=\"0\" data-end=\"286\">Ce service n\u2019est pas trait\u00e9 par la Section consulaire. Vous devez \u00e9tablir une autorisation adress\u00e9e au Tribunal \u00e9lectoral en faveur d\u2019un membre de votre famille. La signature de l\u2019autorisation (procuration honorifique \u2013 co\u00fbt : 30 \u20ac) doit \u00eatre authentifi\u00e9e \u00e0 la Section consulaire.<\/p>\n<p data-start=\"288\" data-end=\"423\" data-is-last-node=\"\" data-is-only-node=\"\">Pour plus d\u2019informations, veuillez contacter la Section consulaire.<br data-start=\"355\" data-end=\"358\" \/>Email : <a data-start=\"366\" data-end=\"392\" class=\"decorated-link cursor-pointer\" rel=\"noopener\">conpanamaparis@mire.gob.pa<span aria-hidden=\"true\" class=\"ms-0.5 inline-block align-middle leading-none\"><svg xmlns=\"http:\/\/www.w3.org\/2000\/svg\" width=\"20\" height=\"20\" aria-hidden=\"true\" data-rtl-flip=\"\" class=\"block h-[0.75em] w-[0.75em] stroke-current stroke-[0.75]\"><use href=\"\/cdn\/assets\/sprites-core-j9921kii.svg#304883\" fill=\"currentColor\"><\/use><\/svg><\/span><\/a><br data-start=\"392\" data-end=\"395\" \/>T\u00e9l. : +33 (0) 1 45 66 07 88<\/p>\n<p>[\/et_pb_text][\/et_pb_column][\/et_pb_row][\/et_pb_section]<\/p>\n","protected":false},"excerpt":{"rendered":"<p>Ce service n\u2019est pas trait\u00e9 par la Section consulaire. Vous devez \u00e9tablir une autorisation adress\u00e9e au Tribunal \u00e9lectoral en faveur d\u2019un membre de votre famille. La signature de l\u2019autorisation (procuration honorifique \u2013 co\u00fbt : 30 \u20ac) doit \u00eatre authentifi\u00e9e \u00e0 la Section consulaire. Pour plus d\u2019informations, veuillez contacter la Section consulaire.Email : conpanamaparis@mire.gob.paT\u00e9l. : +33 [&hellip;]<\/p>\n","protected":false},"author":4,"featured_media":0,"parent":867,"menu_order":5,"comment_status":"closed","ping_status":"closed","template":"","meta":{"_et_pb_use_builder":"on","_et_pb_old_content":"","_et_gb_content_width":"","footnotes":""},"class_list":["post-11481","page","type-page","status-publish","hentry"],"yoast_head":"<!-- This site is optimized with the Yoast SEO plugin v23.6 - https:\/\/yoast.com\/wordpress\/plugins\/seo\/ -->\n<title>Certificat de c\u00e9libat - Embajada de Panam\u00e1 en Francia - Ambassade du Panama en France<\/title>\n<meta name=\"robots\" content=\"index, follow, max-snippet:-1, max-image-preview:large, max-video-preview:-1\" \/>\n<link rel=\"canonical\" href=\"https:\/\/embajadadepanamaenfrancia.fr\/fr\/section-consulaire\/certificado-de-solteria\/\" \/>\n<meta property=\"og:locale\" content=\"fr_FR\" \/>\n<meta property=\"og:type\" content=\"article\" \/>\n<meta property=\"og:title\" content=\"Certificat de c\u00e9libat - Embajada de Panam\u00e1 en Francia - Ambassade du Panama en France\" \/>\n<meta property=\"og:description\" content=\"Ce service n\u2019est pas trait\u00e9 par la Section consulaire. Vous devez \u00e9tablir une autorisation adress\u00e9e au Tribunal \u00e9lectoral en faveur d\u2019un membre de votre famille. La signature de l\u2019autorisation (procuration honorifique \u2013 co\u00fbt : 30 \u20ac) doit \u00eatre authentifi\u00e9e \u00e0 la Section consulaire. Pour plus d\u2019informations, veuillez contacter la Section consulaire.Email : conpanamaparis@mire.gob.paT\u00e9l. : +33 [&hellip;]\" \/>\n<meta property=\"og:url\" content=\"https:\/\/embajadadepanamaenfrancia.fr\/fr\/section-consulaire\/certificado-de-solteria\/\" \/>\n<meta property=\"og:site_name\" content=\"Embajada de Panam\u00e1 en Francia - Ambassade du Panama en France\" \/>\n<meta property=\"article:modified_time\" content=\"2026-02-10T09:57:25+00:00\" \/>\n<meta name=\"twitter:card\" content=\"summary_large_image\" \/>\n<meta name=\"twitter:label1\" content=\"Dur\u00e9e de lecture estim\u00e9e\" \/>\n\t<meta name=\"twitter:data1\" content=\"1 minute\" \/>\n<script type=\"application\/ld+json\" class=\"yoast-schema-graph\">{\"@context\":\"https:\/\/schema.org\",\"@graph\":[{\"@type\":\"WebPage\",\"@id\":\"https:\/\/embajadadepanamaenfrancia.fr\/fr\/section-consulaire\/certificado-de-solteria\/\",\"url\":\"https:\/\/embajadadepanamaenfrancia.fr\/fr\/section-consulaire\/certificado-de-solteria\/\",\"name\":\"Certificat de c\u00e9libat - Embajada de Panam\u00e1 en Francia - Ambassade du Panama en France\",\"isPartOf\":{\"@id\":\"https:\/\/embajadadepanamaenfrancia.fr\/fr\/#website\"},\"datePublished\":\"2020-09-22T09:58:20+00:00\",\"dateModified\":\"2026-02-10T09:57:25+00:00\",\"breadcrumb\":{\"@id\":\"https:\/\/embajadadepanamaenfrancia.fr\/fr\/section-consulaire\/certificado-de-solteria\/#breadcrumb\"},\"inLanguage\":\"fr-FR\",\"potentialAction\":[{\"@type\":\"ReadAction\",\"target\":[\"https:\/\/embajadadepanamaenfrancia.fr\/fr\/section-consulaire\/certificado-de-solteria\/\"]}]},{\"@type\":\"BreadcrumbList\",\"@id\":\"https:\/\/embajadadepanamaenfrancia.fr\/fr\/section-consulaire\/certificado-de-solteria\/#breadcrumb\",\"itemListElement\":[{\"@type\":\"ListItem\",\"position\":1,\"name\":\"Portada\",\"item\":\"https:\/\/embajadadepanamaenfrancia.fr\/fr\/\"},{\"@type\":\"ListItem\",\"position\":2,\"name\":\"Section consulaire\",\"item\":\"https:\/\/embajadadepanamaenfrancia.fr\/fr\/section-consulaire\/\"},{\"@type\":\"ListItem\",\"position\":3,\"name\":\"Certificat de c\u00e9libat\"}]},{\"@type\":\"WebSite\",\"@id\":\"https:\/\/embajadadepanamaenfrancia.fr\/fr\/#website\",\"url\":\"https:\/\/embajadadepanamaenfrancia.fr\/fr\/\",\"name\":\"Embajada de Panam\u00e1 en Francia - Ambassade du Panama en France\",\"description\":\"Bienvenido al sitio de la Embajada de Panam\u00e1 en Francia - Bienvenu \u00e0 l&#039;Ambassade du Panama en France\",\"potentialAction\":[{\"@type\":\"SearchAction\",\"target\":{\"@type\":\"EntryPoint\",\"urlTemplate\":\"https:\/\/embajadadepanamaenfrancia.fr\/fr\/?s={search_term_string}\"},\"query-input\":{\"@type\":\"PropertyValueSpecification\",\"valueRequired\":true,\"valueName\":\"search_term_string\"}}],\"inLanguage\":\"fr-FR\"}]}<\/script>\n<!-- \/ Yoast SEO plugin. -->","yoast_head_json":{"title":"Certificat de c\u00e9libat - Embajada de Panam\u00e1 en Francia - Ambassade du Panama en France","robots":{"index":"index","follow":"follow","max-snippet":"max-snippet:-1","max-image-preview":"max-image-preview:large","max-video-preview":"max-video-preview:-1"},"canonical":"https:\/\/embajadadepanamaenfrancia.fr\/fr\/section-consulaire\/certificado-de-solteria\/","og_locale":"fr_FR","og_type":"article","og_title":"Certificat de c\u00e9libat - Embajada de Panam\u00e1 en Francia - Ambassade du Panama en France","og_description":"Ce service n\u2019est pas trait\u00e9 par la Section consulaire. Vous devez \u00e9tablir une autorisation adress\u00e9e au Tribunal \u00e9lectoral en faveur d\u2019un membre de votre famille. La signature de l\u2019autorisation (procuration honorifique \u2013 co\u00fbt : 30 \u20ac) doit \u00eatre authentifi\u00e9e \u00e0 la Section consulaire. Pour plus d\u2019informations, veuillez contacter la Section consulaire.Email : conpanamaparis@mire.gob.paT\u00e9l. : +33 [&hellip;]","og_url":"https:\/\/embajadadepanamaenfrancia.fr\/fr\/section-consulaire\/certificado-de-solteria\/","og_site_name":"Embajada de Panam\u00e1 en Francia - Ambassade du Panama en France","article_modified_time":"2026-02-10T09:57:25+00:00","twitter_card":"summary_large_image","twitter_misc":{"Dur\u00e9e de lecture estim\u00e9e":"1 minute"},"schema":{"@context":"https:\/\/schema.org","@graph":[{"@type":"WebPage","@id":"https:\/\/embajadadepanamaenfrancia.fr\/fr\/section-consulaire\/certificado-de-solteria\/","url":"https:\/\/embajadadepanamaenfrancia.fr\/fr\/section-consulaire\/certificado-de-solteria\/","name":"Certificat de c\u00e9libat - Embajada de Panam\u00e1 en Francia - Ambassade du Panama en France","isPartOf":{"@id":"https:\/\/embajadadepanamaenfrancia.fr\/fr\/#website"},"datePublished":"2020-09-22T09:58:20+00:00","dateModified":"2026-02-10T09:57:25+00:00","breadcrumb":{"@id":"https:\/\/embajadadepanamaenfrancia.fr\/fr\/section-consulaire\/certificado-de-solteria\/#breadcrumb"},"inLanguage":"fr-FR","potentialAction":[{"@type":"ReadAction","target":["https:\/\/embajadadepanamaenfrancia.fr\/fr\/section-consulaire\/certificado-de-solteria\/"]}]},{"@type":"BreadcrumbList","@id":"https:\/\/embajadadepanamaenfrancia.fr\/fr\/section-consulaire\/certificado-de-solteria\/#breadcrumb","itemListElement":[{"@type":"ListItem","position":1,"name":"Portada","item":"https:\/\/embajadadepanamaenfrancia.fr\/fr\/"},{"@type":"ListItem","position":2,"name":"Section consulaire","item":"https:\/\/embajadadepanamaenfrancia.fr\/fr\/section-consulaire\/"},{"@type":"ListItem","position":3,"name":"Certificat de c\u00e9libat"}]},{"@type":"WebSite","@id":"https:\/\/embajadadepanamaenfrancia.fr\/fr\/#website","url":"https:\/\/embajadadepanamaenfrancia.fr\/fr\/","name":"Embajada de Panam\u00e1 en Francia - Ambassade du Panama en France","description":"Bienvenido al sitio de la Embajada de Panam\u00e1 en Francia - Bienvenu \u00e0 l&#039;Ambassade du Panama en France","potentialAction":[{"@type":"SearchAction","target":{"@type":"EntryPoint","urlTemplate":"https:\/\/embajadadepanamaenfrancia.fr\/fr\/?s={search_term_string}"},"query-input":{"@type":"PropertyValueSpecification","valueRequired":true,"valueName":"search_term_string"}}],"inLanguage":"fr-FR"}]}},"_links":{"self":[{"href":"https:\/\/embajadadepanamaenfrancia.fr\/fr\/wp-json\/wp\/v2\/pages\/11481"}],"collection":[{"href":"https:\/\/embajadadepanamaenfrancia.fr\/fr\/wp-json\/wp\/v2\/pages"}],"about":[{"href":"https:\/\/embajadadepanamaenfrancia.fr\/fr\/wp-json\/wp\/v2\/types\/page"}],"author":[{"embeddable":true,"href":"https:\/\/embajadadepanamaenfrancia.fr\/fr\/wp-json\/wp\/v2\/users\/4"}],"replies":[{"embeddable":true,"href":"https:\/\/embajadadepanamaenfrancia.fr\/fr\/wp-json\/wp\/v2\/comments?post=11481"}],"version-history":[{"count":4,"href":"https:\/\/embajadadepanamaenfrancia.fr\/fr\/wp-json\/wp\/v2\/pages\/11481\/revisions"}],"predecessor-version":[{"id":19485,"href":"https:\/\/embajadadepanamaenfrancia.fr\/fr\/wp-json\/wp\/v2\/pages\/11481\/revisions\/19485"}],"up":[{"embeddable":true,"href":"https:\/\/embajadadepanamaenfrancia.fr\/fr\/wp-json\/wp\/v2\/pages\/867"}],"wp:attachment":[{"href":"https:\/\/embajadadepanamaenfrancia.fr\/fr\/wp-json\/wp\/v2\/media?parent=11481"}],"curies":[{"name":"wp","href":"https:\/\/api.w.org\/{rel}","templated":true}]}}