{"id":13107,"date":"2021-03-01T21:18:52","date_gmt":"2021-03-01T20:18:52","guid":{"rendered":"https:\/\/embajadadepanamaenfrancia.fr\/?page_id=13107"},"modified":"2021-03-01T21:18:52","modified_gmt":"2021-03-01T20:18:52","slug":"se-issamary-sanchez-a-participe-en-tant-que-conferenciere-au-conseil-de-locde-sur-l-agenda-2030-de-developpement-durable","status":"publish","type":"page","link":"https:\/\/embajadadepanamaenfrancia.fr\/fr\/se-issamary-sanchez-a-participe-en-tant-que-conferenciere-au-conseil-de-locde-sur-l-agenda-2030-de-developpement-durable\/","title":{"rendered":"SE Issamary Sanchez a particip\u00e9 en tant que conf\u00e9renci\u00e8re au Conseil de l&rsquo;OCDE sur l&rsquo; agenda 2030  de d\u00e9veloppement durable."},"content":{"rendered":"","protected":false},"excerpt":{"rendered":"","protected":false},"author":6,"featured_media":13104,"parent":0,"menu_order":0,"comment_status":"closed","ping_status":"closed","template":"","meta":{"_et_pb_use_builder":"","_et_pb_old_content":"","_et_gb_content_width":"","footnotes":""},"class_list":["post-13107","page","type-page","status-publish","has-post-thumbnail","hentry"],"yoast_head":"<!-- This site is optimized with the Yoast SEO plugin v23.6 - https:\/\/yoast.com\/wordpress\/plugins\/seo\/ -->\n<title>SE Issamary Sanchez a particip\u00e9 en tant que conf\u00e9renci\u00e8re au Conseil de l&#039;OCDE sur l&#039; agenda 2030 de d\u00e9veloppement durable. - Embajada de Panam\u00e1 en Francia - Ambassade du Panama en France<\/title>\n<meta name=\"robots\" content=\"index, follow, max-snippet:-1, max-image-preview:large, max-video-preview:-1\" \/>\n<link rel=\"canonical\" href=\"https:\/\/embajadadepanamaenfrancia.fr\/fr\/se-issamary-sanchez-a-participe-en-tant-que-conferenciere-au-conseil-de-locde-sur-l-agenda-2030-de-developpement-durable\/\" \/>\n<meta property=\"og:locale\" content=\"fr_FR\" \/>\n<meta property=\"og:type\" content=\"article\" \/>\n<meta property=\"og:title\" content=\"SE Issamary Sanchez a particip\u00e9 en tant que conf\u00e9renci\u00e8re au Conseil de l&#039;OCDE sur l&#039; agenda 2030 de d\u00e9veloppement durable. - Embajada de Panam\u00e1 en Francia - Ambassade du Panama en France\" \/>\n<meta property=\"og:url\" content=\"https:\/\/embajadadepanamaenfrancia.fr\/fr\/se-issamary-sanchez-a-participe-en-tant-que-conferenciere-au-conseil-de-locde-sur-l-agenda-2030-de-developpement-durable\/\" \/>\n<meta property=\"og:site_name\" content=\"Embajada de Panam\u00e1 en Francia - Ambassade du Panama en France\" \/>\n<meta property=\"og:image\" content=\"https:\/\/embajadadepanamaenfrancia.fr\/wp-content\/uploads\/2021\/03\/IMG_20210301_204053_380.jpg\" \/>\n\t<meta property=\"og:image:width\" content=\"884\" \/>\n\t<meta property=\"og:image:height\" content=\"1105\" \/>\n\t<meta property=\"og:image:type\" content=\"image\/jpeg\" \/>\n<meta name=\"twitter:card\" content=\"summary_large_image\" \/>\n<script type=\"application\/ld+json\" class=\"yoast-schema-graph\">{\"@context\":\"https:\/\/schema.org\",\"@graph\":[{\"@type\":\"WebPage\",\"@id\":\"https:\/\/embajadadepanamaenfrancia.fr\/fr\/se-issamary-sanchez-a-participe-en-tant-que-conferenciere-au-conseil-de-locde-sur-l-agenda-2030-de-developpement-durable\/\",\"url\":\"https:\/\/embajadadepanamaenfrancia.fr\/fr\/se-issamary-sanchez-a-participe-en-tant-que-conferenciere-au-conseil-de-locde-sur-l-agenda-2030-de-developpement-durable\/\",\"name\":\"SE Issamary Sanchez a particip\u00e9 en tant que conf\u00e9renci\u00e8re au Conseil de l'OCDE sur l' agenda 2030 de d\u00e9veloppement durable. - Embajada de Panam\u00e1 en Francia - Ambassade du Panama en France\",\"isPartOf\":{\"@id\":\"https:\/\/embajadadepanamaenfrancia.fr\/fr\/#website\"},\"primaryImageOfPage\":{\"@id\":\"https:\/\/embajadadepanamaenfrancia.fr\/fr\/se-issamary-sanchez-a-participe-en-tant-que-conferenciere-au-conseil-de-locde-sur-l-agenda-2030-de-developpement-durable\/#primaryimage\"},\"image\":{\"@id\":\"https:\/\/embajadadepanamaenfrancia.fr\/fr\/se-issamary-sanchez-a-participe-en-tant-que-conferenciere-au-conseil-de-locde-sur-l-agenda-2030-de-developpement-durable\/#primaryimage\"},\"thumbnailUrl\":\"https:\/\/embajadadepanamaenfrancia.fr\/wp-content\/uploads\/2021\/03\/IMG_20210301_204053_380.jpg\",\"datePublished\":\"2021-03-01T20:18:52+00:00\",\"dateModified\":\"2021-03-01T20:18:52+00:00\",\"breadcrumb\":{\"@id\":\"https:\/\/embajadadepanamaenfrancia.fr\/fr\/se-issamary-sanchez-a-participe-en-tant-que-conferenciere-au-conseil-de-locde-sur-l-agenda-2030-de-developpement-durable\/#breadcrumb\"},\"inLanguage\":\"fr-FR\",\"potentialAction\":[{\"@type\":\"ReadAction\",\"target\":[\"https:\/\/embajadadepanamaenfrancia.fr\/fr\/se-issamary-sanchez-a-participe-en-tant-que-conferenciere-au-conseil-de-locde-sur-l-agenda-2030-de-developpement-durable\/\"]}]},{\"@type\":\"ImageObject\",\"inLanguage\":\"fr-FR\",\"@id\":\"https:\/\/embajadadepanamaenfrancia.fr\/fr\/se-issamary-sanchez-a-participe-en-tant-que-conferenciere-au-conseil-de-locde-sur-l-agenda-2030-de-developpement-durable\/#primaryimage\",\"url\":\"https:\/\/embajadadepanamaenfrancia.fr\/wp-content\/uploads\/2021\/03\/IMG_20210301_204053_380.jpg\",\"contentUrl\":\"https:\/\/embajadadepanamaenfrancia.fr\/wp-content\/uploads\/2021\/03\/IMG_20210301_204053_380.jpg\",\"width\":884,\"height\":1105},{\"@type\":\"BreadcrumbList\",\"@id\":\"https:\/\/embajadadepanamaenfrancia.fr\/fr\/se-issamary-sanchez-a-participe-en-tant-que-conferenciere-au-conseil-de-locde-sur-l-agenda-2030-de-developpement-durable\/#breadcrumb\",\"itemListElement\":[{\"@type\":\"ListItem\",\"position\":1,\"name\":\"Portada\",\"item\":\"https:\/\/embajadadepanamaenfrancia.fr\/fr\/\"},{\"@type\":\"ListItem\",\"position\":2,\"name\":\"SE Issamary Sanchez a particip\u00e9 en tant que conf\u00e9renci\u00e8re au Conseil de l&#8217;OCDE sur l&#8217; agenda 2030 de d\u00e9veloppement durable.\"}]},{\"@type\":\"WebSite\",\"@id\":\"https:\/\/embajadadepanamaenfrancia.fr\/fr\/#website\",\"url\":\"https:\/\/embajadadepanamaenfrancia.fr\/fr\/\",\"name\":\"Embajada de Panam\u00e1 en Francia - Ambassade du Panama en France\",\"description\":\"Bienvenido al sitio de la Embajada de Panam\u00e1 en Francia - Bienvenu \u00e0 l&#039;Ambassade du Panama en France\",\"potentialAction\":[{\"@type\":\"SearchAction\",\"target\":{\"@type\":\"EntryPoint\",\"urlTemplate\":\"https:\/\/embajadadepanamaenfrancia.fr\/fr\/?s={search_term_string}\"},\"query-input\":{\"@type\":\"PropertyValueSpecification\",\"valueRequired\":true,\"valueName\":\"search_term_string\"}}],\"inLanguage\":\"fr-FR\"}]}<\/script>\n<!-- \/ Yoast SEO plugin. -->","yoast_head_json":{"title":"SE Issamary Sanchez a particip\u00e9 en tant que conf\u00e9renci\u00e8re au Conseil de l'OCDE sur l' agenda 2030 de d\u00e9veloppement durable. - Embajada de Panam\u00e1 en Francia - Ambassade du Panama en France","robots":{"index":"index","follow":"follow","max-snippet":"max-snippet:-1","max-image-preview":"max-image-preview:large","max-video-preview":"max-video-preview:-1"},"canonical":"https:\/\/embajadadepanamaenfrancia.fr\/fr\/se-issamary-sanchez-a-participe-en-tant-que-conferenciere-au-conseil-de-locde-sur-l-agenda-2030-de-developpement-durable\/","og_locale":"fr_FR","og_type":"article","og_title":"SE Issamary Sanchez a particip\u00e9 en tant que conf\u00e9renci\u00e8re au Conseil de l'OCDE sur l' agenda 2030 de d\u00e9veloppement durable. - Embajada de Panam\u00e1 en Francia - Ambassade du Panama en France","og_url":"https:\/\/embajadadepanamaenfrancia.fr\/fr\/se-issamary-sanchez-a-participe-en-tant-que-conferenciere-au-conseil-de-locde-sur-l-agenda-2030-de-developpement-durable\/","og_site_name":"Embajada de Panam\u00e1 en Francia - Ambassade du Panama en France","og_image":[{"width":884,"height":1105,"url":"https:\/\/embajadadepanamaenfrancia.fr\/wp-content\/uploads\/2021\/03\/IMG_20210301_204053_380.jpg","type":"image\/jpeg"}],"twitter_card":"summary_large_image","schema":{"@context":"https:\/\/schema.org","@graph":[{"@type":"WebPage","@id":"https:\/\/embajadadepanamaenfrancia.fr\/fr\/se-issamary-sanchez-a-participe-en-tant-que-conferenciere-au-conseil-de-locde-sur-l-agenda-2030-de-developpement-durable\/","url":"https:\/\/embajadadepanamaenfrancia.fr\/fr\/se-issamary-sanchez-a-participe-en-tant-que-conferenciere-au-conseil-de-locde-sur-l-agenda-2030-de-developpement-durable\/","name":"SE Issamary Sanchez a particip\u00e9 en tant que conf\u00e9renci\u00e8re au Conseil de l'OCDE sur l' agenda 2030 de d\u00e9veloppement durable. - Embajada de Panam\u00e1 en Francia - Ambassade du Panama en France","isPartOf":{"@id":"https:\/\/embajadadepanamaenfrancia.fr\/fr\/#website"},"primaryImageOfPage":{"@id":"https:\/\/embajadadepanamaenfrancia.fr\/fr\/se-issamary-sanchez-a-participe-en-tant-que-conferenciere-au-conseil-de-locde-sur-l-agenda-2030-de-developpement-durable\/#primaryimage"},"image":{"@id":"https:\/\/embajadadepanamaenfrancia.fr\/fr\/se-issamary-sanchez-a-participe-en-tant-que-conferenciere-au-conseil-de-locde-sur-l-agenda-2030-de-developpement-durable\/#primaryimage"},"thumbnailUrl":"https:\/\/embajadadepanamaenfrancia.fr\/wp-content\/uploads\/2021\/03\/IMG_20210301_204053_380.jpg","datePublished":"2021-03-01T20:18:52+00:00","dateModified":"2021-03-01T20:18:52+00:00","breadcrumb":{"@id":"https:\/\/embajadadepanamaenfrancia.fr\/fr\/se-issamary-sanchez-a-participe-en-tant-que-conferenciere-au-conseil-de-locde-sur-l-agenda-2030-de-developpement-durable\/#breadcrumb"},"inLanguage":"fr-FR","potentialAction":[{"@type":"ReadAction","target":["https:\/\/embajadadepanamaenfrancia.fr\/fr\/se-issamary-sanchez-a-participe-en-tant-que-conferenciere-au-conseil-de-locde-sur-l-agenda-2030-de-developpement-durable\/"]}]},{"@type":"ImageObject","inLanguage":"fr-FR","@id":"https:\/\/embajadadepanamaenfrancia.fr\/fr\/se-issamary-sanchez-a-participe-en-tant-que-conferenciere-au-conseil-de-locde-sur-l-agenda-2030-de-developpement-durable\/#primaryimage","url":"https:\/\/embajadadepanamaenfrancia.fr\/wp-content\/uploads\/2021\/03\/IMG_20210301_204053_380.jpg","contentUrl":"https:\/\/embajadadepanamaenfrancia.fr\/wp-content\/uploads\/2021\/03\/IMG_20210301_204053_380.jpg","width":884,"height":1105},{"@type":"BreadcrumbList","@id":"https:\/\/embajadadepanamaenfrancia.fr\/fr\/se-issamary-sanchez-a-participe-en-tant-que-conferenciere-au-conseil-de-locde-sur-l-agenda-2030-de-developpement-durable\/#breadcrumb","itemListElement":[{"@type":"ListItem","position":1,"name":"Portada","item":"https:\/\/embajadadepanamaenfrancia.fr\/fr\/"},{"@type":"ListItem","position":2,"name":"SE Issamary Sanchez a particip\u00e9 en tant que conf\u00e9renci\u00e8re au Conseil de l&#8217;OCDE sur l&#8217; agenda 2030 de d\u00e9veloppement durable."}]},{"@type":"WebSite","@id":"https:\/\/embajadadepanamaenfrancia.fr\/fr\/#website","url":"https:\/\/embajadadepanamaenfrancia.fr\/fr\/","name":"Embajada de Panam\u00e1 en Francia - Ambassade du Panama en France","description":"Bienvenido al sitio de la Embajada de Panam\u00e1 en Francia - Bienvenu \u00e0 l&#039;Ambassade du Panama en France","potentialAction":[{"@type":"SearchAction","target":{"@type":"EntryPoint","urlTemplate":"https:\/\/embajadadepanamaenfrancia.fr\/fr\/?s={search_term_string}"},"query-input":{"@type":"PropertyValueSpecification","valueRequired":true,"valueName":"search_term_string"}}],"inLanguage":"fr-FR"}]}},"_links":{"self":[{"href":"https:\/\/embajadadepanamaenfrancia.fr\/fr\/wp-json\/wp\/v2\/pages\/13107"}],"collection":[{"href":"https:\/\/embajadadepanamaenfrancia.fr\/fr\/wp-json\/wp\/v2\/pages"}],"about":[{"href":"https:\/\/embajadadepanamaenfrancia.fr\/fr\/wp-json\/wp\/v2\/types\/page"}],"author":[{"embeddable":true,"href":"https:\/\/embajadadepanamaenfrancia.fr\/fr\/wp-json\/wp\/v2\/users\/6"}],"replies":[{"embeddable":true,"href":"https:\/\/embajadadepanamaenfrancia.fr\/fr\/wp-json\/wp\/v2\/comments?post=13107"}],"version-history":[{"count":1,"href":"https:\/\/embajadadepanamaenfrancia.fr\/fr\/wp-json\/wp\/v2\/pages\/13107\/revisions"}],"predecessor-version":[{"id":13108,"href":"https:\/\/embajadadepanamaenfrancia.fr\/fr\/wp-json\/wp\/v2\/pages\/13107\/revisions\/13108"}],"wp:featuredmedia":[{"embeddable":true,"href":"https:\/\/embajadadepanamaenfrancia.fr\/fr\/wp-json\/wp\/v2\/media\/13104"}],"wp:attachment":[{"href":"https:\/\/embajadadepanamaenfrancia.fr\/fr\/wp-json\/wp\/v2\/media?parent=13107"}],"curies":[{"name":"wp","href":"https:\/\/api.w.org\/{rel}","templated":true}]}}