{"id":605,"date":"2016-01-28T10:57:17","date_gmt":"2016-01-28T10:57:17","guid":{"rendered":"https:\/\/2020.embajadadepanamaenfrancia.fr\/?page_id=605"},"modified":"2022-07-02T12:48:05","modified_gmt":"2022-07-02T10:48:05","slug":"panama","status":"publish","type":"page","link":"https:\/\/embajadadepanamaenfrancia.fr\/fr\/panama\/","title":{"rendered":"Panama"},"content":{"rendered":"<p>[et_pb_section fb_built=\u00a0\u00bb1&Prime; admin_label=\u00a0\u00bbsection\u00a0\u00bb _builder_version=\u00a0\u00bb3.22&Prime; hover_enabled=\u00a0\u00bb0&Prime; sticky_enabled=\u00a0\u00bb0&Prime;][et_pb_row admin_label=\u00a0\u00bbrow\u00a0\u00bb _builder_version=\u00a0\u00bb3.25&Prime; background_size=\u00a0\u00bbinitial\u00a0\u00bb background_position=\u00a0\u00bbtop_left\u00a0\u00bb background_repeat=\u00a0\u00bbrepeat\u00a0\u00bb][et_pb_column type=\u00a0\u00bb4_4&Prime; _builder_version=\u00a0\u00bb3.25&Prime; custom_padding=\u00a0\u00bb|||\u00a0\u00bb custom_padding__hover=\u00a0\u00bb|||\u00a0\u00bb][et_pb_text admin_label=\u00a0\u00bbTexto\u00a0\u00bb _builder_version=\u00a0\u00bb3.27.4&Prime; background_size=\u00a0\u00bbinitial\u00a0\u00bb background_position=\u00a0\u00bbtop_left\u00a0\u00bb background_repeat=\u00a0\u00bbrepeat\u00a0\u00bb hover_enabled=\u00a0\u00bb0&Prime; use_border_color=\u00a0\u00bboff\u00a0\u00bb border_color=\u00a0\u00bb#ffffff\u00a0\u00bb border_style=\u00a0\u00bbsolid\u00a0\u00bb sticky_enabled=\u00a0\u00bb0&Prime;]<\/p>\n<h3>INFORMATION G\u00c9N\u00c9RALE<\/h3>\n<p>Le nom officiel du pays est R\u00e9publique du Panama et il est situ\u00e9 \u00e0 l\u2019extr\u00eame sud de l\u2019Am\u00e9rique centrale. Il partage ses fronti\u00e8res avec les R\u00e9publiques du Costa Rica et de la Colombie, avec une superficie terrestre de 75.517 km2 et 2.490 km2 c\u00f4tes de l\u2019oc\u00e9an Pacifique et de la mer des Cara\u00efbes.<br \/>\n[\/et_pb_text][et_pb_video src=\u00a0\u00bb\/wp-content\/uploads\/2016\/02\/PANAMA.mp4&Prime; image_src=\u00a0\u00bbhttps:\/\/2020.embajadadepanamaenfrancia.fr\/wp-content\/uploads\/2016\/01\/video-panama.jpg\u00a0\u00bb admin_label=\u00a0\u00bbV\u00eddeo\u00a0\u00bb _builder_version=\u00a0\u00bb3.0.47&Prime;] [\/et_pb_video][et_pb_text admin_label=\u00a0\u00bbTexto\u00a0\u00bb _builder_version=\u00a0\u00bb4.8.1&Prime; background_size=\u00a0\u00bbinitial\u00a0\u00bb background_position=\u00a0\u00bbtop_left\u00a0\u00bb background_repeat=\u00a0\u00bbrepeat\u00a0\u00bb hover_enabled=\u00a0\u00bb0&Prime; use_border_color=\u00a0\u00bboff\u00a0\u00bb border_color=\u00a0\u00bb#ffffff\u00a0\u00bb border_style=\u00a0\u00bbsolid\u00a0\u00bb sticky_enabled=\u00a0\u00bb0&Prime;]<\/p>\n<p style=\"text-align: justify;\">Dot\u00e9 d\u2019un climat tropical, sa temp\u00e9rature est uniforme tout au long de l\u2019ann\u00e9e d\u2019une moyenne de 27\u00baC.<\/p>\n<p style=\"text-align: justify;\">Son territoire se divise en neuf provinces et cinq comarques indig\u00e8nes.<\/p>\n<p style=\"text-align: justify;\">La capitale se trouve dans la province de Panama et s\u2019appelle ville de Panama. Elle est le principal point de d\u00e9part pour n\u2019importe quelle destination \u00e0 l\u2019int\u00e9rieur et \u00e0 l\u2019ext\u00e9rieur du pays. Actuellement, elle est la ville la plus moderne d\u2019Am\u00e9rique centrale.<\/p>\n<p style=\"text-align: justify;\">Sa population est de 3.322,576 habitants, la langue officielle est l\u2019espagnol. N\u00e9anmoins, l\u2019anglais est devenu une exigence pour la comp\u00e9titivit\u00e9 professionnelle qui est compris et parl\u00e9 par une grande partie de la population.<\/p>\n<p style=\"text-align: justify;\">La religion catholique est la plus amplement pratiqu\u00e9e quand bien m\u00eame le Panama a su se distinguer historiquement par une tol\u00e9rance naturelle d\u2019autres religions, races et ethnies. Au Panama, vivent ensemble des descendants principalement hispaniques et afro antillais mais aussi d\u2019autres communaut\u00e9s tr\u00e8s prosp\u00e8res constitu\u00e9es par les h\u00e9breux, les hindoues, arabes, grecs, italiens.<\/p>\n<p style=\"text-align: justify;\">Le pays a un syst\u00e8me gouvernemental d\u00e9mocratique. Des \u00e9lections au suffrage universel ont lieu tous les cinq ans. Son Excellence Laurentino Cortizo Cohen a \u00e9t\u00e9 \u00e9lu Pr\u00e9sident de la R\u00e9publique en 2020 et dirigera le pays jusqu\u2019en 2024.<\/p>\n<p>[\/et_pb_text][et_pb_image src=\u00a0\u00bbhttps:\/\/2020.embajadadepanamaenfrancia.fr\/wp-content\/uploads\/2016\/01\/panama.jpg\u00a0\u00bb show_in_lightbox=\u00a0\u00bbon\u00a0\u00bb align_tablet=\u00a0\u00bbcenter\u00a0\u00bb align_phone=\u00a0\u00bb\u00a0\u00bb align_last_edited=\u00a0\u00bbon|desktop\u00a0\u00bb admin_label=\u00a0\u00bbImagen\u00a0\u00bb _builder_version=\u00a0\u00bb3.23&Prime; use_border_color=\u00a0\u00bboff\u00a0\u00bb border_color=\u00a0\u00bb#ffffff\u00a0\u00bb border_style=\u00a0\u00bbsolid\u00a0\u00bb animation=\u00a0\u00bboff\u00a0\u00bb sticky=\u00a0\u00bboff\u00a0\u00bb always_center_on_mobile=\u00a0\u00bbon\u00a0\u00bb] [\/et_pb_image][et_pb_text admin_label=\u00a0\u00bbTexto\u00a0\u00bb _builder_version=\u00a0\u00bb3.27.4&Prime; background_size=\u00a0\u00bbinitial\u00a0\u00bb background_position=\u00a0\u00bbtop_left\u00a0\u00bb background_repeat=\u00a0\u00bbrepeat\u00a0\u00bb use_border_color=\u00a0\u00bboff\u00a0\u00bb border_color=\u00a0\u00bb#ffffff\u00a0\u00bb border_style=\u00a0\u00bbsolid\u00a0\u00bb]<\/p>\n<p style=\"text-align: justify;\">Le Balboa est l\u2019unit\u00e9 mon\u00e9taire du pays en parit\u00e9 avec le dollar des Etats-Unis. L\u2019\u00e9conomie panam\u00e9enne est totalement dollaris\u00e9e depuis 1904. Le dollar circule librement dans toutes les transactions \u00e0 l\u2019int\u00e9rieur du pays.<\/p>\n<p style=\"text-align: justify;\">Les jours les plus importants pour les panam\u00e9ens sont :<\/p>\n<ul>\n<li style=\"text-align: justify;\">1er janvier (Nouvel an)<\/li>\n<li style=\"text-align: justify;\">9 janvier (Jour des martyrs)<\/li>\n<li style=\"text-align: justify;\">Carnaval et Semaine Sainte (jours amovibles)<\/li>\n<li style=\"text-align: justify;\">1er mai (Jour du travail)<\/li>\n<li style=\"text-align: justify;\">15 ao\u00fbt (Fondation de la ville de Panama)<\/li>\n<li style=\"text-align: justify;\">3 novembre (s\u00e9paration du Panama de la Colombie)<\/li>\n<li style=\"text-align: justify;\">4 novembre (jour du drapeau)<\/li>\n<li style=\"text-align: justify;\">5 novembre (ind\u00e9pendance de la province de Colon)<\/li>\n<li style=\"text-align: justify;\">10 novembre (premier cri d\u2019ind\u00e9pence de la Villa de los Santos)<\/li>\n<li style=\"text-align: justify;\">28 novembre (Ind\u00e9pendance du Panama de l\u2019Espagne)<\/li>\n<li style=\"text-align: justify;\">8\u00a0 d\u00e9cembre (F\u00eate des m\u00e8res)<\/li>\n<li style=\"text-align: justify;\">25 d\u00e9cembre (No\u00ebl)<\/li>\n<\/ul>\n<p>[\/et_pb_text][\/et_pb_column][\/et_pb_row][\/et_pb_section]<\/p>\n","protected":false},"excerpt":{"rendered":"<p>INFORMATION G\u00c9N\u00c9RALE Le nom officiel du pays est R\u00e9publique du Panama et il est situ\u00e9 \u00e0 l\u2019extr\u00eame sud de l\u2019Am\u00e9rique centrale. Il partage ses fronti\u00e8res avec les R\u00e9publiques du Costa Rica et de la Colombie, avec une superficie terrestre de 75.517 km2 et 2.490 km2 c\u00f4tes de l\u2019oc\u00e9an Pacifique et de la mer des Cara\u00efbes. [&hellip;]<\/p>\n","protected":false},"author":4,"featured_media":0,"parent":0,"menu_order":0,"comment_status":"closed","ping_status":"closed","template":"","meta":{"_et_pb_use_builder":"on","_et_pb_old_content":"<h3>Information g\u00e9n\u00e9rale<\/h3><p>Le nom officiel du pays est R\u00e9publique du Panama et il est situ\u00e9 \u00e0 l\u2019extr\u00eame sud de l\u2019Am\u00e9rique centrale. Il partage ses fronti\u00e8res avec les R\u00e9publiques du Costa Rica et de la Colombie, avec une superficie terrestre de 75.517 km2 et 2.490 km2 c\u00f4tes de l\u2019oc\u00e9an Pacifique et de la mer des Cara\u00efbes.<\/p><p><img class=\"aligncenter wp-image-1059 size-full\" src=\"https:\/\/2020.embajadadepanamaenfrancia.fr\/wp-content\/uploads\/2016\/01\/basic-head.jpg\" alt=\"Ciudad de Panam\u00e1\" width=\"1920\" height=\"640\" \/><\/p><p>Dot\u00e9 d\u2019un climat tropical, sa temp\u00e9rature est uniforme tout au long de l\u2019ann\u00e9e d\u2019une moyenne de 27\u00baC.<\/p><p>Son territoire se divise en neuf provinces et cinq comarques indig\u00e8nes.<\/p><p>La capitale se trouve dans la province de Panama et s\u2019appelle ville de Panama. Elle est le principal point de d\u00e9part pour n\u2019importe quelle destination \u00e0 l\u2019int\u00e9rieur et \u00e0 l\u2019ext\u00e9rieur du pays. Actuellement, elle est la ville la plus moderne d\u2019Am\u00e9rique centrale.<\/p><p>Sa population est de 3.322,576 habitants, la langue officielle est l\u2019espagnol. N\u00e9anmoins, l\u2019anglais est devenu une exigence pour la comp\u00e9titivit\u00e9 professionnelle qui est compris et parl\u00e9 par une grande partie de la population.<\/p><p>La religion catholique est la plus amplement pratiqu\u00e9e quand bien m\u00eame le Panama a su se distinguer historiquement par une tol\u00e9rance naturelle d\u2019autres religions, races et ethnies. Au Panama, vivent ensemble des descendants principalement hispaniques et afro antillais mais aussi d\u2019autres communaut\u00e9s tr\u00e8s prosp\u00e8res constitu\u00e9es par les h\u00e9breux, les hindoues, arabes, grecs, italiens.<\/p><p>Le pays a un syst\u00e8me gouvernemental d\u00e9mocratique. Des \u00e9lections au suffrage universel ont lieu tous les cinq ans. Son Excellence Juan Carlos Varela a \u00e9t\u00e9 \u00e9lu Pr\u00e9sident de la R\u00e9publique en 2014 et dirigera le pays jusqu\u2019en 2019.<\/p><p><img class=\"aligncenter size-full wp-image-1084\" src=\"https:\/\/2020.embajadadepanamaenfrancia.fr\/wp-content\/uploads\/2016\/01\/panama.jpg\" alt=\"panama\" width=\"1293\" height=\"646\" \/><\/p><p>\u00a0<\/p><p>Le Balboa est l\u2019unit\u00e9 mon\u00e9taire du pays en parit\u00e9 avec le dollar des Etats-Unis. L\u2019\u00e9conomie panam\u00e9enne est totalement dollaris\u00e9e depuis 1904. Le dollar circule librement dans toutes les transactions \u00e0 l\u2019int\u00e9rieur du pays.<\/p><p>Les jours les plus importants pour les panam\u00e9ens sont :<\/p><ul><li>1er janvier (Nouvel an)<\/li><li>9 janvier (Jour des martyrs)<\/li><li>Carnaval et Semaine Sainte (jours amovibles)<\/li><li>1er mai (Jour du travail)<\/li><li>15 ao\u00fbt (Fondation de la ville de Panama)<\/li><li>3 novembre (s\u00e9paration du Panama de la Colombie)<\/li><li>4 novembre (jour du drapeau)<\/li><li>5 novembre (ind\u00e9pendance de la province de Colon)<\/li><li>10 novembre (premier cri d\u2019ind\u00e9pence de la Villa de los Santos)<\/li><li>28 novembre (Ind\u00e9pendance du Panama de l\u2019Espagne)<\/li><li>8\u00a0 d\u00e9cembre (F\u00eate des m\u00e8res)<\/li><li>25 d\u00e9cembre (No\u00ebl)<\/li><\/ul>","_et_gb_content_width":"","footnotes":""},"class_list":["post-605","page","type-page","status-publish","hentry"],"yoast_head":"<!-- This site is optimized with the Yoast SEO plugin v23.6 - https:\/\/yoast.com\/wordpress\/plugins\/seo\/ -->\n<title>Panama - Embajada de Panam\u00e1 en Francia - Ambassade du Panama en France<\/title>\n<meta name=\"robots\" content=\"index, follow, max-snippet:-1, max-image-preview:large, max-video-preview:-1\" \/>\n<link rel=\"canonical\" href=\"https:\/\/embajadadepanamaenfrancia.fr\/fr\/panama\/\" \/>\n<meta property=\"og:locale\" content=\"fr_FR\" \/>\n<meta property=\"og:type\" content=\"article\" \/>\n<meta property=\"og:title\" content=\"Panama - Embajada de Panam\u00e1 en Francia - Ambassade du Panama en France\" \/>\n<meta property=\"og:description\" content=\"INFORMATION G\u00c9N\u00c9RALE Le nom officiel du pays est R\u00e9publique du Panama et il est situ\u00e9 \u00e0 l\u2019extr\u00eame sud de l\u2019Am\u00e9rique centrale. Il partage ses fronti\u00e8res avec les R\u00e9publiques du Costa Rica et de la Colombie, avec une superficie terrestre de 75.517 km2 et 2.490 km2 c\u00f4tes de l\u2019oc\u00e9an Pacifique et de la mer des Cara\u00efbes. [&hellip;]\" \/>\n<meta property=\"og:url\" content=\"https:\/\/embajadadepanamaenfrancia.fr\/fr\/panama\/\" \/>\n<meta property=\"og:site_name\" content=\"Embajada de Panam\u00e1 en Francia - Ambassade du Panama en France\" \/>\n<meta property=\"article:modified_time\" content=\"2022-07-02T10:48:05+00:00\" \/>\n<meta name=\"twitter:card\" content=\"summary_large_image\" \/>\n<meta name=\"twitter:label1\" content=\"Dur\u00e9e de lecture estim\u00e9e\" \/>\n\t<meta name=\"twitter:data1\" content=\"3 minutes\" \/>\n<script type=\"application\/ld+json\" class=\"yoast-schema-graph\">{\"@context\":\"https:\/\/schema.org\",\"@graph\":[{\"@type\":\"WebPage\",\"@id\":\"https:\/\/embajadadepanamaenfrancia.fr\/fr\/panama\/\",\"url\":\"https:\/\/embajadadepanamaenfrancia.fr\/fr\/panama\/\",\"name\":\"Panama - Embajada de Panam\u00e1 en Francia - Ambassade du Panama en France\",\"isPartOf\":{\"@id\":\"https:\/\/embajadadepanamaenfrancia.fr\/fr\/#website\"},\"datePublished\":\"2016-01-28T10:57:17+00:00\",\"dateModified\":\"2022-07-02T10:48:05+00:00\",\"breadcrumb\":{\"@id\":\"https:\/\/embajadadepanamaenfrancia.fr\/fr\/panama\/#breadcrumb\"},\"inLanguage\":\"fr-FR\",\"potentialAction\":[{\"@type\":\"ReadAction\",\"target\":[\"https:\/\/embajadadepanamaenfrancia.fr\/fr\/panama\/\"]}]},{\"@type\":\"BreadcrumbList\",\"@id\":\"https:\/\/embajadadepanamaenfrancia.fr\/fr\/panama\/#breadcrumb\",\"itemListElement\":[{\"@type\":\"ListItem\",\"position\":1,\"name\":\"Portada\",\"item\":\"https:\/\/embajadadepanamaenfrancia.fr\/fr\/\"},{\"@type\":\"ListItem\",\"position\":2,\"name\":\"Panama\"}]},{\"@type\":\"WebSite\",\"@id\":\"https:\/\/embajadadepanamaenfrancia.fr\/fr\/#website\",\"url\":\"https:\/\/embajadadepanamaenfrancia.fr\/fr\/\",\"name\":\"Embajada de Panam\u00e1 en Francia - Ambassade du Panama en France\",\"description\":\"Bienvenido al sitio de la Embajada de Panam\u00e1 en Francia - Bienvenu \u00e0 l&#039;Ambassade du Panama en France\",\"potentialAction\":[{\"@type\":\"SearchAction\",\"target\":{\"@type\":\"EntryPoint\",\"urlTemplate\":\"https:\/\/embajadadepanamaenfrancia.fr\/fr\/?s={search_term_string}\"},\"query-input\":{\"@type\":\"PropertyValueSpecification\",\"valueRequired\":true,\"valueName\":\"search_term_string\"}}],\"inLanguage\":\"fr-FR\"}]}<\/script>\n<!-- \/ Yoast SEO plugin. -->","yoast_head_json":{"title":"Panama - Embajada de Panam\u00e1 en Francia - Ambassade du Panama en France","robots":{"index":"index","follow":"follow","max-snippet":"max-snippet:-1","max-image-preview":"max-image-preview:large","max-video-preview":"max-video-preview:-1"},"canonical":"https:\/\/embajadadepanamaenfrancia.fr\/fr\/panama\/","og_locale":"fr_FR","og_type":"article","og_title":"Panama - Embajada de Panam\u00e1 en Francia - Ambassade du Panama en France","og_description":"INFORMATION G\u00c9N\u00c9RALE Le nom officiel du pays est R\u00e9publique du Panama et il est situ\u00e9 \u00e0 l\u2019extr\u00eame sud de l\u2019Am\u00e9rique centrale. Il partage ses fronti\u00e8res avec les R\u00e9publiques du Costa Rica et de la Colombie, avec une superficie terrestre de 75.517 km2 et 2.490 km2 c\u00f4tes de l\u2019oc\u00e9an Pacifique et de la mer des Cara\u00efbes. [&hellip;]","og_url":"https:\/\/embajadadepanamaenfrancia.fr\/fr\/panama\/","og_site_name":"Embajada de Panam\u00e1 en Francia - Ambassade du Panama en France","article_modified_time":"2022-07-02T10:48:05+00:00","twitter_card":"summary_large_image","twitter_misc":{"Dur\u00e9e de lecture estim\u00e9e":"3 minutes"},"schema":{"@context":"https:\/\/schema.org","@graph":[{"@type":"WebPage","@id":"https:\/\/embajadadepanamaenfrancia.fr\/fr\/panama\/","url":"https:\/\/embajadadepanamaenfrancia.fr\/fr\/panama\/","name":"Panama - Embajada de Panam\u00e1 en Francia - Ambassade du Panama en France","isPartOf":{"@id":"https:\/\/embajadadepanamaenfrancia.fr\/fr\/#website"},"datePublished":"2016-01-28T10:57:17+00:00","dateModified":"2022-07-02T10:48:05+00:00","breadcrumb":{"@id":"https:\/\/embajadadepanamaenfrancia.fr\/fr\/panama\/#breadcrumb"},"inLanguage":"fr-FR","potentialAction":[{"@type":"ReadAction","target":["https:\/\/embajadadepanamaenfrancia.fr\/fr\/panama\/"]}]},{"@type":"BreadcrumbList","@id":"https:\/\/embajadadepanamaenfrancia.fr\/fr\/panama\/#breadcrumb","itemListElement":[{"@type":"ListItem","position":1,"name":"Portada","item":"https:\/\/embajadadepanamaenfrancia.fr\/fr\/"},{"@type":"ListItem","position":2,"name":"Panama"}]},{"@type":"WebSite","@id":"https:\/\/embajadadepanamaenfrancia.fr\/fr\/#website","url":"https:\/\/embajadadepanamaenfrancia.fr\/fr\/","name":"Embajada de Panam\u00e1 en Francia - Ambassade du Panama en France","description":"Bienvenido al sitio de la Embajada de Panam\u00e1 en Francia - Bienvenu \u00e0 l&#039;Ambassade du Panama en France","potentialAction":[{"@type":"SearchAction","target":{"@type":"EntryPoint","urlTemplate":"https:\/\/embajadadepanamaenfrancia.fr\/fr\/?s={search_term_string}"},"query-input":{"@type":"PropertyValueSpecification","valueRequired":true,"valueName":"search_term_string"}}],"inLanguage":"fr-FR"}]}},"_links":{"self":[{"href":"https:\/\/embajadadepanamaenfrancia.fr\/fr\/wp-json\/wp\/v2\/pages\/605"}],"collection":[{"href":"https:\/\/embajadadepanamaenfrancia.fr\/fr\/wp-json\/wp\/v2\/pages"}],"about":[{"href":"https:\/\/embajadadepanamaenfrancia.fr\/fr\/wp-json\/wp\/v2\/types\/page"}],"author":[{"embeddable":true,"href":"https:\/\/embajadadepanamaenfrancia.fr\/fr\/wp-json\/wp\/v2\/users\/4"}],"replies":[{"embeddable":true,"href":"https:\/\/embajadadepanamaenfrancia.fr\/fr\/wp-json\/wp\/v2\/comments?post=605"}],"version-history":[{"count":2,"href":"https:\/\/embajadadepanamaenfrancia.fr\/fr\/wp-json\/wp\/v2\/pages\/605\/revisions"}],"predecessor-version":[{"id":15829,"href":"https:\/\/embajadadepanamaenfrancia.fr\/fr\/wp-json\/wp\/v2\/pages\/605\/revisions\/15829"}],"wp:attachment":[{"href":"https:\/\/embajadadepanamaenfrancia.fr\/fr\/wp-json\/wp\/v2\/media?parent=605"}],"curies":[{"name":"wp","href":"https:\/\/api.w.org\/{rel}","templated":true}]}}