{"id":614,"date":"2016-01-28T11:02:10","date_gmt":"2016-01-28T11:02:10","guid":{"rendered":"https:\/\/2020.embajadadepanamaenfrancia.fr\/?page_id=614"},"modified":"2025-01-24T09:43:17","modified_gmt":"2025-01-24T08:43:17","slug":"ambassade","status":"publish","type":"page","link":"https:\/\/embajadadepanamaenfrancia.fr\/fr\/ambassade\/","title":{"rendered":"Ambassade"},"content":{"rendered":"<p>[et_pb_section fb_built=\u00a0\u00bb1&Prime; admin_label=\u00a0\u00bbsection\u00a0\u00bb _builder_version=\u00a0\u00bb4.16&Prime; global_colors_info=\u00a0\u00bb{}\u00a0\u00bb][et_pb_row admin_label=\u00a0\u00bbrow\u00a0\u00bb _builder_version=\u00a0\u00bb4.16&Prime; background_size=\u00a0\u00bbinitial\u00a0\u00bb background_position=\u00a0\u00bbtop_left\u00a0\u00bb background_repeat=\u00a0\u00bbrepeat\u00a0\u00bb global_colors_info=\u00a0\u00bb{}\u00a0\u00bb][et_pb_column type=\u00a0\u00bb4_4&Prime; _builder_version=\u00a0\u00bb4.16&Prime; custom_padding=\u00a0\u00bb|||\u00a0\u00bb global_colors_info=\u00a0\u00bb{}\u00a0\u00bb custom_padding__hover=\u00a0\u00bb|||\u00a0\u00bb][et_pb_text admin_label=\u00a0\u00bbText\u00a0\u00bb _builder_version=\u00a0\u00bb4.27.2&Prime; background_size=\u00a0\u00bbinitial\u00a0\u00bb background_position=\u00a0\u00bbtop_left\u00a0\u00bb background_repeat=\u00a0\u00bbrepeat\u00a0\u00bb hover_enabled=\u00a0\u00bb0&Prime; global_colors_info=\u00a0\u00bb{}\u00a0\u00bb sticky_enabled=\u00a0\u00bb0&Prime;]<\/p>\n<p><img loading=\"lazy\" decoding=\"async\" class=\"alignnone size-full wp-image-7792\" src=\"https:\/\/embajadadepanamaenfrancia.fr\/wp-content\/uploads\/2020\/02\/embajada-panama-paris-2.jpg\" alt=\"\" width=\"2032\" height=\"1186\" srcset=\"https:\/\/embajadadepanamaenfrancia.fr\/wp-content\/uploads\/2020\/02\/embajada-panama-paris-2.jpg 2032w, https:\/\/embajadadepanamaenfrancia.fr\/wp-content\/uploads\/2020\/02\/embajada-panama-paris-2-300x175.jpg 300w, https:\/\/embajadadepanamaenfrancia.fr\/wp-content\/uploads\/2020\/02\/embajada-panama-paris-2-1024x598.jpg 1024w, https:\/\/embajadadepanamaenfrancia.fr\/wp-content\/uploads\/2020\/02\/embajada-panama-paris-2-768x448.jpg 768w, https:\/\/embajadadepanamaenfrancia.fr\/wp-content\/uploads\/2020\/02\/embajada-panama-paris-2-1536x897.jpg 1536w, https:\/\/embajadadepanamaenfrancia.fr\/wp-content\/uploads\/2020\/02\/embajada-panama-paris-2-1080x630.jpg 1080w\" sizes=\"(max-width: 2032px) 100vw, 2032px\" \/><\/p>\n<p style=\"text-align: justify;\">L\u2019Ambassade du Panama en France repr\u00e9sente la mission diplomatique permanente de notre pays. Sa fonction principale est de veiller et de prot\u00e9ger les int\u00e9r\u00eats du pays et de ses ressortissants, dans le cadre des lois internationales, et de promouvoir les relations \u00e9conomique, culturelle, politique et scientifique entre les deux Etats.<\/p>\n<p style=\"text-align: justify;\">La Mission Diplomatique comprend plusieurs d\u00e9partements:<\/p>\n<h3 style=\"padding-left: 30px; text-align: justify;\">D\u00e9partement commerce et investissement<\/h3>\n<p style=\"padding-left: 30px; text-align: justify;\">Promeut l\u2019investissement au Panama en faisant conna\u00eetre la destination, les exon\u00e9rations fiscales et sociales et les questions migratoires.<\/p>\n<p style=\"padding-left: 30px; text-align: justify;\"><a href=\"\/commerce-et-investissement\/\">En savoir plus<\/a><\/p>\n<h3 style=\"padding-left: 30px; text-align: justify;\">D\u00e9partement culturel et de coop\u00e9ration internationale<\/h3>\n<p style=\"padding-left: 30px; text-align: justify;\">Promeut l\u2019\u00e9change culturel et \u00e9ducatif afin de renforcer les liens historiques entre la France et le Panama \u00e0 travers des activit\u00e9s culturelles qui mettent en avant le talent des artistes panam\u00e9ens. Le d\u00e9partement culturel favorise les programmes de r\u00e9sidence en France pour les artistes panam\u00e9ens. En termes de coop\u00e9ration internationale, la section obtient des accords de coop\u00e9ration \u00e9conomique, technologique, culturelle et de transfert de connaissances afin de r\u00e9pondre aux besoins du Panama.<\/p>\n<p style=\"padding-left: 30px; text-align: justify;\"><a href=\"\/ambassade\/culture\/\">En savoir plus.<\/a><\/p>\n<h3 style=\"padding-left: 30px; text-align: justify;\">D\u00e9partement de tourisme<\/h3>\n<p class=\"p1\" style=\"padding-left: 30px; text-align: justify;\"><span class=\"s1\">L\u2019ambassade du Panama en France promeut le Panama comme destination touristique pour les voyageurs fran\u00e7ais d\u00e9sireux de conna\u00eetre le pays en collaboration avec l\u2019agence de communication de l\u2019Autorit\u00e9 du Tourisme du Panama.<\/span><\/p>\n<p class=\"p1\" style=\"padding-left: 30px; text-align: justify;\"><span class=\"s1\">Elle constitue le lien avec les professionnels du tourisme fran\u00e7ais dans la promotion de la destination Panama en France.<\/span><\/p>\n<p class=\"p1\" style=\"padding-left: 30px; text-align: justify;\"><a href=\"\/ambassade\/tourisme\/\">En savoir plus<\/a><\/p>\n<h3 style=\"padding-left: 30px; text-align: justify;\">Section OCDE<\/h3>\n<p class=\"p1\" style=\"padding-left: 30px; text-align: justify;\"><span class=\"s1\">La section a \u00e9t\u00e9 cr\u00e9\u00e9e en novembre 2013 suite \u00e0 l\u2019adh\u00e9sion du Panama au Centre de d\u00e9veloppement de l\u2019OCDE en juillet 2013 et elle est charg\u00e9e des relations entre la Direction G\u00e9n\u00e9rale des Relations Economiques Internationales du Minist\u00e8re des Affaires Etrang\u00e8res du Panama et l\u2019OCDE.<\/span><\/p>\n<p class=\"p1\" style=\"padding-left: 30px; text-align: justify;\"><a href=\"\/ambassade\/section-ocde\/\">En savoir plus<\/a><\/p>\n<h3 style=\"padding-left: 30px; text-align: justify;\">D\u00e9partement consulaire<\/h3>\n<p style=\"padding-left: 30px; text-align: justify;\">Donne assitance aux panam\u00e9ens qui r\u00e9sident de mani\u00e8re permanente en France ou qui se trouvent en transit dans le territoire fran\u00e7ais. Il remplit \u00e9galement une mission commerciale en assistant des investisseurs et des chefs d\u2019entreprises qui recherchent des opportunit\u00e9s d\u2019affaires au Panama.<\/p>\n<p class=\"p1\" style=\"padding-left: 30px; text-align: justify;\"><a href=\"\/seccion-consular\/\">En savoir plus<\/a><\/p>\n<p>[\/et_pb_text][\/et_pb_column][\/et_pb_row][\/et_pb_section]<\/p>\n","protected":false},"excerpt":{"rendered":"<p>L\u2019Ambassade du Panama en France repr\u00e9sente la mission diplomatique permanente de notre pays. Sa fonction principale est de veiller et de prot\u00e9ger les int\u00e9r\u00eats du pays et de ses ressortissants, dans le cadre des lois internationales, et de promouvoir les relations \u00e9conomique, culturelle, politique et scientifique entre les deux Etats. La Mission Diplomatique comprend plusieurs [&hellip;]<\/p>\n","protected":false},"author":4,"featured_media":0,"parent":0,"menu_order":0,"comment_status":"closed","ping_status":"closed","template":"","meta":{"_et_pb_use_builder":"on","_et_pb_old_content":"<img class=\"alignnone size-full wp-image-7792\" src=\"https:\/\/embajadadepanamaenfrancia.fr\/wp-content\/uploads\/2020\/02\/embajada-panama-paris-2.jpg\" alt=\"\" width=\"2032\" height=\"1186\" \/>\r\n<p style=\"text-align: justify;\">L\u2019Ambassade du Panama en France repr\u00e9sente la mission diplomatique permanente de notre pays. Sa fonction principale est de veiller et de prot\u00e9ger les int\u00e9r\u00eats du pays et de ses ressortissants, dans le cadre des lois internationales, et de promouvoir les relations \u00e9conomique, culturelle, politique et scientifique entre les deux Etats.<\/p>\r\n<p style=\"text-align: justify;\">La Mission Diplomatique comprend plusieurs d\u00e9partements:<\/p>\r\n\r\n<h3 style=\"padding-left: 30px; text-align: justify;\">D\u00e9partement commerce et investissement<\/h3>\r\n<p style=\"padding-left: 30px; text-align: justify;\">Promeut l\u2019investissement au Panama en faisant conna\u00eetre la destination, les exon\u00e9rations fiscales et sociales et les questions migratoires.<\/p>\r\n<p style=\"padding-left: 30px; text-align: justify;\"><a href=\"\/commerce-et-investissement\/\">En savoir plus<\/a><\/p>\r\n\r\n<h3 style=\"padding-left: 30px; text-align: justify;\">D\u00e9partement culturel et de coop\u00e9ration internationale<\/h3>\r\n<p style=\"padding-left: 30px; text-align: justify;\">Promeut l\u2019\u00e9change culturel et \u00e9ducatif afin de renforcer les liens historiques entre la France et le Panama \u00e0 travers des activit\u00e9s culturelles qui mettent en avant le talent des artistes panam\u00e9ens. Le d\u00e9partement culturel favorise les programmes de r\u00e9sidence en France pour les artistes panam\u00e9ens. En termes de coop\u00e9ration internationale, la section obtient des accords de coop\u00e9ration \u00e9conomique, technologique, culturelle et de transfert de connaissances afin de r\u00e9pondre aux besoins du Panama.<\/p>\r\n<p style=\"padding-left: 30px; text-align: justify;\"><a href=\"\/ambassade\/culture\/\">En savoir plus.<\/a><\/p>\r\n\r\n<h3 style=\"padding-left: 30px; text-align: justify;\">D\u00e9partement de tourisme<\/h3>\r\n<p class=\"p1\" style=\"padding-left: 30px; text-align: justify;\"><span class=\"s1\">L\u2019ambassade du Panama en France promeut le Panama comme destination touristique pour les voyageurs fran\u00e7ais d\u00e9sireux de conna\u00eetre le pays en collaboration avec l\u2019agence de communication de l\u2019Autorit\u00e9 du Tourisme du Panama.<\/span><\/p>\r\n<p class=\"p1\" style=\"padding-left: 30px; text-align: justify;\"><span class=\"s1\">Elle constitue le lien avec les professionnels du tourisme fran\u00e7ais dans la promotion de la destination Panama en France.<\/span><\/p>\r\n<p class=\"p1\" style=\"padding-left: 30px; text-align: justify;\"><a href=\"\/ambassade\/tourisme\/\">En savoir plus<\/a><\/p>\r\n\r\n<h3 style=\"padding-left: 30px; text-align: justify;\">Section OCDE<\/h3>\r\n<p class=\"p1\" style=\"padding-left: 30px; text-align: justify;\"><span class=\"s1\">La section a \u00e9t\u00e9 cr\u00e9\u00e9e en novembre 2013 suite \u00e0 l\u2019adh\u00e9sion du Panama au Centre de d\u00e9veloppement de l\u2019OCDE en juillet 2013 et elle est charg\u00e9e des relations entre la Direction G\u00e9n\u00e9rale des Relations Economiques Internationales du Minist\u00e8re des Affaires Etrang\u00e8res du Panama et l\u2019OCDE.<\/span><\/p>\r\n<p class=\"p1\" style=\"padding-left: 30px; text-align: justify;\"><a href=\"\/ambassade\/section-ocde\/\">En savoir plus<\/a><\/p>\r\n\r\n<h3 style=\"padding-left: 30px; text-align: justify;\">D\u00e9partement consulaire<\/h3>\r\n<p style=\"padding-left: 30px; text-align: justify;\">Donne assitance aux panam\u00e9ens qui r\u00e9sident de mani\u00e8re permanente en France ou qui se trouvent en transit dans le territoire fran\u00e7ais. Il remplit \u00e9galement une mission commerciale en assistant des investisseurs et des chefs d\u2019entreprises qui recherchent des opportunit\u00e9s d\u2019affaires au Panama.<\/p>\r\n<p class=\"p1\" style=\"padding-left: 30px; text-align: justify;\"><a href=\"\/seccion-consular\/\">En savoir plus<\/a><\/p>","_et_gb_content_width":"","footnotes":""},"class_list":["post-614","page","type-page","status-publish","hentry"],"yoast_head":"<!-- This site is optimized with the Yoast SEO plugin v23.6 - https:\/\/yoast.com\/wordpress\/plugins\/seo\/ -->\n<title>Ambassade - Embajada de Panam\u00e1 en Francia - Ambassade du Panama en France<\/title>\n<meta name=\"robots\" content=\"index, follow, max-snippet:-1, max-image-preview:large, max-video-preview:-1\" \/>\n<link rel=\"canonical\" href=\"https:\/\/embajadadepanamaenfrancia.fr\/fr\/ambassade\/\" \/>\n<meta property=\"og:locale\" content=\"fr_FR\" \/>\n<meta property=\"og:type\" content=\"article\" \/>\n<meta property=\"og:title\" content=\"Ambassade - Embajada de Panam\u00e1 en Francia - Ambassade du Panama en France\" \/>\n<meta property=\"og:description\" content=\"L\u2019Ambassade du Panama en France repr\u00e9sente la mission diplomatique permanente de notre pays. Sa fonction principale est de veiller et de prot\u00e9ger les int\u00e9r\u00eats du pays et de ses ressortissants, dans le cadre des lois internationales, et de promouvoir les relations \u00e9conomique, culturelle, politique et scientifique entre les deux Etats. La Mission Diplomatique comprend plusieurs [&hellip;]\" \/>\n<meta property=\"og:url\" content=\"https:\/\/embajadadepanamaenfrancia.fr\/fr\/ambassade\/\" \/>\n<meta property=\"og:site_name\" content=\"Embajada de Panam\u00e1 en Francia - Ambassade du Panama en France\" \/>\n<meta property=\"article:modified_time\" content=\"2025-01-24T08:43:17+00:00\" \/>\n<meta property=\"og:image\" content=\"https:\/\/embajadadepanamaenfrancia.fr\/wp-content\/uploads\/2020\/02\/embajada-panama-paris-2.jpg\" \/>\n\t<meta property=\"og:image:width\" content=\"2032\" \/>\n\t<meta property=\"og:image:height\" content=\"1186\" \/>\n\t<meta property=\"og:image:type\" content=\"image\/jpeg\" \/>\n<meta name=\"twitter:card\" content=\"summary_large_image\" \/>\n<meta name=\"twitter:label1\" content=\"Dur\u00e9e de lecture estim\u00e9e\" \/>\n\t<meta name=\"twitter:data1\" content=\"2 minutes\" \/>\n<script type=\"application\/ld+json\" class=\"yoast-schema-graph\">{\"@context\":\"https:\/\/schema.org\",\"@graph\":[{\"@type\":\"WebPage\",\"@id\":\"https:\/\/embajadadepanamaenfrancia.fr\/fr\/ambassade\/\",\"url\":\"https:\/\/embajadadepanamaenfrancia.fr\/fr\/ambassade\/\",\"name\":\"Ambassade - Embajada de Panam\u00e1 en Francia - Ambassade du Panama en France\",\"isPartOf\":{\"@id\":\"https:\/\/embajadadepanamaenfrancia.fr\/fr\/#website\"},\"primaryImageOfPage\":{\"@id\":\"https:\/\/embajadadepanamaenfrancia.fr\/fr\/ambassade\/#primaryimage\"},\"image\":{\"@id\":\"https:\/\/embajadadepanamaenfrancia.fr\/fr\/ambassade\/#primaryimage\"},\"thumbnailUrl\":\"https:\/\/embajadadepanamaenfrancia.fr\/wp-content\/uploads\/2020\/02\/embajada-panama-paris-2.jpg\",\"datePublished\":\"2016-01-28T11:02:10+00:00\",\"dateModified\":\"2025-01-24T08:43:17+00:00\",\"breadcrumb\":{\"@id\":\"https:\/\/embajadadepanamaenfrancia.fr\/fr\/ambassade\/#breadcrumb\"},\"inLanguage\":\"fr-FR\",\"potentialAction\":[{\"@type\":\"ReadAction\",\"target\":[\"https:\/\/embajadadepanamaenfrancia.fr\/fr\/ambassade\/\"]}]},{\"@type\":\"ImageObject\",\"inLanguage\":\"fr-FR\",\"@id\":\"https:\/\/embajadadepanamaenfrancia.fr\/fr\/ambassade\/#primaryimage\",\"url\":\"https:\/\/embajadadepanamaenfrancia.fr\/wp-content\/uploads\/2020\/02\/embajada-panama-paris-2.jpg\",\"contentUrl\":\"https:\/\/embajadadepanamaenfrancia.fr\/wp-content\/uploads\/2020\/02\/embajada-panama-paris-2.jpg\"},{\"@type\":\"BreadcrumbList\",\"@id\":\"https:\/\/embajadadepanamaenfrancia.fr\/fr\/ambassade\/#breadcrumb\",\"itemListElement\":[{\"@type\":\"ListItem\",\"position\":1,\"name\":\"Portada\",\"item\":\"https:\/\/embajadadepanamaenfrancia.fr\/fr\/\"},{\"@type\":\"ListItem\",\"position\":2,\"name\":\"Ambassade\"}]},{\"@type\":\"WebSite\",\"@id\":\"https:\/\/embajadadepanamaenfrancia.fr\/fr\/#website\",\"url\":\"https:\/\/embajadadepanamaenfrancia.fr\/fr\/\",\"name\":\"Embajada de Panam\u00e1 en Francia - Ambassade du Panama en France\",\"description\":\"Bienvenido al sitio de la Embajada de Panam\u00e1 en Francia - Bienvenu \u00e0 l&#039;Ambassade du Panama en France\",\"potentialAction\":[{\"@type\":\"SearchAction\",\"target\":{\"@type\":\"EntryPoint\",\"urlTemplate\":\"https:\/\/embajadadepanamaenfrancia.fr\/fr\/?s={search_term_string}\"},\"query-input\":{\"@type\":\"PropertyValueSpecification\",\"valueRequired\":true,\"valueName\":\"search_term_string\"}}],\"inLanguage\":\"fr-FR\"}]}<\/script>\n<!-- \/ Yoast SEO plugin. -->","yoast_head_json":{"title":"Ambassade - Embajada de Panam\u00e1 en Francia - Ambassade du Panama en France","robots":{"index":"index","follow":"follow","max-snippet":"max-snippet:-1","max-image-preview":"max-image-preview:large","max-video-preview":"max-video-preview:-1"},"canonical":"https:\/\/embajadadepanamaenfrancia.fr\/fr\/ambassade\/","og_locale":"fr_FR","og_type":"article","og_title":"Ambassade - Embajada de Panam\u00e1 en Francia - Ambassade du Panama en France","og_description":"L\u2019Ambassade du Panama en France repr\u00e9sente la mission diplomatique permanente de notre pays. Sa fonction principale est de veiller et de prot\u00e9ger les int\u00e9r\u00eats du pays et de ses ressortissants, dans le cadre des lois internationales, et de promouvoir les relations \u00e9conomique, culturelle, politique et scientifique entre les deux Etats. La Mission Diplomatique comprend plusieurs [&hellip;]","og_url":"https:\/\/embajadadepanamaenfrancia.fr\/fr\/ambassade\/","og_site_name":"Embajada de Panam\u00e1 en Francia - Ambassade du Panama en France","article_modified_time":"2025-01-24T08:43:17+00:00","og_image":[{"width":2032,"height":1186,"url":"https:\/\/embajadadepanamaenfrancia.fr\/wp-content\/uploads\/2020\/02\/embajada-panama-paris-2.jpg","type":"image\/jpeg"}],"twitter_card":"summary_large_image","twitter_misc":{"Dur\u00e9e de lecture estim\u00e9e":"2 minutes"},"schema":{"@context":"https:\/\/schema.org","@graph":[{"@type":"WebPage","@id":"https:\/\/embajadadepanamaenfrancia.fr\/fr\/ambassade\/","url":"https:\/\/embajadadepanamaenfrancia.fr\/fr\/ambassade\/","name":"Ambassade - Embajada de Panam\u00e1 en Francia - Ambassade du Panama en France","isPartOf":{"@id":"https:\/\/embajadadepanamaenfrancia.fr\/fr\/#website"},"primaryImageOfPage":{"@id":"https:\/\/embajadadepanamaenfrancia.fr\/fr\/ambassade\/#primaryimage"},"image":{"@id":"https:\/\/embajadadepanamaenfrancia.fr\/fr\/ambassade\/#primaryimage"},"thumbnailUrl":"https:\/\/embajadadepanamaenfrancia.fr\/wp-content\/uploads\/2020\/02\/embajada-panama-paris-2.jpg","datePublished":"2016-01-28T11:02:10+00:00","dateModified":"2025-01-24T08:43:17+00:00","breadcrumb":{"@id":"https:\/\/embajadadepanamaenfrancia.fr\/fr\/ambassade\/#breadcrumb"},"inLanguage":"fr-FR","potentialAction":[{"@type":"ReadAction","target":["https:\/\/embajadadepanamaenfrancia.fr\/fr\/ambassade\/"]}]},{"@type":"ImageObject","inLanguage":"fr-FR","@id":"https:\/\/embajadadepanamaenfrancia.fr\/fr\/ambassade\/#primaryimage","url":"https:\/\/embajadadepanamaenfrancia.fr\/wp-content\/uploads\/2020\/02\/embajada-panama-paris-2.jpg","contentUrl":"https:\/\/embajadadepanamaenfrancia.fr\/wp-content\/uploads\/2020\/02\/embajada-panama-paris-2.jpg"},{"@type":"BreadcrumbList","@id":"https:\/\/embajadadepanamaenfrancia.fr\/fr\/ambassade\/#breadcrumb","itemListElement":[{"@type":"ListItem","position":1,"name":"Portada","item":"https:\/\/embajadadepanamaenfrancia.fr\/fr\/"},{"@type":"ListItem","position":2,"name":"Ambassade"}]},{"@type":"WebSite","@id":"https:\/\/embajadadepanamaenfrancia.fr\/fr\/#website","url":"https:\/\/embajadadepanamaenfrancia.fr\/fr\/","name":"Embajada de Panam\u00e1 en Francia - Ambassade du Panama en France","description":"Bienvenido al sitio de la Embajada de Panam\u00e1 en Francia - Bienvenu \u00e0 l&#039;Ambassade du Panama en France","potentialAction":[{"@type":"SearchAction","target":{"@type":"EntryPoint","urlTemplate":"https:\/\/embajadadepanamaenfrancia.fr\/fr\/?s={search_term_string}"},"query-input":{"@type":"PropertyValueSpecification","valueRequired":true,"valueName":"search_term_string"}}],"inLanguage":"fr-FR"}]}},"_links":{"self":[{"href":"https:\/\/embajadadepanamaenfrancia.fr\/fr\/wp-json\/wp\/v2\/pages\/614"}],"collection":[{"href":"https:\/\/embajadadepanamaenfrancia.fr\/fr\/wp-json\/wp\/v2\/pages"}],"about":[{"href":"https:\/\/embajadadepanamaenfrancia.fr\/fr\/wp-json\/wp\/v2\/types\/page"}],"author":[{"embeddable":true,"href":"https:\/\/embajadadepanamaenfrancia.fr\/fr\/wp-json\/wp\/v2\/users\/4"}],"replies":[{"embeddable":true,"href":"https:\/\/embajadadepanamaenfrancia.fr\/fr\/wp-json\/wp\/v2\/comments?post=614"}],"version-history":[{"count":9,"href":"https:\/\/embajadadepanamaenfrancia.fr\/fr\/wp-json\/wp\/v2\/pages\/614\/revisions"}],"predecessor-version":[{"id":19298,"href":"https:\/\/embajadadepanamaenfrancia.fr\/fr\/wp-json\/wp\/v2\/pages\/614\/revisions\/19298"}],"wp:attachment":[{"href":"https:\/\/embajadadepanamaenfrancia.fr\/fr\/wp-json\/wp\/v2\/media?parent=614"}],"curies":[{"name":"wp","href":"https:\/\/api.w.org\/{rel}","templated":true}]}}