{"id":616,"date":"2016-01-28T11:03:34","date_gmt":"2016-01-28T11:03:34","guid":{"rendered":"https:\/\/2020.embajadadepanamaenfrancia.fr\/?page_id=616"},"modified":"2025-01-27T22:29:53","modified_gmt":"2025-01-27T21:29:53","slug":"commerce","status":"publish","type":"page","link":"https:\/\/embajadadepanamaenfrancia.fr\/fr\/ambassade\/commerce\/","title":{"rendered":"Commerce"},"content":{"rendered":"<p style=\"text-align: justify;\">Un projet entrepreneurial s\u00e9rieux et coh\u00e9rent a toute sa place au Panama dans une \u00e9conomie qui b\u00e9n\u00e9ficie d\u2019une croissance moyenne de 10%: tourisme, audiovisuel, entreprise manufacturi\u00e8re, d\u2019assemblage, traitement de produits finis ou semi-finis, haute technologie, import\/export, services, etc. B\u00e9n\u00e9ficiez des lois adopt\u00e9es pour la promotion de l\u2019investissement direct \u00e9tranger.<\/p>\n<p>&nbsp;<\/p>\n<p><strong>CONTACT<br \/>\n<\/strong>Consulat du Panama \u00e0 Paris<br \/>\n145, avenue de Suffren<br \/>\n75015 Paris<br \/>\nTel: + (33) 01 45 66 07 88<br \/>\nEmail: conpanamaparis@mire.gob.pa<\/p>\n<p>&nbsp;<\/p>\n<p><strong>LIENS<\/strong><\/p>\n<ul>\n<li><span class=\"s1\"><a href=\"http:\/\/www.ccfrancepanama.com\/\" target=\"_blank\" rel=\"noopener\">Chambre de Commerce Franco-Panam\u00e9enne<\/a><\/span><\/li>\n<li><strong><a href=\"http:\/\/proinvex.mici.gob.pa\/\" target=\"_blank\" rel=\"noopener\">PROINVEX<\/a>\u00a0<\/strong>(Panama is the ultimate destination for multinationals investing in Latin America)<\/li>\n<\/ul>\n<p>&nbsp;<\/p>\n<p>&nbsp;<\/p>\n","protected":false},"excerpt":{"rendered":"<p>Un projet entrepreneurial s\u00e9rieux et coh\u00e9rent a toute sa place au Panama dans une \u00e9conomie qui b\u00e9n\u00e9ficie d\u2019une croissance moyenne de 10%: tourisme, audiovisuel, entreprise manufacturi\u00e8re, d\u2019assemblage, traitement de produits finis ou semi-finis, haute technologie, import\/export, services, etc. B\u00e9n\u00e9ficiez des lois adopt\u00e9es pour la promotion de l\u2019investissement direct \u00e9tranger. &nbsp; CONTACT Consulat du Panama \u00e0 [&hellip;]<\/p>\n","protected":false},"author":4,"featured_media":0,"parent":614,"menu_order":0,"comment_status":"closed","ping_status":"closed","template":"","meta":{"_et_pb_use_builder":"off","_et_pb_old_content":"<p style=\"text-align: justify;\">Desarrollar un proyecto empresarial serio y coherente en Panam\u00e1 es posible en un pais cuyo promedio de crecimiento es de 10%. Las leyes adoptadas para la promoci\u00f3n de la inversi\u00f3n directa extranjera se aplican en m\u00faltiples sectores: turismo, audiovisual, empresa manufacturera, de ensamblaje, de servicios log\u00edsticos, alta tecnolog\u00eda, importaci\u00f3n y reexportaci\u00f3n, etc.<\/p><p style=\"text-align: justify;\">La Embajada de Panam\u00e1 est\u00e1 a su disposici\u00f3n para proporcionar la informaci\u00f3n sobre los incentivos fiscales, sociales y migratorios.<\/p><p>\u00a0<\/p><p><strong>Contacto<br \/> <\/strong>Mariana Pereira<br \/> Consejera comercial<br \/> 145, avenue de Suffren<br \/> 75015 Paris<br \/> Tel: + (33) 01 45 66 42 44<br \/> Email: ambassade.panama@orange.fr<\/p><p>\u00a0<\/p><p><strong>Enlace:<\/strong><\/p><ul><li><a href=\"http:\/\/www.ccfrancepanama.com\/\" target=\"_blank\">Chambre de Commerce Franco-Panam\u00e9enne<\/a><\/li><\/ul><p>\u00a0<\/p><p>\u00a0<\/p>","_et_gb_content_width":"","footnotes":""},"class_list":["post-616","page","type-page","status-publish","hentry"],"yoast_head":"<!-- This site is optimized with the Yoast SEO plugin v23.6 - https:\/\/yoast.com\/wordpress\/plugins\/seo\/ -->\n<title>Commerce - Embajada de Panam\u00e1 en Francia - Ambassade du Panama en France<\/title>\n<meta name=\"robots\" content=\"index, follow, max-snippet:-1, max-image-preview:large, max-video-preview:-1\" \/>\n<link rel=\"canonical\" href=\"https:\/\/embajadadepanamaenfrancia.fr\/fr\/ambassade\/commerce\/\" \/>\n<meta property=\"og:locale\" content=\"fr_FR\" \/>\n<meta property=\"og:type\" content=\"article\" \/>\n<meta property=\"og:title\" content=\"Commerce - Embajada de Panam\u00e1 en Francia - Ambassade du Panama en France\" \/>\n<meta property=\"og:description\" content=\"Un projet entrepreneurial s\u00e9rieux et coh\u00e9rent a toute sa place au Panama dans une \u00e9conomie qui b\u00e9n\u00e9ficie d\u2019une croissance moyenne de 10%: tourisme, audiovisuel, entreprise manufacturi\u00e8re, d\u2019assemblage, traitement de produits finis ou semi-finis, haute technologie, import\/export, services, etc. B\u00e9n\u00e9ficiez des lois adopt\u00e9es pour la promotion de l\u2019investissement direct \u00e9tranger. &nbsp; CONTACT Consulat du Panama \u00e0 [&hellip;]\" \/>\n<meta property=\"og:url\" content=\"https:\/\/embajadadepanamaenfrancia.fr\/fr\/ambassade\/commerce\/\" \/>\n<meta property=\"og:site_name\" content=\"Embajada de Panam\u00e1 en Francia - Ambassade du Panama en France\" \/>\n<meta property=\"article:modified_time\" content=\"2025-01-27T21:29:53+00:00\" \/>\n<meta name=\"twitter:card\" content=\"summary_large_image\" \/>\n<meta name=\"twitter:label1\" content=\"Dur\u00e9e de lecture estim\u00e9e\" \/>\n\t<meta name=\"twitter:data1\" content=\"1 minute\" \/>\n<script type=\"application\/ld+json\" class=\"yoast-schema-graph\">{\"@context\":\"https:\/\/schema.org\",\"@graph\":[{\"@type\":\"WebPage\",\"@id\":\"https:\/\/embajadadepanamaenfrancia.fr\/fr\/ambassade\/commerce\/\",\"url\":\"https:\/\/embajadadepanamaenfrancia.fr\/fr\/ambassade\/commerce\/\",\"name\":\"Commerce - Embajada de Panam\u00e1 en Francia - Ambassade du Panama en France\",\"isPartOf\":{\"@id\":\"https:\/\/embajadadepanamaenfrancia.fr\/fr\/#website\"},\"datePublished\":\"2016-01-28T11:03:34+00:00\",\"dateModified\":\"2025-01-27T21:29:53+00:00\",\"breadcrumb\":{\"@id\":\"https:\/\/embajadadepanamaenfrancia.fr\/fr\/ambassade\/commerce\/#breadcrumb\"},\"inLanguage\":\"fr-FR\",\"potentialAction\":[{\"@type\":\"ReadAction\",\"target\":[\"https:\/\/embajadadepanamaenfrancia.fr\/fr\/ambassade\/commerce\/\"]}]},{\"@type\":\"BreadcrumbList\",\"@id\":\"https:\/\/embajadadepanamaenfrancia.fr\/fr\/ambassade\/commerce\/#breadcrumb\",\"itemListElement\":[{\"@type\":\"ListItem\",\"position\":1,\"name\":\"Portada\",\"item\":\"https:\/\/embajadadepanamaenfrancia.fr\/fr\/\"},{\"@type\":\"ListItem\",\"position\":2,\"name\":\"Ambassade\",\"item\":\"https:\/\/embajadadepanamaenfrancia.fr\/fr\/embajada\/\"},{\"@type\":\"ListItem\",\"position\":3,\"name\":\"Commerce\"}]},{\"@type\":\"WebSite\",\"@id\":\"https:\/\/embajadadepanamaenfrancia.fr\/fr\/#website\",\"url\":\"https:\/\/embajadadepanamaenfrancia.fr\/fr\/\",\"name\":\"Embajada de Panam\u00e1 en Francia - Ambassade du Panama en France\",\"description\":\"Bienvenido al sitio de la Embajada de Panam\u00e1 en Francia - Bienvenu \u00e0 l&#039;Ambassade du Panama en France\",\"potentialAction\":[{\"@type\":\"SearchAction\",\"target\":{\"@type\":\"EntryPoint\",\"urlTemplate\":\"https:\/\/embajadadepanamaenfrancia.fr\/fr\/?s={search_term_string}\"},\"query-input\":{\"@type\":\"PropertyValueSpecification\",\"valueRequired\":true,\"valueName\":\"search_term_string\"}}],\"inLanguage\":\"fr-FR\"}]}<\/script>\n<!-- \/ Yoast SEO plugin. -->","yoast_head_json":{"title":"Commerce - Embajada de Panam\u00e1 en Francia - Ambassade du Panama en France","robots":{"index":"index","follow":"follow","max-snippet":"max-snippet:-1","max-image-preview":"max-image-preview:large","max-video-preview":"max-video-preview:-1"},"canonical":"https:\/\/embajadadepanamaenfrancia.fr\/fr\/ambassade\/commerce\/","og_locale":"fr_FR","og_type":"article","og_title":"Commerce - Embajada de Panam\u00e1 en Francia - Ambassade du Panama en France","og_description":"Un projet entrepreneurial s\u00e9rieux et coh\u00e9rent a toute sa place au Panama dans une \u00e9conomie qui b\u00e9n\u00e9ficie d\u2019une croissance moyenne de 10%: tourisme, audiovisuel, entreprise manufacturi\u00e8re, d\u2019assemblage, traitement de produits finis ou semi-finis, haute technologie, import\/export, services, etc. B\u00e9n\u00e9ficiez des lois adopt\u00e9es pour la promotion de l\u2019investissement direct \u00e9tranger. &nbsp; CONTACT Consulat du Panama \u00e0 [&hellip;]","og_url":"https:\/\/embajadadepanamaenfrancia.fr\/fr\/ambassade\/commerce\/","og_site_name":"Embajada de Panam\u00e1 en Francia - Ambassade du Panama en France","article_modified_time":"2025-01-27T21:29:53+00:00","twitter_card":"summary_large_image","twitter_misc":{"Dur\u00e9e de lecture estim\u00e9e":"1 minute"},"schema":{"@context":"https:\/\/schema.org","@graph":[{"@type":"WebPage","@id":"https:\/\/embajadadepanamaenfrancia.fr\/fr\/ambassade\/commerce\/","url":"https:\/\/embajadadepanamaenfrancia.fr\/fr\/ambassade\/commerce\/","name":"Commerce - Embajada de Panam\u00e1 en Francia - Ambassade du Panama en France","isPartOf":{"@id":"https:\/\/embajadadepanamaenfrancia.fr\/fr\/#website"},"datePublished":"2016-01-28T11:03:34+00:00","dateModified":"2025-01-27T21:29:53+00:00","breadcrumb":{"@id":"https:\/\/embajadadepanamaenfrancia.fr\/fr\/ambassade\/commerce\/#breadcrumb"},"inLanguage":"fr-FR","potentialAction":[{"@type":"ReadAction","target":["https:\/\/embajadadepanamaenfrancia.fr\/fr\/ambassade\/commerce\/"]}]},{"@type":"BreadcrumbList","@id":"https:\/\/embajadadepanamaenfrancia.fr\/fr\/ambassade\/commerce\/#breadcrumb","itemListElement":[{"@type":"ListItem","position":1,"name":"Portada","item":"https:\/\/embajadadepanamaenfrancia.fr\/fr\/"},{"@type":"ListItem","position":2,"name":"Ambassade","item":"https:\/\/embajadadepanamaenfrancia.fr\/fr\/embajada\/"},{"@type":"ListItem","position":3,"name":"Commerce"}]},{"@type":"WebSite","@id":"https:\/\/embajadadepanamaenfrancia.fr\/fr\/#website","url":"https:\/\/embajadadepanamaenfrancia.fr\/fr\/","name":"Embajada de Panam\u00e1 en Francia - Ambassade du Panama en France","description":"Bienvenido al sitio de la Embajada de Panam\u00e1 en Francia - Bienvenu \u00e0 l&#039;Ambassade du Panama en France","potentialAction":[{"@type":"SearchAction","target":{"@type":"EntryPoint","urlTemplate":"https:\/\/embajadadepanamaenfrancia.fr\/fr\/?s={search_term_string}"},"query-input":{"@type":"PropertyValueSpecification","valueRequired":true,"valueName":"search_term_string"}}],"inLanguage":"fr-FR"}]}},"_links":{"self":[{"href":"https:\/\/embajadadepanamaenfrancia.fr\/fr\/wp-json\/wp\/v2\/pages\/616"}],"collection":[{"href":"https:\/\/embajadadepanamaenfrancia.fr\/fr\/wp-json\/wp\/v2\/pages"}],"about":[{"href":"https:\/\/embajadadepanamaenfrancia.fr\/fr\/wp-json\/wp\/v2\/types\/page"}],"author":[{"embeddable":true,"href":"https:\/\/embajadadepanamaenfrancia.fr\/fr\/wp-json\/wp\/v2\/users\/4"}],"replies":[{"embeddable":true,"href":"https:\/\/embajadadepanamaenfrancia.fr\/fr\/wp-json\/wp\/v2\/comments?post=616"}],"version-history":[{"count":5,"href":"https:\/\/embajadadepanamaenfrancia.fr\/fr\/wp-json\/wp\/v2\/pages\/616\/revisions"}],"predecessor-version":[{"id":19331,"href":"https:\/\/embajadadepanamaenfrancia.fr\/fr\/wp-json\/wp\/v2\/pages\/616\/revisions\/19331"}],"up":[{"embeddable":true,"href":"https:\/\/embajadadepanamaenfrancia.fr\/fr\/wp-json\/wp\/v2\/pages\/614"}],"wp:attachment":[{"href":"https:\/\/embajadadepanamaenfrancia.fr\/fr\/wp-json\/wp\/v2\/media?parent=616"}],"curies":[{"name":"wp","href":"https:\/\/api.w.org\/{rel}","templated":true}]}}