{"id":620,"date":"2016-01-28T11:06:14","date_gmt":"2016-01-28T11:06:14","guid":{"rendered":"https:\/\/2020.embajadadepanamaenfrancia.fr\/?page_id=620"},"modified":"2025-01-27T22:31:49","modified_gmt":"2025-01-27T21:31:49","slug":"culture","status":"publish","type":"page","link":"https:\/\/embajadadepanamaenfrancia.fr\/fr\/ambassade\/culture\/","title":{"rendered":"Culture"},"content":{"rendered":"<p>[et_pb_section fb_built=\u00a0\u00bb1&Prime; fullwidth=\u00a0\u00bbon\u00a0\u00bb custom_padding_last_edited=\u00a0\u00bbon|desktop\u00a0\u00bb admin_label=\u00a0\u00bbsection\u00a0\u00bb _builder_version=\u00a0\u00bb4.16&Prime; background_color=\u00a0\u00bb#2e2e2e\u00a0\u00bb custom_padding_tablet=\u00a0\u00bb50px|0|50px|0&Prime; custom_padding_phone=\u00a0\u00bb\u00a0\u00bb transparent_background=\u00a0\u00bboff\u00a0\u00bb padding_mobile=\u00a0\u00bboff\u00a0\u00bb make_fullwidth=\u00a0\u00bboff\u00a0\u00bb use_custom_width=\u00a0\u00bboff\u00a0\u00bb width_unit=\u00a0\u00bbon\u00a0\u00bb global_colors_info=\u00a0\u00bb{}\u00a0\u00bb][\/et_pb_section][et_pb_section fb_built=\u00a0\u00bb1&Prime; admin_label=\u00a0\u00bbsection\u00a0\u00bb _builder_version=\u00a0\u00bb4.16&Prime; global_colors_info=\u00a0\u00bb{}\u00a0\u00bb][et_pb_row padding_mobile=\u00a0\u00bboff\u00a0\u00bb column_padding_mobile=\u00a0\u00bbon\u00a0\u00bb admin_label=\u00a0\u00bbFila\u00a0\u00bb _builder_version=\u00a0\u00bb4.16&Prime; background_size=\u00a0\u00bbinitial\u00a0\u00bb background_position=\u00a0\u00bbtop_left\u00a0\u00bb background_repeat=\u00a0\u00bbrepeat\u00a0\u00bb custom_margin_last_edited=\u00a0\u00bboff|desktop\u00a0\u00bb make_fullwidth=\u00a0\u00bboff\u00a0\u00bb use_custom_width=\u00a0\u00bboff\u00a0\u00bb width_unit=\u00a0\u00bbon\u00a0\u00bb global_colors_info=\u00a0\u00bb{}\u00a0\u00bb][et_pb_column type=\u00a0\u00bb4_4&Prime; _builder_version=\u00a0\u00bb4.16&Prime; custom_padding=\u00a0\u00bb|||\u00a0\u00bb global_colors_info=\u00a0\u00bb{}\u00a0\u00bb custom_padding__hover=\u00a0\u00bb|||\u00a0\u00bb][et_pb_divider color=\u00a0\u00bb#eaeaea\u00a0\u00bb admin_label=\u00a0\u00bbSeparador\u00a0\u00bb _builder_version=\u00a0\u00bb4.16&Prime; height=\u00a0\u00bb50px\u00a0\u00bb hide_on_mobile=\u00a0\u00bboff\u00a0\u00bb global_colors_info=\u00a0\u00bb{}\u00a0\u00bb] [\/et_pb_divider][et_pb_text admin_label=\u00a0\u00bbTexto\u00a0\u00bb _builder_version=\u00a0\u00bb4.16&Prime; background_size=\u00a0\u00bbinitial\u00a0\u00bb background_position=\u00a0\u00bbtop_left\u00a0\u00bb background_repeat=\u00a0\u00bbrepeat\u00a0\u00bb text_orientation=\u00a0\u00bbjustified\u00a0\u00bb use_border_color=\u00a0\u00bboff\u00a0\u00bb border_color=\u00a0\u00bb#ffffff\u00a0\u00bb border_style=\u00a0\u00bbsolid\u00a0\u00bb global_colors_info=\u00a0\u00bb{}\u00a0\u00bb]<\/p>\n<p>Le d\u00e9partement culturel promeut l\u2019\u00e9change culturel et \u00e9ducatif afin de renforcer les liens historiques entre la France et le Panama \u00e0 travers des activit\u00e9s culturelles qui mettent en avant le talent des artistes panam\u00e9ens. Le d\u00e9partement culturel favorise les programmes de r\u00e9sidence en France pour les artistes panam\u00e9ens.<\/p>\n<p>En <strong>mati\u00e8re audiovisuelle<\/strong>, le d\u00e9partement culturel se charge de faciliter les d\u00e9marches administratives des r\u00e9alisateurs de projets de tournage au Panama aupr\u00e8s de la\u00a0<a title=\"Commission du film du Panama du Minist\u00e8re du commerce et de l\u2019industrie.\" href=\"http:\/\/pfc.mici.gob.pa\/\" target=\"_blank\" rel=\"noopener\"><strong>Commission du film du Panama du Minist\u00e8re du commerce et de l\u2019industrie<\/strong><\/a>.<\/p>\n<p>&nbsp;<\/p>\n<p><strong>CONTACT<br \/><\/strong><span>Consulat de Panama \u00e0 Paris<\/span><br \/><span>145, avenue de Suffren<\/span><br \/><span>75015 Paris<\/span><br \/><span>Tel: + (33) 01 45 66 07 88<\/span><br \/><span>Email: conpanamaparis@mire.gob.pa<\/span><\/p>\n<p>&nbsp;<\/p>\n<p>[\/et_pb_text][\/et_pb_column][\/et_pb_row][et_pb_row admin_label=\u00a0\u00bbFila\u00a0\u00bb _builder_version=\u00a0\u00bb4.16&Prime; background_size=\u00a0\u00bbinitial\u00a0\u00bb background_position=\u00a0\u00bbtop_left\u00a0\u00bb background_repeat=\u00a0\u00bbrepeat\u00a0\u00bb global_colors_info=\u00a0\u00bb{}\u00a0\u00bb][et_pb_column type=\u00a0\u00bb4_4&Prime; _builder_version=\u00a0\u00bb4.16&Prime; custom_padding=\u00a0\u00bb|||\u00a0\u00bb global_colors_info=\u00a0\u00bb{}\u00a0\u00bb custom_padding__hover=\u00a0\u00bb|||\u00a0\u00bb][et_pb_divider color=\u00a0\u00bb#eaeaea\u00a0\u00bb admin_label=\u00a0\u00bbSeparador\u00a0\u00bb _builder_version=\u00a0\u00bb4.16&Prime; height=\u00a0\u00bb30px\u00a0\u00bb hide_on_mobile=\u00a0\u00bboff\u00a0\u00bb global_colors_info=\u00a0\u00bb{}\u00a0\u00bb] [\/et_pb_divider][\/et_pb_column][\/et_pb_row][et_pb_row column_structure=\u00a0\u00bb3_4,1_4&Prime; admin_label=\u00a0\u00bbFila\u00a0\u00bb _builder_version=\u00a0\u00bb4.16&Prime; background_size=\u00a0\u00bbinitial\u00a0\u00bb background_position=\u00a0\u00bbtop_left\u00a0\u00bb background_repeat=\u00a0\u00bbrepeat\u00a0\u00bb global_colors_info=\u00a0\u00bb{}\u00a0\u00bb][et_pb_column type=\u00a0\u00bb3_4&Prime; _builder_version=\u00a0\u00bb4.16&Prime; custom_padding=\u00a0\u00bb|||\u00a0\u00bb global_colors_info=\u00a0\u00bb{}\u00a0\u00bb custom_padding__hover=\u00a0\u00bb|||\u00a0\u00bb][et_pb_blurb title=\u00a0\u00bbFestivals, mus\u00e9es et site incontournabless\u00a0\u00bb use_icon=\u00a0\u00bbon\u00a0\u00bb font_icon=\u00a0\u00bb&#xe031;||divi||400&Prime; icon_color=\u00a0\u00bb#ffffff\u00a0\u00bb image_icon_background_color=\u00a0\u00bb#01aced\u00a0\u00bb icon_placement=\u00a0\u00bbleft\u00a0\u00bb image_icon_width=\u00a0\u00bb30&Prime; admin_label=\u00a0\u00bbEnlaces Relacionados\u00a0\u00bb _builder_version=\u00a0\u00bb4.16&Prime; header_font=\u00a0\u00bbMontserrat|on||on|\u00a0\u00bb header_font_size=\u00a0\u00bb15&Prime; body_line_height=\u00a0\u00bb1em\u00a0\u00bb background_size=\u00a0\u00bbinitial\u00a0\u00bb background_position=\u00a0\u00bbtop_left\u00a0\u00bb background_repeat=\u00a0\u00bbrepeat\u00a0\u00bb image_icon_custom_padding=\u00a0\u00bb8px|8px|8px|8px|false|false\u00a0\u00bb text_orientation=\u00a0\u00bbjustified\u00a0\u00bb animation=\u00a0\u00bboff\u00a0\u00bb border_radii_image=\u00a0\u00bbon|100%|100%|100%|100%\u00a0\u00bb use_border_color=\u00a0\u00bboff\u00a0\u00bb border_color=\u00a0\u00bb#ffffff\u00a0\u00bb border_style=\u00a0\u00bbsolid\u00a0\u00bb icon_font_size=\u00a0\u00bb30&Prime; use_circle=\u00a0\u00bbon\u00a0\u00bb circle_color=\u00a0\u00bb#01aced\u00a0\u00bb global_colors_info=\u00a0\u00bb{}\u00a0\u00bb image_icon_background_color__sticky_enabled=\u00a0\u00bb#003366&Prime; image_icon_background_color__sticky=\u00a0\u00bb#003366&Prime;]<\/p>\n<ol>\n<li><a title=\"Panama Jazz Festival\" href=\"http:\/\/www.panamajazzfestival.net\/\" target=\"_blank\" rel=\"noopener\">Panama Jazz Festival<\/a><\/li>\n<li><a title=\"Panama Film Festival\" href=\"http:\/\/iffpanama.org\/\" target=\"_blank\" rel=\"noopener\">Panama Film Festival<\/a><\/li>\n<li><a title=\"Biomuseo\" href=\"http:\/\/www.biomuseopanama.org\/\" target=\"_blank\" rel=\"noopener\">Biomuseo<\/a><\/li>\n<li><a title=\"Museo del Canal\" href=\"http:\/\/museodelcanal.com\/\" target=\"_blank\" rel=\"noopener\">Museo del Canal<\/a><\/li>\n<li><a title=\"Panama Viejo\" href=\"http:\/\/www.patronatopanamaviejo.org\/ppv2014\/es\/\" target=\"_blank\" rel=\"noopener\">Panama Viejo<\/a><\/li>\n<li><a href=\"http:\/\/www.trujillofundacion.org\/\" target=\"_blank\" rel=\"noopener\">Fundaci\u00f3n Trujillo<\/a><\/li>\n<\/ol>\n<p>&nbsp;<br \/>\n[\/et_pb_blurb][et_pb_blurb title=\u00a0\u00bbEnlaces Relacionados\u00a0\u00bb use_icon=\u00a0\u00bbon\u00a0\u00bb font_icon=\u00a0\u00bb&#xe01c;||divi||400&Prime; icon_color=\u00a0\u00bb#ffffff\u00a0\u00bb image_icon_background_color=\u00a0\u00bb#01aced\u00a0\u00bb icon_placement=\u00a0\u00bbleft\u00a0\u00bb image_icon_width=\u00a0\u00bb30&Prime; admin_label=\u00a0\u00bbEnlaces Relacionados\u00a0\u00bb _builder_version=\u00a0\u00bb4.16&Prime; header_font=\u00a0\u00bbMontserrat|on||on|\u00a0\u00bb header_font_size=\u00a0\u00bb15&Prime; body_line_height=\u00a0\u00bb1em\u00a0\u00bb background_size=\u00a0\u00bbinitial\u00a0\u00bb background_position=\u00a0\u00bbtop_left\u00a0\u00bb background_repeat=\u00a0\u00bbrepeat\u00a0\u00bb image_icon_custom_padding=\u00a0\u00bb8px|8px|8px|8px|false|false\u00a0\u00bb text_orientation=\u00a0\u00bbjustified\u00a0\u00bb animation=\u00a0\u00bboff\u00a0\u00bb border_radii_image=\u00a0\u00bbon|100%|100%|100%|100%\u00a0\u00bb use_border_color=\u00a0\u00bboff\u00a0\u00bb border_color=\u00a0\u00bb#ffffff\u00a0\u00bb border_style=\u00a0\u00bbsolid\u00a0\u00bb icon_font_size=\u00a0\u00bb30&Prime; use_circle=\u00a0\u00bbon\u00a0\u00bb circle_color=\u00a0\u00bb#01aced\u00a0\u00bb global_colors_info=\u00a0\u00bb{}\u00a0\u00bb image_icon_background_color__sticky_enabled=\u00a0\u00bb#003366&Prime; image_icon_background_color__sticky=\u00a0\u00bb#003366&Prime;]<\/p>\n<ol>\n<li><a title=\"Panama Film Commission\" href=\"http:\/\/www.inac.gob.pa\/\" target=\"_blank\" rel=\"noopener\">Instituto Nacional de Cultura<\/a><\/li>\n<li><a title=\"Panama Film Commission\" href=\"http:\/\/pfc.mici.gob.pa\/\" target=\"_blank\" rel=\"noopener\">Panama Film Commission<\/a><\/li>\n<\/ol>\n<p>[\/et_pb_blurb][\/et_pb_column][et_pb_column type=\u00a0\u00bb1_4&Prime; _builder_version=\u00a0\u00bb4.16&Prime; custom_padding=\u00a0\u00bb|||\u00a0\u00bb global_colors_info=\u00a0\u00bb{}\u00a0\u00bb custom_padding__hover=\u00a0\u00bb|||\u00a0\u00bb][\/et_pb_column][\/et_pb_row][\/et_pb_section]<\/p>\n","protected":false},"excerpt":{"rendered":"<p>Le d\u00e9partement culturel promeut l\u2019\u00e9change culturel et \u00e9ducatif afin de renforcer les liens historiques entre la France et le Panama \u00e0 travers des activit\u00e9s culturelles qui mettent en avant le talent des artistes panam\u00e9ens. Le d\u00e9partement culturel favorise les programmes de r\u00e9sidence en France pour les artistes panam\u00e9ens. En mati\u00e8re audiovisuelle, le d\u00e9partement culturel se [&hellip;]<\/p>\n","protected":false},"author":4,"featured_media":0,"parent":614,"menu_order":0,"comment_status":"closed","ping_status":"closed","template":"","meta":{"_et_pb_use_builder":"on","_et_pb_old_content":"","_et_gb_content_width":"","footnotes":""},"class_list":["post-620","page","type-page","status-publish","hentry"],"yoast_head":"<!-- This site is optimized with the Yoast SEO plugin v23.6 - https:\/\/yoast.com\/wordpress\/plugins\/seo\/ -->\n<title>Culture - Embajada de Panam\u00e1 en Francia - Ambassade du Panama en France<\/title>\n<meta name=\"robots\" content=\"index, follow, max-snippet:-1, max-image-preview:large, max-video-preview:-1\" \/>\n<link rel=\"canonical\" href=\"https:\/\/embajadadepanamaenfrancia.fr\/fr\/ambassade\/culture\/\" \/>\n<meta property=\"og:locale\" content=\"fr_FR\" \/>\n<meta property=\"og:type\" content=\"article\" \/>\n<meta property=\"og:title\" content=\"Culture - Embajada de Panam\u00e1 en Francia - Ambassade du Panama en France\" \/>\n<meta property=\"og:description\" content=\"Le d\u00e9partement culturel promeut l\u2019\u00e9change culturel et \u00e9ducatif afin de renforcer les liens historiques entre la France et le Panama \u00e0 travers des activit\u00e9s culturelles qui mettent en avant le talent des artistes panam\u00e9ens. Le d\u00e9partement culturel favorise les programmes de r\u00e9sidence en France pour les artistes panam\u00e9ens. En mati\u00e8re audiovisuelle, le d\u00e9partement culturel se [&hellip;]\" \/>\n<meta property=\"og:url\" content=\"https:\/\/embajadadepanamaenfrancia.fr\/fr\/ambassade\/culture\/\" \/>\n<meta property=\"og:site_name\" content=\"Embajada de Panam\u00e1 en Francia - Ambassade du Panama en France\" \/>\n<meta property=\"article:modified_time\" content=\"2025-01-27T21:31:49+00:00\" \/>\n<meta name=\"twitter:card\" content=\"summary_large_image\" \/>\n<meta name=\"twitter:label1\" content=\"Dur\u00e9e de lecture estim\u00e9e\" \/>\n\t<meta name=\"twitter:data1\" content=\"1 minute\" \/>\n<script type=\"application\/ld+json\" class=\"yoast-schema-graph\">{\"@context\":\"https:\/\/schema.org\",\"@graph\":[{\"@type\":\"WebPage\",\"@id\":\"https:\/\/embajadadepanamaenfrancia.fr\/fr\/ambassade\/culture\/\",\"url\":\"https:\/\/embajadadepanamaenfrancia.fr\/fr\/ambassade\/culture\/\",\"name\":\"Culture - Embajada de Panam\u00e1 en Francia - Ambassade du Panama en France\",\"isPartOf\":{\"@id\":\"https:\/\/embajadadepanamaenfrancia.fr\/fr\/#website\"},\"datePublished\":\"2016-01-28T11:06:14+00:00\",\"dateModified\":\"2025-01-27T21:31:49+00:00\",\"breadcrumb\":{\"@id\":\"https:\/\/embajadadepanamaenfrancia.fr\/fr\/ambassade\/culture\/#breadcrumb\"},\"inLanguage\":\"fr-FR\",\"potentialAction\":[{\"@type\":\"ReadAction\",\"target\":[\"https:\/\/embajadadepanamaenfrancia.fr\/fr\/ambassade\/culture\/\"]}]},{\"@type\":\"BreadcrumbList\",\"@id\":\"https:\/\/embajadadepanamaenfrancia.fr\/fr\/ambassade\/culture\/#breadcrumb\",\"itemListElement\":[{\"@type\":\"ListItem\",\"position\":1,\"name\":\"Portada\",\"item\":\"https:\/\/embajadadepanamaenfrancia.fr\/fr\/\"},{\"@type\":\"ListItem\",\"position\":2,\"name\":\"Ambassade\",\"item\":\"https:\/\/embajadadepanamaenfrancia.fr\/fr\/embajada\/\"},{\"@type\":\"ListItem\",\"position\":3,\"name\":\"Culture\"}]},{\"@type\":\"WebSite\",\"@id\":\"https:\/\/embajadadepanamaenfrancia.fr\/fr\/#website\",\"url\":\"https:\/\/embajadadepanamaenfrancia.fr\/fr\/\",\"name\":\"Embajada de Panam\u00e1 en Francia - Ambassade du Panama en France\",\"description\":\"Bienvenido al sitio de la Embajada de Panam\u00e1 en Francia - Bienvenu \u00e0 l&#039;Ambassade du Panama en France\",\"potentialAction\":[{\"@type\":\"SearchAction\",\"target\":{\"@type\":\"EntryPoint\",\"urlTemplate\":\"https:\/\/embajadadepanamaenfrancia.fr\/fr\/?s={search_term_string}\"},\"query-input\":{\"@type\":\"PropertyValueSpecification\",\"valueRequired\":true,\"valueName\":\"search_term_string\"}}],\"inLanguage\":\"fr-FR\"}]}<\/script>\n<!-- \/ Yoast SEO plugin. -->","yoast_head_json":{"title":"Culture - Embajada de Panam\u00e1 en Francia - Ambassade du Panama en France","robots":{"index":"index","follow":"follow","max-snippet":"max-snippet:-1","max-image-preview":"max-image-preview:large","max-video-preview":"max-video-preview:-1"},"canonical":"https:\/\/embajadadepanamaenfrancia.fr\/fr\/ambassade\/culture\/","og_locale":"fr_FR","og_type":"article","og_title":"Culture - Embajada de Panam\u00e1 en Francia - Ambassade du Panama en France","og_description":"Le d\u00e9partement culturel promeut l\u2019\u00e9change culturel et \u00e9ducatif afin de renforcer les liens historiques entre la France et le Panama \u00e0 travers des activit\u00e9s culturelles qui mettent en avant le talent des artistes panam\u00e9ens. Le d\u00e9partement culturel favorise les programmes de r\u00e9sidence en France pour les artistes panam\u00e9ens. En mati\u00e8re audiovisuelle, le d\u00e9partement culturel se [&hellip;]","og_url":"https:\/\/embajadadepanamaenfrancia.fr\/fr\/ambassade\/culture\/","og_site_name":"Embajada de Panam\u00e1 en Francia - Ambassade du Panama en France","article_modified_time":"2025-01-27T21:31:49+00:00","twitter_card":"summary_large_image","twitter_misc":{"Dur\u00e9e de lecture estim\u00e9e":"1 minute"},"schema":{"@context":"https:\/\/schema.org","@graph":[{"@type":"WebPage","@id":"https:\/\/embajadadepanamaenfrancia.fr\/fr\/ambassade\/culture\/","url":"https:\/\/embajadadepanamaenfrancia.fr\/fr\/ambassade\/culture\/","name":"Culture - Embajada de Panam\u00e1 en Francia - Ambassade du Panama en France","isPartOf":{"@id":"https:\/\/embajadadepanamaenfrancia.fr\/fr\/#website"},"datePublished":"2016-01-28T11:06:14+00:00","dateModified":"2025-01-27T21:31:49+00:00","breadcrumb":{"@id":"https:\/\/embajadadepanamaenfrancia.fr\/fr\/ambassade\/culture\/#breadcrumb"},"inLanguage":"fr-FR","potentialAction":[{"@type":"ReadAction","target":["https:\/\/embajadadepanamaenfrancia.fr\/fr\/ambassade\/culture\/"]}]},{"@type":"BreadcrumbList","@id":"https:\/\/embajadadepanamaenfrancia.fr\/fr\/ambassade\/culture\/#breadcrumb","itemListElement":[{"@type":"ListItem","position":1,"name":"Portada","item":"https:\/\/embajadadepanamaenfrancia.fr\/fr\/"},{"@type":"ListItem","position":2,"name":"Ambassade","item":"https:\/\/embajadadepanamaenfrancia.fr\/fr\/embajada\/"},{"@type":"ListItem","position":3,"name":"Culture"}]},{"@type":"WebSite","@id":"https:\/\/embajadadepanamaenfrancia.fr\/fr\/#website","url":"https:\/\/embajadadepanamaenfrancia.fr\/fr\/","name":"Embajada de Panam\u00e1 en Francia - Ambassade du Panama en France","description":"Bienvenido al sitio de la Embajada de Panam\u00e1 en Francia - Bienvenu \u00e0 l&#039;Ambassade du Panama en France","potentialAction":[{"@type":"SearchAction","target":{"@type":"EntryPoint","urlTemplate":"https:\/\/embajadadepanamaenfrancia.fr\/fr\/?s={search_term_string}"},"query-input":{"@type":"PropertyValueSpecification","valueRequired":true,"valueName":"search_term_string"}}],"inLanguage":"fr-FR"}]}},"_links":{"self":[{"href":"https:\/\/embajadadepanamaenfrancia.fr\/fr\/wp-json\/wp\/v2\/pages\/620"}],"collection":[{"href":"https:\/\/embajadadepanamaenfrancia.fr\/fr\/wp-json\/wp\/v2\/pages"}],"about":[{"href":"https:\/\/embajadadepanamaenfrancia.fr\/fr\/wp-json\/wp\/v2\/types\/page"}],"author":[{"embeddable":true,"href":"https:\/\/embajadadepanamaenfrancia.fr\/fr\/wp-json\/wp\/v2\/users\/4"}],"replies":[{"embeddable":true,"href":"https:\/\/embajadadepanamaenfrancia.fr\/fr\/wp-json\/wp\/v2\/comments?post=620"}],"version-history":[{"count":3,"href":"https:\/\/embajadadepanamaenfrancia.fr\/fr\/wp-json\/wp\/v2\/pages\/620\/revisions"}],"predecessor-version":[{"id":19332,"href":"https:\/\/embajadadepanamaenfrancia.fr\/fr\/wp-json\/wp\/v2\/pages\/620\/revisions\/19332"}],"up":[{"embeddable":true,"href":"https:\/\/embajadadepanamaenfrancia.fr\/fr\/wp-json\/wp\/v2\/pages\/614"}],"wp:attachment":[{"href":"https:\/\/embajadadepanamaenfrancia.fr\/fr\/wp-json\/wp\/v2\/media?parent=620"}],"curies":[{"name":"wp","href":"https:\/\/api.w.org\/{rel}","templated":true}]}}