{"id":867,"date":"2016-02-01T16:11:40","date_gmt":"2016-02-01T15:11:40","guid":{"rendered":"https:\/\/2020.embajadadepanamaenfrancia.fr\/?page_id=867"},"modified":"2025-03-10T12:41:51","modified_gmt":"2025-03-10T11:41:51","slug":"section-consulaire","status":"publish","type":"page","link":"https:\/\/embajadadepanamaenfrancia.fr\/fr\/section-consulaire\/","title":{"rendered":"Section consulaire"},"content":{"rendered":"<p style=\"font-weight: 400;\">Chers Panam\u00e9ens, ch\u00e8res Panam\u00e9ennes :<\/p>\n<p style=\"font-weight: 400;\">\n<p style=\"font-weight: 400;\">En ce moment, la section consulaire de l&rsquo;ambassade du Panama en France ne traite pas les VISAS ET LES DOSSIERS DE POLICE.<\/p>\n<p style=\"font-weight: 400;\">\n<p style=\"font-weight: 400;\">\n<p style=\"font-weight: 400;\">\n<p style=\"font-weight: 400;\">Chers Panam\u00e9ens, ch\u00e8res Panam\u00e9ennes :<\/p>\n<p style=\"font-weight: 400;\">\n<p style=\"font-weight: 400;\">La section consulaire de l&rsquo;ambassade du Panama en France informe que pour le traitement des passeports et des visas, il est indispensable que les utilisateurs, au moment d&rsquo;entrer le lien ou DHL via le web, ajoutent l&rsquo;option \u00ab Aller et Retour \u00bb ; ou manuellement.<\/p>\n<p style=\"font-weight: 400;\">\n<p style=\"font-weight: 400;\">Pour faciliter et avoir un meilleur contr\u00f4le de l&rsquo;information.<\/p>\n","protected":false},"excerpt":{"rendered":"<p>Chers Panam\u00e9ens, ch\u00e8res Panam\u00e9ennes :<\/p>\n<p>En ce moment, la section consulaire de l&rsquo;ambassade du Panama en France ne traite pas les VISAS NI LES DOSSIERS DE POLICE.<\/p>\n<p>Chers Panam\u00e9ens, ch\u00e8res Panam\u00e9ennes :<\/p>\n<p>La section consulaire de l&rsquo;ambassade du Panama en France informe que pour le traitement des passeports et des visas, il est indispensable que les utilisateurs, au moment d&rsquo;entrer le lien ou DHL via le web, ajoutent l&rsquo;option \u00ab Aller et Retour \u00bb ; ou manuellement.<\/p>\n<p>Pour faciliter et avoir un meilleur contr\u00f4le de l&rsquo;information.<\/p>\n","protected":false},"author":4,"featured_media":0,"parent":0,"menu_order":0,"comment_status":"closed","ping_status":"closed","template":"","meta":{"_et_pb_use_builder":"on","_et_pb_old_content":"","_et_gb_content_width":"","footnotes":""},"class_list":["post-867","page","type-page","status-publish","hentry"],"yoast_head":"<!-- This site is optimized with the Yoast SEO plugin v23.6 - https:\/\/yoast.com\/wordpress\/plugins\/seo\/ -->\n<title>Section consulaire - Embajada de Panam\u00e1 en Francia - Ambassade du Panama en France<\/title>\n<meta name=\"robots\" content=\"index, follow, max-snippet:-1, max-image-preview:large, max-video-preview:-1\" \/>\n<link rel=\"canonical\" href=\"https:\/\/embajadadepanamaenfrancia.fr\/fr\/section-consulaire\/\" \/>\n<meta property=\"og:locale\" content=\"fr_FR\" \/>\n<meta property=\"og:type\" content=\"article\" \/>\n<meta property=\"og:title\" content=\"Section consulaire - Embajada de Panam\u00e1 en Francia - Ambassade du Panama en France\" \/>\n<meta property=\"og:description\" content=\"Chers Panam\u00e9ens, ch\u00e8res Panam\u00e9ennes :  En ce moment, la section consulaire de l&#039;ambassade du Panama en France ne traite pas les VISAS NI LES DOSSIERS DE POLICE.    Chers Panam\u00e9ens, ch\u00e8res Panam\u00e9ennes :  La section consulaire de l&#039;ambassade du Panama en France informe que pour le traitement des passeports et des visas, il est indispensable que les utilisateurs, au moment d&#039;entrer le lien ou DHL via le web, ajoutent l&#039;option \u00ab Aller et Retour \u00bb ; ou manuellement.  Pour faciliter et avoir un meilleur contr\u00f4le de l&#039;information.\" \/>\n<meta property=\"og:url\" content=\"https:\/\/embajadadepanamaenfrancia.fr\/fr\/section-consulaire\/\" \/>\n<meta property=\"og:site_name\" content=\"Embajada de Panam\u00e1 en Francia - Ambassade du Panama en France\" \/>\n<meta property=\"article:modified_time\" content=\"2025-03-10T11:41:51+00:00\" \/>\n<meta name=\"twitter:card\" content=\"summary_large_image\" \/>\n<meta name=\"twitter:label1\" content=\"Dur\u00e9e de lecture estim\u00e9e\" \/>\n\t<meta name=\"twitter:data1\" content=\"1 minute\" \/>\n<script type=\"application\/ld+json\" class=\"yoast-schema-graph\">{\"@context\":\"https:\/\/schema.org\",\"@graph\":[{\"@type\":\"WebPage\",\"@id\":\"https:\/\/embajadadepanamaenfrancia.fr\/fr\/section-consulaire\/\",\"url\":\"https:\/\/embajadadepanamaenfrancia.fr\/fr\/section-consulaire\/\",\"name\":\"Section consulaire - Embajada de Panam\u00e1 en Francia - Ambassade du Panama en France\",\"isPartOf\":{\"@id\":\"https:\/\/embajadadepanamaenfrancia.fr\/fr\/#website\"},\"datePublished\":\"2016-02-01T15:11:40+00:00\",\"dateModified\":\"2025-03-10T11:41:51+00:00\",\"breadcrumb\":{\"@id\":\"https:\/\/embajadadepanamaenfrancia.fr\/fr\/section-consulaire\/#breadcrumb\"},\"inLanguage\":\"fr-FR\",\"potentialAction\":[{\"@type\":\"ReadAction\",\"target\":[\"https:\/\/embajadadepanamaenfrancia.fr\/fr\/section-consulaire\/\"]}]},{\"@type\":\"BreadcrumbList\",\"@id\":\"https:\/\/embajadadepanamaenfrancia.fr\/fr\/section-consulaire\/#breadcrumb\",\"itemListElement\":[{\"@type\":\"ListItem\",\"position\":1,\"name\":\"Portada\",\"item\":\"https:\/\/embajadadepanamaenfrancia.fr\/fr\/\"},{\"@type\":\"ListItem\",\"position\":2,\"name\":\"Section consulaire\"}]},{\"@type\":\"WebSite\",\"@id\":\"https:\/\/embajadadepanamaenfrancia.fr\/fr\/#website\",\"url\":\"https:\/\/embajadadepanamaenfrancia.fr\/fr\/\",\"name\":\"Embajada de Panam\u00e1 en Francia - Ambassade du Panama en France\",\"description\":\"Bienvenido al sitio de la Embajada de Panam\u00e1 en Francia - Bienvenu \u00e0 l&#039;Ambassade du Panama en France\",\"potentialAction\":[{\"@type\":\"SearchAction\",\"target\":{\"@type\":\"EntryPoint\",\"urlTemplate\":\"https:\/\/embajadadepanamaenfrancia.fr\/fr\/?s={search_term_string}\"},\"query-input\":{\"@type\":\"PropertyValueSpecification\",\"valueRequired\":true,\"valueName\":\"search_term_string\"}}],\"inLanguage\":\"fr-FR\"}]}<\/script>\n<!-- \/ Yoast SEO plugin. -->","yoast_head_json":{"title":"Section consulaire - Embajada de Panam\u00e1 en Francia - Ambassade du Panama en France","robots":{"index":"index","follow":"follow","max-snippet":"max-snippet:-1","max-image-preview":"max-image-preview:large","max-video-preview":"max-video-preview:-1"},"canonical":"https:\/\/embajadadepanamaenfrancia.fr\/fr\/section-consulaire\/","og_locale":"fr_FR","og_type":"article","og_title":"Section consulaire - Embajada de Panam\u00e1 en Francia - Ambassade du Panama en France","og_description":"Chers Panam\u00e9ens, ch\u00e8res Panam\u00e9ennes :  En ce moment, la section consulaire de l'ambassade du Panama en France ne traite pas les VISAS NI LES DOSSIERS DE POLICE.    Chers Panam\u00e9ens, ch\u00e8res Panam\u00e9ennes :  La section consulaire de l'ambassade du Panama en France informe que pour le traitement des passeports et des visas, il est indispensable que les utilisateurs, au moment d'entrer le lien ou DHL via le web, ajoutent l'option \u00ab Aller et Retour \u00bb ; ou manuellement.  Pour faciliter et avoir un meilleur contr\u00f4le de l'information.","og_url":"https:\/\/embajadadepanamaenfrancia.fr\/fr\/section-consulaire\/","og_site_name":"Embajada de Panam\u00e1 en Francia - Ambassade du Panama en France","article_modified_time":"2025-03-10T11:41:51+00:00","twitter_card":"summary_large_image","twitter_misc":{"Dur\u00e9e de lecture estim\u00e9e":"1 minute"},"schema":{"@context":"https:\/\/schema.org","@graph":[{"@type":"WebPage","@id":"https:\/\/embajadadepanamaenfrancia.fr\/fr\/section-consulaire\/","url":"https:\/\/embajadadepanamaenfrancia.fr\/fr\/section-consulaire\/","name":"Section consulaire - Embajada de Panam\u00e1 en Francia - Ambassade du Panama en France","isPartOf":{"@id":"https:\/\/embajadadepanamaenfrancia.fr\/fr\/#website"},"datePublished":"2016-02-01T15:11:40+00:00","dateModified":"2025-03-10T11:41:51+00:00","breadcrumb":{"@id":"https:\/\/embajadadepanamaenfrancia.fr\/fr\/section-consulaire\/#breadcrumb"},"inLanguage":"fr-FR","potentialAction":[{"@type":"ReadAction","target":["https:\/\/embajadadepanamaenfrancia.fr\/fr\/section-consulaire\/"]}]},{"@type":"BreadcrumbList","@id":"https:\/\/embajadadepanamaenfrancia.fr\/fr\/section-consulaire\/#breadcrumb","itemListElement":[{"@type":"ListItem","position":1,"name":"Portada","item":"https:\/\/embajadadepanamaenfrancia.fr\/fr\/"},{"@type":"ListItem","position":2,"name":"Section consulaire"}]},{"@type":"WebSite","@id":"https:\/\/embajadadepanamaenfrancia.fr\/fr\/#website","url":"https:\/\/embajadadepanamaenfrancia.fr\/fr\/","name":"Embajada de Panam\u00e1 en Francia - Ambassade du Panama en France","description":"Bienvenido al sitio de la Embajada de Panam\u00e1 en Francia - Bienvenu \u00e0 l&#039;Ambassade du Panama en France","potentialAction":[{"@type":"SearchAction","target":{"@type":"EntryPoint","urlTemplate":"https:\/\/embajadadepanamaenfrancia.fr\/fr\/?s={search_term_string}"},"query-input":{"@type":"PropertyValueSpecification","valueRequired":true,"valueName":"search_term_string"}}],"inLanguage":"fr-FR"}]}},"_links":{"self":[{"href":"https:\/\/embajadadepanamaenfrancia.fr\/fr\/wp-json\/wp\/v2\/pages\/867"}],"collection":[{"href":"https:\/\/embajadadepanamaenfrancia.fr\/fr\/wp-json\/wp\/v2\/pages"}],"about":[{"href":"https:\/\/embajadadepanamaenfrancia.fr\/fr\/wp-json\/wp\/v2\/types\/page"}],"author":[{"embeddable":true,"href":"https:\/\/embajadadepanamaenfrancia.fr\/fr\/wp-json\/wp\/v2\/users\/4"}],"replies":[{"embeddable":true,"href":"https:\/\/embajadadepanamaenfrancia.fr\/fr\/wp-json\/wp\/v2\/comments?post=867"}],"version-history":[{"count":14,"href":"https:\/\/embajadadepanamaenfrancia.fr\/fr\/wp-json\/wp\/v2\/pages\/867\/revisions"}],"predecessor-version":[{"id":19434,"href":"https:\/\/embajadadepanamaenfrancia.fr\/fr\/wp-json\/wp\/v2\/pages\/867\/revisions\/19434"}],"wp:attachment":[{"href":"https:\/\/embajadadepanamaenfrancia.fr\/fr\/wp-json\/wp\/v2\/media?parent=867"}],"curies":[{"name":"wp","href":"https:\/\/api.w.org\/{rel}","templated":true}]}}