{"id":887,"date":"2016-01-26T21:46:46","date_gmt":"2016-01-26T21:46:46","guid":{"rendered":"https:\/\/2020.embajadadepanamaenfrancia.fr\/?page_id=887"},"modified":"2025-01-27T22:34:46","modified_gmt":"2025-01-27T21:34:46","slug":"section-ocde","status":"publish","type":"page","link":"https:\/\/embajadadepanamaenfrancia.fr\/fr\/ambassade\/section-ocde\/","title":{"rendered":"Section OCDE"},"content":{"rendered":"<p style=\"text-align: justify;\">La section a \u00e9t\u00e9 cr\u00e9\u00e9e en novembre 2013 suite \u00e0 l\u2019adh\u00e9sion du Panama au Centre de d\u00e9veloppement de l\u2019OCDE en juillet 2013 et elle est charg\u00e9e des relations entre la Direction G\u00e9n\u00e9rale des Relations Economiques Internationales du Minist\u00e8re des Affaires Etrang\u00e8res du Panama et l\u2019OCDE.<\/p>\n<p>Notre ambassade constitue la d\u00e9l\u00e9gation de notre pays aupr\u00e8s de cette Entit\u00e9 et sert de lien entre la Direction g\u00e9n\u00e9rale des relations \u00e9conomiques internationales du Minist\u00e8re des affaires \u00e9trang\u00e8res du Panama et le Minist\u00e8re de l&rsquo;\u00e9conomie et des finances du Panama aupr\u00e8s de l&rsquo;OCDE.<\/p>\n<p>2021- Projet d&rsquo;appui \u00e0 la relance Covid-19 Panama &#8211; Facilit\u00e9 de d\u00e9veloppement en transition OCDE &#8211; UE.<\/p>\n<p>2021- SE Issamary S\u00e1nchez a \u00e9t\u00e9 \u00e9lu, au nom du Panama, co-pr\u00e9sident de l&rsquo;indice des institutions sociales et du genre (SIGI), sur l&rsquo;\u00e9galit\u00e9 des sexes.<\/p>\n<p>2022- SE Issamary S\u00e1nchez a \u00e9t\u00e9 \u00e9lu, au nom du Panama, co-pr\u00e9sident du Conseil d&rsquo;administration du Centre de D\u00e9veloppement.<\/p>\n<p>2022- Pr\u00e9sentation du Rapport LEO 2021 par l&rsquo;\u00e9quipe du Centre de D\u00e9veloppement de l&rsquo;OCDE au Panama, en personne.<\/p>\n<p>Https:\/\/www.laestrella.com.pa\/economia\/220512\/panama-participacion-centro-desarrollo-ocde<\/p>\n<p>&nbsp;<\/p>\n<p><strong>CONTACT<br \/>\n<\/strong>Consulat de Panama \u00e0 Paris<br \/>\n145, avenue de Suffren<br \/>\n75015 Paris<br \/>\nTel: + (33) 01 45 66 07 88<br \/>\nEmail: conpanamaparis@mire.gob.pa<\/p>\n","protected":false},"excerpt":{"rendered":"<p>La section a \u00e9t\u00e9 cr\u00e9\u00e9e en novembre 2013 suite \u00e0 l\u2019adh\u00e9sion du Panama au Centre de d\u00e9veloppement de l\u2019OCDE en juillet 2013 et elle est charg\u00e9e des relations entre la Direction G\u00e9n\u00e9rale des Relations Economiques Internationales du Minist\u00e8re des Affaires Etrang\u00e8res du Panama et l\u2019OCDE. Notre ambassade constitue la d\u00e9l\u00e9gation de notre pays aupr\u00e8s de [&hellip;]<\/p>\n","protected":false},"author":4,"featured_media":0,"parent":614,"menu_order":0,"comment_status":"closed","ping_status":"closed","template":"","meta":{"_et_pb_use_builder":"off","_et_pb_old_content":"<p>\u00a0<\/p><p>\u00a0<\/p>","_et_gb_content_width":"","footnotes":""},"class_list":["post-887","page","type-page","status-publish","hentry"],"yoast_head":"<!-- This site is optimized with the Yoast SEO plugin v23.6 - https:\/\/yoast.com\/wordpress\/plugins\/seo\/ -->\n<title>Section OCDE - Embajada de Panam\u00e1 en Francia - Ambassade du Panama en France<\/title>\n<meta name=\"robots\" content=\"index, follow, max-snippet:-1, max-image-preview:large, max-video-preview:-1\" \/>\n<link rel=\"canonical\" href=\"https:\/\/embajadadepanamaenfrancia.fr\/fr\/ambassade\/section-ocde\/\" \/>\n<meta property=\"og:locale\" content=\"fr_FR\" \/>\n<meta property=\"og:type\" content=\"article\" \/>\n<meta property=\"og:title\" content=\"Section OCDE - Embajada de Panam\u00e1 en Francia - Ambassade du Panama en France\" \/>\n<meta property=\"og:description\" content=\"La section a \u00e9t\u00e9 cr\u00e9\u00e9e en novembre 2013 suite \u00e0 l\u2019adh\u00e9sion du Panama au Centre de d\u00e9veloppement de l\u2019OCDE en juillet 2013 et elle est charg\u00e9e des relations entre la Direction G\u00e9n\u00e9rale des Relations Economiques Internationales du Minist\u00e8re des Affaires Etrang\u00e8res du Panama et l\u2019OCDE. Notre ambassade constitue la d\u00e9l\u00e9gation de notre pays aupr\u00e8s de [&hellip;]\" \/>\n<meta property=\"og:url\" content=\"https:\/\/embajadadepanamaenfrancia.fr\/fr\/ambassade\/section-ocde\/\" \/>\n<meta property=\"og:site_name\" content=\"Embajada de Panam\u00e1 en Francia - Ambassade du Panama en France\" \/>\n<meta property=\"article:modified_time\" content=\"2025-01-27T21:34:46+00:00\" \/>\n<meta name=\"twitter:card\" content=\"summary_large_image\" \/>\n<meta name=\"twitter:label1\" content=\"Dur\u00e9e de lecture estim\u00e9e\" \/>\n\t<meta name=\"twitter:data1\" content=\"1 minute\" \/>\n<script type=\"application\/ld+json\" class=\"yoast-schema-graph\">{\"@context\":\"https:\/\/schema.org\",\"@graph\":[{\"@type\":\"WebPage\",\"@id\":\"https:\/\/embajadadepanamaenfrancia.fr\/fr\/ambassade\/section-ocde\/\",\"url\":\"https:\/\/embajadadepanamaenfrancia.fr\/fr\/ambassade\/section-ocde\/\",\"name\":\"Section OCDE - Embajada de Panam\u00e1 en Francia - Ambassade du Panama en France\",\"isPartOf\":{\"@id\":\"https:\/\/embajadadepanamaenfrancia.fr\/fr\/#website\"},\"datePublished\":\"2016-01-26T21:46:46+00:00\",\"dateModified\":\"2025-01-27T21:34:46+00:00\",\"breadcrumb\":{\"@id\":\"https:\/\/embajadadepanamaenfrancia.fr\/fr\/ambassade\/section-ocde\/#breadcrumb\"},\"inLanguage\":\"fr-FR\",\"potentialAction\":[{\"@type\":\"ReadAction\",\"target\":[\"https:\/\/embajadadepanamaenfrancia.fr\/fr\/ambassade\/section-ocde\/\"]}]},{\"@type\":\"BreadcrumbList\",\"@id\":\"https:\/\/embajadadepanamaenfrancia.fr\/fr\/ambassade\/section-ocde\/#breadcrumb\",\"itemListElement\":[{\"@type\":\"ListItem\",\"position\":1,\"name\":\"Portada\",\"item\":\"https:\/\/embajadadepanamaenfrancia.fr\/fr\/\"},{\"@type\":\"ListItem\",\"position\":2,\"name\":\"Ambassade\",\"item\":\"https:\/\/embajadadepanamaenfrancia.fr\/fr\/embajada\/\"},{\"@type\":\"ListItem\",\"position\":3,\"name\":\"Section OCDE\"}]},{\"@type\":\"WebSite\",\"@id\":\"https:\/\/embajadadepanamaenfrancia.fr\/fr\/#website\",\"url\":\"https:\/\/embajadadepanamaenfrancia.fr\/fr\/\",\"name\":\"Embajada de Panam\u00e1 en Francia - Ambassade du Panama en France\",\"description\":\"Bienvenido al sitio de la Embajada de Panam\u00e1 en Francia - Bienvenu \u00e0 l&#039;Ambassade du Panama en France\",\"potentialAction\":[{\"@type\":\"SearchAction\",\"target\":{\"@type\":\"EntryPoint\",\"urlTemplate\":\"https:\/\/embajadadepanamaenfrancia.fr\/fr\/?s={search_term_string}\"},\"query-input\":{\"@type\":\"PropertyValueSpecification\",\"valueRequired\":true,\"valueName\":\"search_term_string\"}}],\"inLanguage\":\"fr-FR\"}]}<\/script>\n<!-- \/ Yoast SEO plugin. -->","yoast_head_json":{"title":"Section OCDE - Embajada de Panam\u00e1 en Francia - Ambassade du Panama en France","robots":{"index":"index","follow":"follow","max-snippet":"max-snippet:-1","max-image-preview":"max-image-preview:large","max-video-preview":"max-video-preview:-1"},"canonical":"https:\/\/embajadadepanamaenfrancia.fr\/fr\/ambassade\/section-ocde\/","og_locale":"fr_FR","og_type":"article","og_title":"Section OCDE - Embajada de Panam\u00e1 en Francia - Ambassade du Panama en France","og_description":"La section a \u00e9t\u00e9 cr\u00e9\u00e9e en novembre 2013 suite \u00e0 l\u2019adh\u00e9sion du Panama au Centre de d\u00e9veloppement de l\u2019OCDE en juillet 2013 et elle est charg\u00e9e des relations entre la Direction G\u00e9n\u00e9rale des Relations Economiques Internationales du Minist\u00e8re des Affaires Etrang\u00e8res du Panama et l\u2019OCDE. Notre ambassade constitue la d\u00e9l\u00e9gation de notre pays aupr\u00e8s de [&hellip;]","og_url":"https:\/\/embajadadepanamaenfrancia.fr\/fr\/ambassade\/section-ocde\/","og_site_name":"Embajada de Panam\u00e1 en Francia - Ambassade du Panama en France","article_modified_time":"2025-01-27T21:34:46+00:00","twitter_card":"summary_large_image","twitter_misc":{"Dur\u00e9e de lecture estim\u00e9e":"1 minute"},"schema":{"@context":"https:\/\/schema.org","@graph":[{"@type":"WebPage","@id":"https:\/\/embajadadepanamaenfrancia.fr\/fr\/ambassade\/section-ocde\/","url":"https:\/\/embajadadepanamaenfrancia.fr\/fr\/ambassade\/section-ocde\/","name":"Section OCDE - Embajada de Panam\u00e1 en Francia - Ambassade du Panama en France","isPartOf":{"@id":"https:\/\/embajadadepanamaenfrancia.fr\/fr\/#website"},"datePublished":"2016-01-26T21:46:46+00:00","dateModified":"2025-01-27T21:34:46+00:00","breadcrumb":{"@id":"https:\/\/embajadadepanamaenfrancia.fr\/fr\/ambassade\/section-ocde\/#breadcrumb"},"inLanguage":"fr-FR","potentialAction":[{"@type":"ReadAction","target":["https:\/\/embajadadepanamaenfrancia.fr\/fr\/ambassade\/section-ocde\/"]}]},{"@type":"BreadcrumbList","@id":"https:\/\/embajadadepanamaenfrancia.fr\/fr\/ambassade\/section-ocde\/#breadcrumb","itemListElement":[{"@type":"ListItem","position":1,"name":"Portada","item":"https:\/\/embajadadepanamaenfrancia.fr\/fr\/"},{"@type":"ListItem","position":2,"name":"Ambassade","item":"https:\/\/embajadadepanamaenfrancia.fr\/fr\/embajada\/"},{"@type":"ListItem","position":3,"name":"Section OCDE"}]},{"@type":"WebSite","@id":"https:\/\/embajadadepanamaenfrancia.fr\/fr\/#website","url":"https:\/\/embajadadepanamaenfrancia.fr\/fr\/","name":"Embajada de Panam\u00e1 en Francia - Ambassade du Panama en France","description":"Bienvenido al sitio de la Embajada de Panam\u00e1 en Francia - Bienvenu \u00e0 l&#039;Ambassade du Panama en France","potentialAction":[{"@type":"SearchAction","target":{"@type":"EntryPoint","urlTemplate":"https:\/\/embajadadepanamaenfrancia.fr\/fr\/?s={search_term_string}"},"query-input":{"@type":"PropertyValueSpecification","valueRequired":true,"valueName":"search_term_string"}}],"inLanguage":"fr-FR"}]}},"_links":{"self":[{"href":"https:\/\/embajadadepanamaenfrancia.fr\/fr\/wp-json\/wp\/v2\/pages\/887"}],"collection":[{"href":"https:\/\/embajadadepanamaenfrancia.fr\/fr\/wp-json\/wp\/v2\/pages"}],"about":[{"href":"https:\/\/embajadadepanamaenfrancia.fr\/fr\/wp-json\/wp\/v2\/types\/page"}],"author":[{"embeddable":true,"href":"https:\/\/embajadadepanamaenfrancia.fr\/fr\/wp-json\/wp\/v2\/users\/4"}],"replies":[{"embeddable":true,"href":"https:\/\/embajadadepanamaenfrancia.fr\/fr\/wp-json\/wp\/v2\/comments?post=887"}],"version-history":[{"count":4,"href":"https:\/\/embajadadepanamaenfrancia.fr\/fr\/wp-json\/wp\/v2\/pages\/887\/revisions"}],"predecessor-version":[{"id":19334,"href":"https:\/\/embajadadepanamaenfrancia.fr\/fr\/wp-json\/wp\/v2\/pages\/887\/revisions\/19334"}],"up":[{"embeddable":true,"href":"https:\/\/embajadadepanamaenfrancia.fr\/fr\/wp-json\/wp\/v2\/pages\/614"}],"wp:attachment":[{"href":"https:\/\/embajadadepanamaenfrancia.fr\/fr\/wp-json\/wp\/v2\/media?parent=887"}],"curies":[{"name":"wp","href":"https:\/\/api.w.org\/{rel}","templated":true}]}}