{"id":899,"date":"2016-02-01T17:02:39","date_gmt":"2016-02-01T16:02:39","guid":{"rendered":"https:\/\/2020.embajadadepanamaenfrancia.fr\/?page_id=899"},"modified":"2026-02-10T10:52:52","modified_gmt":"2026-02-10T09:52:52","slug":"renouvellement-de-passeport","status":"publish","type":"page","link":"https:\/\/embajadadepanamaenfrancia.fr\/fr\/section-consulaire\/renouvellement-de-passeport\/","title":{"rendered":"Renouvellement de passeport"},"content":{"rendered":"<p>[et_pb_section fb_built=\u00a0\u00bb1&Prime; admin_label=\u00a0\u00bbsection\u00a0\u00bb _builder_version=\u00a0\u00bb4.16&Prime; global_colors_info=\u00a0\u00bb{}\u00a0\u00bb][et_pb_row admin_label=\u00a0\u00bbrow\u00a0\u00bb _builder_version=\u00a0\u00bb4.16&Prime; background_size=\u00a0\u00bbinitial\u00a0\u00bb background_position=\u00a0\u00bbtop_left\u00a0\u00bb background_repeat=\u00a0\u00bbrepeat\u00a0\u00bb global_colors_info=\u00a0\u00bb{}\u00a0\u00bb][et_pb_column type=\u00a0\u00bb4_4&Prime; _builder_version=\u00a0\u00bb4.16&Prime; custom_padding=\u00a0\u00bb|||\u00a0\u00bb global_colors_info=\u00a0\u00bb{}\u00a0\u00bb custom_padding__hover=\u00a0\u00bb|||\u00a0\u00bb][et_pb_text admin_label=\u00a0\u00bbText\u00a0\u00bb _builder_version=\u00a0\u00bb4.16&Prime; background_size=\u00a0\u00bbinitial\u00a0\u00bb background_position=\u00a0\u00bbtop_left\u00a0\u00bb background_repeat=\u00a0\u00bbrepeat\u00a0\u00bb global_colors_info=\u00a0\u00bb{}\u00a0\u00bb]<\/p>\n<p data-start=\"0\" data-end=\"319\">Pour prendre rendez-vous et effectuer la d\u00e9marche correspondante, l\u2019usager devra contacter la Section consulaire par courrier \u00e9lectronique \u00e0 l\u2019adresse suivante : <a data-start=\"162\" data-end=\"188\" class=\"decorated-link cursor-pointer\" rel=\"noopener\">conpanamaparis@mire.gob.pa<span aria-hidden=\"true\" class=\"ms-0.5 inline-block align-middle leading-none\"><svg xmlns=\"http:\/\/www.w3.org\/2000\/svg\" width=\"20\" height=\"20\" aria-hidden=\"true\" data-rtl-flip=\"\" class=\"block h-[0.75em] w-[0.75em] stroke-current stroke-[0.75]\"><use href=\"\/cdn\/assets\/sprites-core-j9921kii.svg#304883\" fill=\"currentColor\"><\/use><\/svg><\/span><\/a>. Une fois la demande re\u00e7ue, les informations n\u00e9cessaires concernant la proc\u00e9dure et les \u00e9tapes \u00e0 suivre lui seront communiqu\u00e9es.<\/p>\n<p data-start=\"321\" data-end=\"399\">Les int\u00e9ress\u00e9s doivent se pr\u00e9senter personnellement \u00e0 la Section consulaire.<\/p>\n<p data-start=\"401\" data-end=\"487\">Les formulaires seront fournis le jour du rendez-vous afin d\u2019\u00eatre remplis sur place.<\/p>\n<p data-start=\"489\" data-end=\"709\">Le co\u00fbt est de B\/. 100,00 balboas, payable via un lien de paiement directement \u00e0 l\u2019Autorit\u00e9 des passeports. Aucun paiement n\u2019est accept\u00e9 \u00e0 la Section consulaire. Les personnes \u00e2g\u00e9es b\u00e9n\u00e9ficient d\u2019un tarif de B\/. 50,00.<\/p>\n<p data-start=\"711\" data-end=\"828\" data-is-last-node=\"\" data-is-only-node=\"\">Pour plus d\u2019informations, veuillez contacter la Section consulaire \u00e0 l\u2019adresse suivante : <a data-start=\"801\" data-end=\"827\" class=\"decorated-link cursor-pointer\" rel=\"noopener\">conpanamaparis@mire.gob.pa<\/a><\/p>\n<p>[\/et_pb_text][\/et_pb_column][\/et_pb_row][\/et_pb_section]<\/p>\n","protected":false},"excerpt":{"rendered":"<p>Pour prendre rendez-vous et effectuer la d\u00e9marche correspondante, l\u2019usager devra contacter la Section consulaire par courrier \u00e9lectronique \u00e0 l\u2019adresse suivante : conpanamaparis@mire.gob.pa. Une fois la demande re\u00e7ue, les informations n\u00e9cessaires concernant la proc\u00e9dure et les \u00e9tapes \u00e0 suivre lui seront communiqu\u00e9es. Les int\u00e9ress\u00e9s doivent se pr\u00e9senter personnellement \u00e0 la Section consulaire. Les formulaires seront fournis [&hellip;]<\/p>\n","protected":false},"author":4,"featured_media":0,"parent":867,"menu_order":0,"comment_status":"closed","ping_status":"closed","template":"","meta":{"_et_pb_use_builder":"on","_et_pb_old_content":"","_et_gb_content_width":"","footnotes":""},"class_list":["post-899","page","type-page","status-publish","hentry"],"yoast_head":"<!-- This site is optimized with the Yoast SEO plugin v23.6 - https:\/\/yoast.com\/wordpress\/plugins\/seo\/ -->\n<title>Renouvellement de passeport - Embajada de Panam\u00e1 en Francia - Ambassade du Panama en France<\/title>\n<meta name=\"robots\" content=\"index, follow, max-snippet:-1, max-image-preview:large, max-video-preview:-1\" \/>\n<link rel=\"canonical\" href=\"https:\/\/embajadadepanamaenfrancia.fr\/fr\/section-consulaire\/renouvellement-de-passeport\/\" \/>\n<meta property=\"og:locale\" content=\"fr_FR\" \/>\n<meta property=\"og:type\" content=\"article\" \/>\n<meta property=\"og:title\" content=\"Renouvellement de passeport - Embajada de Panam\u00e1 en Francia - Ambassade du Panama en France\" \/>\n<meta property=\"og:description\" content=\"Pour prendre rendez-vous et effectuer la d\u00e9marche correspondante, l\u2019usager devra contacter la Section consulaire par courrier \u00e9lectronique \u00e0 l\u2019adresse suivante : conpanamaparis@mire.gob.pa. Une fois la demande re\u00e7ue, les informations n\u00e9cessaires concernant la proc\u00e9dure et les \u00e9tapes \u00e0 suivre lui seront communiqu\u00e9es. Les int\u00e9ress\u00e9s doivent se pr\u00e9senter personnellement \u00e0 la Section consulaire. Les formulaires seront fournis [&hellip;]\" \/>\n<meta property=\"og:url\" content=\"https:\/\/embajadadepanamaenfrancia.fr\/fr\/section-consulaire\/renouvellement-de-passeport\/\" \/>\n<meta property=\"og:site_name\" content=\"Embajada de Panam\u00e1 en Francia - Ambassade du Panama en France\" \/>\n<meta property=\"article:modified_time\" content=\"2026-02-10T09:52:52+00:00\" \/>\n<meta name=\"twitter:card\" content=\"summary_large_image\" \/>\n<meta name=\"twitter:label1\" content=\"Dur\u00e9e de lecture estim\u00e9e\" \/>\n\t<meta name=\"twitter:data1\" content=\"1 minute\" \/>\n<script type=\"application\/ld+json\" class=\"yoast-schema-graph\">{\"@context\":\"https:\/\/schema.org\",\"@graph\":[{\"@type\":\"WebPage\",\"@id\":\"https:\/\/embajadadepanamaenfrancia.fr\/fr\/section-consulaire\/renouvellement-de-passeport\/\",\"url\":\"https:\/\/embajadadepanamaenfrancia.fr\/fr\/section-consulaire\/renouvellement-de-passeport\/\",\"name\":\"Renouvellement de passeport - Embajada de Panam\u00e1 en Francia - Ambassade du Panama en France\",\"isPartOf\":{\"@id\":\"https:\/\/embajadadepanamaenfrancia.fr\/fr\/#website\"},\"datePublished\":\"2016-02-01T16:02:39+00:00\",\"dateModified\":\"2026-02-10T09:52:52+00:00\",\"breadcrumb\":{\"@id\":\"https:\/\/embajadadepanamaenfrancia.fr\/fr\/section-consulaire\/renouvellement-de-passeport\/#breadcrumb\"},\"inLanguage\":\"fr-FR\",\"potentialAction\":[{\"@type\":\"ReadAction\",\"target\":[\"https:\/\/embajadadepanamaenfrancia.fr\/fr\/section-consulaire\/renouvellement-de-passeport\/\"]}]},{\"@type\":\"BreadcrumbList\",\"@id\":\"https:\/\/embajadadepanamaenfrancia.fr\/fr\/section-consulaire\/renouvellement-de-passeport\/#breadcrumb\",\"itemListElement\":[{\"@type\":\"ListItem\",\"position\":1,\"name\":\"Portada\",\"item\":\"https:\/\/embajadadepanamaenfrancia.fr\/fr\/\"},{\"@type\":\"ListItem\",\"position\":2,\"name\":\"Section consulaire\",\"item\":\"https:\/\/embajadadepanamaenfrancia.fr\/fr\/section-consulaire\/\"},{\"@type\":\"ListItem\",\"position\":3,\"name\":\"Renouvellement de passeport\"}]},{\"@type\":\"WebSite\",\"@id\":\"https:\/\/embajadadepanamaenfrancia.fr\/fr\/#website\",\"url\":\"https:\/\/embajadadepanamaenfrancia.fr\/fr\/\",\"name\":\"Embajada de Panam\u00e1 en Francia - Ambassade du Panama en France\",\"description\":\"Bienvenido al sitio de la Embajada de Panam\u00e1 en Francia - Bienvenu \u00e0 l&#039;Ambassade du Panama en France\",\"potentialAction\":[{\"@type\":\"SearchAction\",\"target\":{\"@type\":\"EntryPoint\",\"urlTemplate\":\"https:\/\/embajadadepanamaenfrancia.fr\/fr\/?s={search_term_string}\"},\"query-input\":{\"@type\":\"PropertyValueSpecification\",\"valueRequired\":true,\"valueName\":\"search_term_string\"}}],\"inLanguage\":\"fr-FR\"}]}<\/script>\n<!-- \/ Yoast SEO plugin. -->","yoast_head_json":{"title":"Renouvellement de passeport - Embajada de Panam\u00e1 en Francia - Ambassade du Panama en France","robots":{"index":"index","follow":"follow","max-snippet":"max-snippet:-1","max-image-preview":"max-image-preview:large","max-video-preview":"max-video-preview:-1"},"canonical":"https:\/\/embajadadepanamaenfrancia.fr\/fr\/section-consulaire\/renouvellement-de-passeport\/","og_locale":"fr_FR","og_type":"article","og_title":"Renouvellement de passeport - Embajada de Panam\u00e1 en Francia - Ambassade du Panama en France","og_description":"Pour prendre rendez-vous et effectuer la d\u00e9marche correspondante, l\u2019usager devra contacter la Section consulaire par courrier \u00e9lectronique \u00e0 l\u2019adresse suivante : conpanamaparis@mire.gob.pa. Une fois la demande re\u00e7ue, les informations n\u00e9cessaires concernant la proc\u00e9dure et les \u00e9tapes \u00e0 suivre lui seront communiqu\u00e9es. Les int\u00e9ress\u00e9s doivent se pr\u00e9senter personnellement \u00e0 la Section consulaire. Les formulaires seront fournis [&hellip;]","og_url":"https:\/\/embajadadepanamaenfrancia.fr\/fr\/section-consulaire\/renouvellement-de-passeport\/","og_site_name":"Embajada de Panam\u00e1 en Francia - Ambassade du Panama en France","article_modified_time":"2026-02-10T09:52:52+00:00","twitter_card":"summary_large_image","twitter_misc":{"Dur\u00e9e de lecture estim\u00e9e":"1 minute"},"schema":{"@context":"https:\/\/schema.org","@graph":[{"@type":"WebPage","@id":"https:\/\/embajadadepanamaenfrancia.fr\/fr\/section-consulaire\/renouvellement-de-passeport\/","url":"https:\/\/embajadadepanamaenfrancia.fr\/fr\/section-consulaire\/renouvellement-de-passeport\/","name":"Renouvellement de passeport - Embajada de Panam\u00e1 en Francia - Ambassade du Panama en France","isPartOf":{"@id":"https:\/\/embajadadepanamaenfrancia.fr\/fr\/#website"},"datePublished":"2016-02-01T16:02:39+00:00","dateModified":"2026-02-10T09:52:52+00:00","breadcrumb":{"@id":"https:\/\/embajadadepanamaenfrancia.fr\/fr\/section-consulaire\/renouvellement-de-passeport\/#breadcrumb"},"inLanguage":"fr-FR","potentialAction":[{"@type":"ReadAction","target":["https:\/\/embajadadepanamaenfrancia.fr\/fr\/section-consulaire\/renouvellement-de-passeport\/"]}]},{"@type":"BreadcrumbList","@id":"https:\/\/embajadadepanamaenfrancia.fr\/fr\/section-consulaire\/renouvellement-de-passeport\/#breadcrumb","itemListElement":[{"@type":"ListItem","position":1,"name":"Portada","item":"https:\/\/embajadadepanamaenfrancia.fr\/fr\/"},{"@type":"ListItem","position":2,"name":"Section consulaire","item":"https:\/\/embajadadepanamaenfrancia.fr\/fr\/section-consulaire\/"},{"@type":"ListItem","position":3,"name":"Renouvellement de passeport"}]},{"@type":"WebSite","@id":"https:\/\/embajadadepanamaenfrancia.fr\/fr\/#website","url":"https:\/\/embajadadepanamaenfrancia.fr\/fr\/","name":"Embajada de Panam\u00e1 en Francia - Ambassade du Panama en France","description":"Bienvenido al sitio de la Embajada de Panam\u00e1 en Francia - Bienvenu \u00e0 l&#039;Ambassade du Panama en France","potentialAction":[{"@type":"SearchAction","target":{"@type":"EntryPoint","urlTemplate":"https:\/\/embajadadepanamaenfrancia.fr\/fr\/?s={search_term_string}"},"query-input":{"@type":"PropertyValueSpecification","valueRequired":true,"valueName":"search_term_string"}}],"inLanguage":"fr-FR"}]}},"_links":{"self":[{"href":"https:\/\/embajadadepanamaenfrancia.fr\/fr\/wp-json\/wp\/v2\/pages\/899"}],"collection":[{"href":"https:\/\/embajadadepanamaenfrancia.fr\/fr\/wp-json\/wp\/v2\/pages"}],"about":[{"href":"https:\/\/embajadadepanamaenfrancia.fr\/fr\/wp-json\/wp\/v2\/types\/page"}],"author":[{"embeddable":true,"href":"https:\/\/embajadadepanamaenfrancia.fr\/fr\/wp-json\/wp\/v2\/users\/4"}],"replies":[{"embeddable":true,"href":"https:\/\/embajadadepanamaenfrancia.fr\/fr\/wp-json\/wp\/v2\/comments?post=899"}],"version-history":[{"count":1,"href":"https:\/\/embajadadepanamaenfrancia.fr\/fr\/wp-json\/wp\/v2\/pages\/899\/revisions"}],"predecessor-version":[{"id":19482,"href":"https:\/\/embajadadepanamaenfrancia.fr\/fr\/wp-json\/wp\/v2\/pages\/899\/revisions\/19482"}],"up":[{"embeddable":true,"href":"https:\/\/embajadadepanamaenfrancia.fr\/fr\/wp-json\/wp\/v2\/pages\/867"}],"wp:attachment":[{"href":"https:\/\/embajadadepanamaenfrancia.fr\/fr\/wp-json\/wp\/v2\/media?parent=899"}],"curies":[{"name":"wp","href":"https:\/\/api.w.org\/{rel}","templated":true}]}}