{"id":911,"date":"2016-02-01T17:40:02","date_gmt":"2016-02-01T16:40:02","guid":{"rendered":"https:\/\/2020.embajadadepanamaenfrancia.fr\/?page_id=911"},"modified":"2026-02-10T11:06:44","modified_gmt":"2026-02-10T10:06:44","slug":"certificat-de-mariage","status":"publish","type":"page","link":"https:\/\/embajadadepanamaenfrancia.fr\/fr\/section-consulaire\/certificat-de-mariage\/","title":{"rendered":"Certificat de mariage"},"content":{"rendered":"<p>Pour obtenir le certificat de mariage, suivre les \u00e9tapes suivantes:<\/p>\n<ol>\n<li style=\"text-align: justify;\">Certificat de mariage apostill\u00e9 au Bureau de l\u2019Apostille de la Cour d\u2019appel du lieu de c\u00e9l\u00e9bration du mariage. Traduction par un traducteur asserment\u00e9 puis l\u00e9galis\u00e9e par la section consulaire.<\/li>\n<li style=\"text-align: justify;\">Des copies des cartes d\u2019identit\u00e9 de chacun des \u00e9poux. Le passeport dans le cas o\u00f9 l\u2019un des \u00e9poux n\u2019est pas panam\u00e9en.<\/li>\n<li style=\"text-align: justify;\">Pour les paiements requis par la section consulaire: appelez la section consulaire de l\u2019Ambassade du Panama en France.<\/li>\n<li style=\"text-align: justify;\">Remplir les formulaires requis. Deux t\u00e9moins doivent accompagner les \u00e9poux \u00a0pour inscrire le mariage.<\/li>\n<li style=\"text-align: justify;\">Votre adresse postale et num\u00e9ro de t\u00e9l\u00e9phone en cas de besoin de renseignements suppl\u00e9mentaires.<\/li>\n<\/ol>\n<p style=\"text-align: justify;\">Pour plus d\u2019informations contacter la section consulaire. Email: conpanamaparis@mire.gob.pa Tel: + (33) 01 45 66 07 88<\/p>\n<p style=\"text-align: justify;\">\n","protected":false},"excerpt":{"rendered":"<p>Pour obtenir le certificat de mariage, suivre les \u00e9tapes suivantes: Certificat de mariage apostill\u00e9 au Bureau de l\u2019Apostille de la Cour d\u2019appel du lieu de c\u00e9l\u00e9bration du mariage. Traduction par un traducteur asserment\u00e9 puis l\u00e9galis\u00e9e par la section consulaire. Des copies des cartes d\u2019identit\u00e9 de chacun des \u00e9poux. Le passeport dans le cas o\u00f9 l\u2019un [&hellip;]<\/p>\n","protected":false},"author":4,"featured_media":0,"parent":867,"menu_order":0,"comment_status":"closed","ping_status":"closed","template":"","meta":{"_et_pb_use_builder":"","_et_pb_old_content":"","_et_gb_content_width":"","footnotes":""},"class_list":["post-911","page","type-page","status-publish","hentry"],"yoast_head":"<!-- This site is optimized with the Yoast SEO plugin v23.6 - https:\/\/yoast.com\/wordpress\/plugins\/seo\/ -->\n<title>Certificat de mariage - Embajada de Panam\u00e1 en Francia - Ambassade du Panama en France<\/title>\n<meta name=\"robots\" content=\"index, follow, max-snippet:-1, max-image-preview:large, max-video-preview:-1\" \/>\n<link rel=\"canonical\" href=\"https:\/\/embajadadepanamaenfrancia.fr\/fr\/section-consulaire\/certificat-de-mariage\/\" \/>\n<meta property=\"og:locale\" content=\"fr_FR\" \/>\n<meta property=\"og:type\" content=\"article\" \/>\n<meta property=\"og:title\" content=\"Certificat de mariage - Embajada de Panam\u00e1 en Francia - Ambassade du Panama en France\" \/>\n<meta property=\"og:description\" content=\"Pour obtenir le certificat de mariage, suivre les \u00e9tapes suivantes: Certificat de mariage apostill\u00e9 au Bureau de l\u2019Apostille de la Cour d\u2019appel du lieu de c\u00e9l\u00e9bration du mariage. Traduction par un traducteur asserment\u00e9 puis l\u00e9galis\u00e9e par la section consulaire. Des copies des cartes d\u2019identit\u00e9 de chacun des \u00e9poux. Le passeport dans le cas o\u00f9 l\u2019un [&hellip;]\" \/>\n<meta property=\"og:url\" content=\"https:\/\/embajadadepanamaenfrancia.fr\/fr\/section-consulaire\/certificat-de-mariage\/\" \/>\n<meta property=\"og:site_name\" content=\"Embajada de Panam\u00e1 en Francia - Ambassade du Panama en France\" \/>\n<meta property=\"article:modified_time\" content=\"2026-02-10T10:06:44+00:00\" \/>\n<meta name=\"twitter:card\" content=\"summary_large_image\" \/>\n<meta name=\"twitter:label1\" content=\"Dur\u00e9e de lecture estim\u00e9e\" \/>\n\t<meta name=\"twitter:data1\" content=\"1 minute\" \/>\n<script type=\"application\/ld+json\" class=\"yoast-schema-graph\">{\"@context\":\"https:\/\/schema.org\",\"@graph\":[{\"@type\":\"WebPage\",\"@id\":\"https:\/\/embajadadepanamaenfrancia.fr\/fr\/section-consulaire\/certificat-de-mariage\/\",\"url\":\"https:\/\/embajadadepanamaenfrancia.fr\/fr\/section-consulaire\/certificat-de-mariage\/\",\"name\":\"Certificat de mariage - Embajada de Panam\u00e1 en Francia - Ambassade du Panama en France\",\"isPartOf\":{\"@id\":\"https:\/\/embajadadepanamaenfrancia.fr\/fr\/#website\"},\"datePublished\":\"2016-02-01T16:40:02+00:00\",\"dateModified\":\"2026-02-10T10:06:44+00:00\",\"breadcrumb\":{\"@id\":\"https:\/\/embajadadepanamaenfrancia.fr\/fr\/section-consulaire\/certificat-de-mariage\/#breadcrumb\"},\"inLanguage\":\"fr-FR\",\"potentialAction\":[{\"@type\":\"ReadAction\",\"target\":[\"https:\/\/embajadadepanamaenfrancia.fr\/fr\/section-consulaire\/certificat-de-mariage\/\"]}]},{\"@type\":\"BreadcrumbList\",\"@id\":\"https:\/\/embajadadepanamaenfrancia.fr\/fr\/section-consulaire\/certificat-de-mariage\/#breadcrumb\",\"itemListElement\":[{\"@type\":\"ListItem\",\"position\":1,\"name\":\"Portada\",\"item\":\"https:\/\/embajadadepanamaenfrancia.fr\/fr\/\"},{\"@type\":\"ListItem\",\"position\":2,\"name\":\"Section consulaire\",\"item\":\"https:\/\/embajadadepanamaenfrancia.fr\/fr\/section-consulaire\/\"},{\"@type\":\"ListItem\",\"position\":3,\"name\":\"Certificat de mariage\"}]},{\"@type\":\"WebSite\",\"@id\":\"https:\/\/embajadadepanamaenfrancia.fr\/fr\/#website\",\"url\":\"https:\/\/embajadadepanamaenfrancia.fr\/fr\/\",\"name\":\"Embajada de Panam\u00e1 en Francia - Ambassade du Panama en France\",\"description\":\"Bienvenido al sitio de la Embajada de Panam\u00e1 en Francia - Bienvenu \u00e0 l&#039;Ambassade du Panama en France\",\"potentialAction\":[{\"@type\":\"SearchAction\",\"target\":{\"@type\":\"EntryPoint\",\"urlTemplate\":\"https:\/\/embajadadepanamaenfrancia.fr\/fr\/?s={search_term_string}\"},\"query-input\":{\"@type\":\"PropertyValueSpecification\",\"valueRequired\":true,\"valueName\":\"search_term_string\"}}],\"inLanguage\":\"fr-FR\"}]}<\/script>\n<!-- \/ Yoast SEO plugin. -->","yoast_head_json":{"title":"Certificat de mariage - Embajada de Panam\u00e1 en Francia - Ambassade du Panama en France","robots":{"index":"index","follow":"follow","max-snippet":"max-snippet:-1","max-image-preview":"max-image-preview:large","max-video-preview":"max-video-preview:-1"},"canonical":"https:\/\/embajadadepanamaenfrancia.fr\/fr\/section-consulaire\/certificat-de-mariage\/","og_locale":"fr_FR","og_type":"article","og_title":"Certificat de mariage - Embajada de Panam\u00e1 en Francia - Ambassade du Panama en France","og_description":"Pour obtenir le certificat de mariage, suivre les \u00e9tapes suivantes: Certificat de mariage apostill\u00e9 au Bureau de l\u2019Apostille de la Cour d\u2019appel du lieu de c\u00e9l\u00e9bration du mariage. Traduction par un traducteur asserment\u00e9 puis l\u00e9galis\u00e9e par la section consulaire. Des copies des cartes d\u2019identit\u00e9 de chacun des \u00e9poux. Le passeport dans le cas o\u00f9 l\u2019un [&hellip;]","og_url":"https:\/\/embajadadepanamaenfrancia.fr\/fr\/section-consulaire\/certificat-de-mariage\/","og_site_name":"Embajada de Panam\u00e1 en Francia - Ambassade du Panama en France","article_modified_time":"2026-02-10T10:06:44+00:00","twitter_card":"summary_large_image","twitter_misc":{"Dur\u00e9e de lecture estim\u00e9e":"1 minute"},"schema":{"@context":"https:\/\/schema.org","@graph":[{"@type":"WebPage","@id":"https:\/\/embajadadepanamaenfrancia.fr\/fr\/section-consulaire\/certificat-de-mariage\/","url":"https:\/\/embajadadepanamaenfrancia.fr\/fr\/section-consulaire\/certificat-de-mariage\/","name":"Certificat de mariage - Embajada de Panam\u00e1 en Francia - Ambassade du Panama en France","isPartOf":{"@id":"https:\/\/embajadadepanamaenfrancia.fr\/fr\/#website"},"datePublished":"2016-02-01T16:40:02+00:00","dateModified":"2026-02-10T10:06:44+00:00","breadcrumb":{"@id":"https:\/\/embajadadepanamaenfrancia.fr\/fr\/section-consulaire\/certificat-de-mariage\/#breadcrumb"},"inLanguage":"fr-FR","potentialAction":[{"@type":"ReadAction","target":["https:\/\/embajadadepanamaenfrancia.fr\/fr\/section-consulaire\/certificat-de-mariage\/"]}]},{"@type":"BreadcrumbList","@id":"https:\/\/embajadadepanamaenfrancia.fr\/fr\/section-consulaire\/certificat-de-mariage\/#breadcrumb","itemListElement":[{"@type":"ListItem","position":1,"name":"Portada","item":"https:\/\/embajadadepanamaenfrancia.fr\/fr\/"},{"@type":"ListItem","position":2,"name":"Section consulaire","item":"https:\/\/embajadadepanamaenfrancia.fr\/fr\/section-consulaire\/"},{"@type":"ListItem","position":3,"name":"Certificat de mariage"}]},{"@type":"WebSite","@id":"https:\/\/embajadadepanamaenfrancia.fr\/fr\/#website","url":"https:\/\/embajadadepanamaenfrancia.fr\/fr\/","name":"Embajada de Panam\u00e1 en Francia - Ambassade du Panama en France","description":"Bienvenido al sitio de la Embajada de Panam\u00e1 en Francia - Bienvenu \u00e0 l&#039;Ambassade du Panama en France","potentialAction":[{"@type":"SearchAction","target":{"@type":"EntryPoint","urlTemplate":"https:\/\/embajadadepanamaenfrancia.fr\/fr\/?s={search_term_string}"},"query-input":{"@type":"PropertyValueSpecification","valueRequired":true,"valueName":"search_term_string"}}],"inLanguage":"fr-FR"}]}},"_links":{"self":[{"href":"https:\/\/embajadadepanamaenfrancia.fr\/fr\/wp-json\/wp\/v2\/pages\/911"}],"collection":[{"href":"https:\/\/embajadadepanamaenfrancia.fr\/fr\/wp-json\/wp\/v2\/pages"}],"about":[{"href":"https:\/\/embajadadepanamaenfrancia.fr\/fr\/wp-json\/wp\/v2\/types\/page"}],"author":[{"embeddable":true,"href":"https:\/\/embajadadepanamaenfrancia.fr\/fr\/wp-json\/wp\/v2\/users\/4"}],"replies":[{"embeddable":true,"href":"https:\/\/embajadadepanamaenfrancia.fr\/fr\/wp-json\/wp\/v2\/comments?post=911"}],"version-history":[{"count":2,"href":"https:\/\/embajadadepanamaenfrancia.fr\/fr\/wp-json\/wp\/v2\/pages\/911\/revisions"}],"predecessor-version":[{"id":19489,"href":"https:\/\/embajadadepanamaenfrancia.fr\/fr\/wp-json\/wp\/v2\/pages\/911\/revisions\/19489"}],"up":[{"embeddable":true,"href":"https:\/\/embajadadepanamaenfrancia.fr\/fr\/wp-json\/wp\/v2\/pages\/867"}],"wp:attachment":[{"href":"https:\/\/embajadadepanamaenfrancia.fr\/fr\/wp-json\/wp\/v2\/media?parent=911"}],"curies":[{"name":"wp","href":"https:\/\/api.w.org\/{rel}","templated":true}]}}