{"id":913,"date":"2016-02-01T17:41:04","date_gmt":"2016-02-01T16:41:04","guid":{"rendered":"https:\/\/2020.embajadadepanamaenfrancia.fr\/?page_id=913"},"modified":"2026-02-10T11:08:08","modified_gmt":"2026-02-10T10:08:08","slug":"certificat-de-deces","status":"publish","type":"page","link":"https:\/\/embajadadepanamaenfrancia.fr\/fr\/section-consulaire\/certificat-de-deces\/","title":{"rendered":"Certificat de d\u00e9c\u00e8s"},"content":{"rendered":"<p data-start=\"0\" data-end=\"255\">Ce service n\u2019est pas trait\u00e9 par la Section consulaire. Vous devez \u00e9tablir une autorisation en faveur d\u2019un membre de votre famille. La signature de l\u2019autorisation (procuration honorifique \u2013 co\u00fbt : 30 \u20ac) doit \u00eatre authentifi\u00e9e \u00e0 la Section consulaire.<\/p>\n<p data-start=\"257\" data-end=\"392\" data-is-last-node=\"\" data-is-only-node=\"\">Pour plus d\u2019informations, veuillez contacter la Section consulaire.<br data-start=\"324\" data-end=\"327\" \/>Email : <a class=\"decorated-link cursor-pointer\" rel=\"noopener\" data-start=\"335\" data-end=\"361\">conpanamaparis@mire.gob.pa<\/a><br data-start=\"361\" data-end=\"364\" \/>T\u00e9l. : +33 (0) 1 45 66 07 88<\/p>\n","protected":false},"excerpt":{"rendered":"<p>Ce service n\u2019est pas trait\u00e9 par la Section consulaire. Vous devez \u00e9tablir une autorisation en faveur d\u2019un membre de votre famille. La signature de l\u2019autorisation (procuration honorifique \u2013 co\u00fbt : 30 \u20ac) doit \u00eatre authentifi\u00e9e \u00e0 la Section consulaire. Pour plus d\u2019informations, veuillez contacter la Section consulaire.Email : conpanamaparis@mire.gob.paT\u00e9l. : +33 (0) 1 45 66 [&hellip;]<\/p>\n","protected":false},"author":4,"featured_media":0,"parent":867,"menu_order":0,"comment_status":"closed","ping_status":"closed","template":"","meta":{"_et_pb_use_builder":"","_et_pb_old_content":"","_et_gb_content_width":"","footnotes":""},"class_list":["post-913","page","type-page","status-publish","hentry"],"yoast_head":"<!-- This site is optimized with the Yoast SEO plugin v23.6 - https:\/\/yoast.com\/wordpress\/plugins\/seo\/ -->\n<title>Certificat de d\u00e9c\u00e8s - Embajada de Panam\u00e1 en Francia - Ambassade du Panama en France<\/title>\n<meta name=\"robots\" content=\"index, follow, max-snippet:-1, max-image-preview:large, max-video-preview:-1\" \/>\n<link rel=\"canonical\" href=\"https:\/\/embajadadepanamaenfrancia.fr\/fr\/section-consulaire\/certificat-de-deces\/\" \/>\n<meta property=\"og:locale\" content=\"fr_FR\" \/>\n<meta property=\"og:type\" content=\"article\" \/>\n<meta property=\"og:title\" content=\"Certificat de d\u00e9c\u00e8s - Embajada de Panam\u00e1 en Francia - Ambassade du Panama en France\" \/>\n<meta property=\"og:description\" content=\"Ce service n\u2019est pas trait\u00e9 par la Section consulaire. Vous devez \u00e9tablir une autorisation en faveur d\u2019un membre de votre famille. La signature de l\u2019autorisation (procuration honorifique \u2013 co\u00fbt : 30 \u20ac) doit \u00eatre authentifi\u00e9e \u00e0 la Section consulaire. Pour plus d\u2019informations, veuillez contacter la Section consulaire.Email : conpanamaparis@mire.gob.paT\u00e9l. : +33 (0) 1 45 66 [&hellip;]\" \/>\n<meta property=\"og:url\" content=\"https:\/\/embajadadepanamaenfrancia.fr\/fr\/section-consulaire\/certificat-de-deces\/\" \/>\n<meta property=\"og:site_name\" content=\"Embajada de Panam\u00e1 en Francia - Ambassade du Panama en France\" \/>\n<meta property=\"article:modified_time\" content=\"2026-02-10T10:08:08+00:00\" \/>\n<meta name=\"twitter:card\" content=\"summary_large_image\" \/>\n<meta name=\"twitter:label1\" content=\"Dur\u00e9e de lecture estim\u00e9e\" \/>\n\t<meta name=\"twitter:data1\" content=\"1 minute\" \/>\n<script type=\"application\/ld+json\" class=\"yoast-schema-graph\">{\"@context\":\"https:\/\/schema.org\",\"@graph\":[{\"@type\":\"WebPage\",\"@id\":\"https:\/\/embajadadepanamaenfrancia.fr\/fr\/section-consulaire\/certificat-de-deces\/\",\"url\":\"https:\/\/embajadadepanamaenfrancia.fr\/fr\/section-consulaire\/certificat-de-deces\/\",\"name\":\"Certificat de d\u00e9c\u00e8s - Embajada de Panam\u00e1 en Francia - Ambassade du Panama en France\",\"isPartOf\":{\"@id\":\"https:\/\/embajadadepanamaenfrancia.fr\/fr\/#website\"},\"datePublished\":\"2016-02-01T16:41:04+00:00\",\"dateModified\":\"2026-02-10T10:08:08+00:00\",\"breadcrumb\":{\"@id\":\"https:\/\/embajadadepanamaenfrancia.fr\/fr\/section-consulaire\/certificat-de-deces\/#breadcrumb\"},\"inLanguage\":\"fr-FR\",\"potentialAction\":[{\"@type\":\"ReadAction\",\"target\":[\"https:\/\/embajadadepanamaenfrancia.fr\/fr\/section-consulaire\/certificat-de-deces\/\"]}]},{\"@type\":\"BreadcrumbList\",\"@id\":\"https:\/\/embajadadepanamaenfrancia.fr\/fr\/section-consulaire\/certificat-de-deces\/#breadcrumb\",\"itemListElement\":[{\"@type\":\"ListItem\",\"position\":1,\"name\":\"Portada\",\"item\":\"https:\/\/embajadadepanamaenfrancia.fr\/fr\/\"},{\"@type\":\"ListItem\",\"position\":2,\"name\":\"Section consulaire\",\"item\":\"https:\/\/embajadadepanamaenfrancia.fr\/fr\/section-consulaire\/\"},{\"@type\":\"ListItem\",\"position\":3,\"name\":\"Certificat de d\u00e9c\u00e8s\"}]},{\"@type\":\"WebSite\",\"@id\":\"https:\/\/embajadadepanamaenfrancia.fr\/fr\/#website\",\"url\":\"https:\/\/embajadadepanamaenfrancia.fr\/fr\/\",\"name\":\"Embajada de Panam\u00e1 en Francia - Ambassade du Panama en France\",\"description\":\"Bienvenido al sitio de la Embajada de Panam\u00e1 en Francia - Bienvenu \u00e0 l&#039;Ambassade du Panama en France\",\"potentialAction\":[{\"@type\":\"SearchAction\",\"target\":{\"@type\":\"EntryPoint\",\"urlTemplate\":\"https:\/\/embajadadepanamaenfrancia.fr\/fr\/?s={search_term_string}\"},\"query-input\":{\"@type\":\"PropertyValueSpecification\",\"valueRequired\":true,\"valueName\":\"search_term_string\"}}],\"inLanguage\":\"fr-FR\"}]}<\/script>\n<!-- \/ Yoast SEO plugin. -->","yoast_head_json":{"title":"Certificat de d\u00e9c\u00e8s - Embajada de Panam\u00e1 en Francia - Ambassade du Panama en France","robots":{"index":"index","follow":"follow","max-snippet":"max-snippet:-1","max-image-preview":"max-image-preview:large","max-video-preview":"max-video-preview:-1"},"canonical":"https:\/\/embajadadepanamaenfrancia.fr\/fr\/section-consulaire\/certificat-de-deces\/","og_locale":"fr_FR","og_type":"article","og_title":"Certificat de d\u00e9c\u00e8s - Embajada de Panam\u00e1 en Francia - Ambassade du Panama en France","og_description":"Ce service n\u2019est pas trait\u00e9 par la Section consulaire. Vous devez \u00e9tablir une autorisation en faveur d\u2019un membre de votre famille. La signature de l\u2019autorisation (procuration honorifique \u2013 co\u00fbt : 30 \u20ac) doit \u00eatre authentifi\u00e9e \u00e0 la Section consulaire. Pour plus d\u2019informations, veuillez contacter la Section consulaire.Email : conpanamaparis@mire.gob.paT\u00e9l. : +33 (0) 1 45 66 [&hellip;]","og_url":"https:\/\/embajadadepanamaenfrancia.fr\/fr\/section-consulaire\/certificat-de-deces\/","og_site_name":"Embajada de Panam\u00e1 en Francia - Ambassade du Panama en France","article_modified_time":"2026-02-10T10:08:08+00:00","twitter_card":"summary_large_image","twitter_misc":{"Dur\u00e9e de lecture estim\u00e9e":"1 minute"},"schema":{"@context":"https:\/\/schema.org","@graph":[{"@type":"WebPage","@id":"https:\/\/embajadadepanamaenfrancia.fr\/fr\/section-consulaire\/certificat-de-deces\/","url":"https:\/\/embajadadepanamaenfrancia.fr\/fr\/section-consulaire\/certificat-de-deces\/","name":"Certificat de d\u00e9c\u00e8s - Embajada de Panam\u00e1 en Francia - Ambassade du Panama en France","isPartOf":{"@id":"https:\/\/embajadadepanamaenfrancia.fr\/fr\/#website"},"datePublished":"2016-02-01T16:41:04+00:00","dateModified":"2026-02-10T10:08:08+00:00","breadcrumb":{"@id":"https:\/\/embajadadepanamaenfrancia.fr\/fr\/section-consulaire\/certificat-de-deces\/#breadcrumb"},"inLanguage":"fr-FR","potentialAction":[{"@type":"ReadAction","target":["https:\/\/embajadadepanamaenfrancia.fr\/fr\/section-consulaire\/certificat-de-deces\/"]}]},{"@type":"BreadcrumbList","@id":"https:\/\/embajadadepanamaenfrancia.fr\/fr\/section-consulaire\/certificat-de-deces\/#breadcrumb","itemListElement":[{"@type":"ListItem","position":1,"name":"Portada","item":"https:\/\/embajadadepanamaenfrancia.fr\/fr\/"},{"@type":"ListItem","position":2,"name":"Section consulaire","item":"https:\/\/embajadadepanamaenfrancia.fr\/fr\/section-consulaire\/"},{"@type":"ListItem","position":3,"name":"Certificat de d\u00e9c\u00e8s"}]},{"@type":"WebSite","@id":"https:\/\/embajadadepanamaenfrancia.fr\/fr\/#website","url":"https:\/\/embajadadepanamaenfrancia.fr\/fr\/","name":"Embajada de Panam\u00e1 en Francia - Ambassade du Panama en France","description":"Bienvenido al sitio de la Embajada de Panam\u00e1 en Francia - Bienvenu \u00e0 l&#039;Ambassade du Panama en France","potentialAction":[{"@type":"SearchAction","target":{"@type":"EntryPoint","urlTemplate":"https:\/\/embajadadepanamaenfrancia.fr\/fr\/?s={search_term_string}"},"query-input":{"@type":"PropertyValueSpecification","valueRequired":true,"valueName":"search_term_string"}}],"inLanguage":"fr-FR"}]}},"_links":{"self":[{"href":"https:\/\/embajadadepanamaenfrancia.fr\/fr\/wp-json\/wp\/v2\/pages\/913"}],"collection":[{"href":"https:\/\/embajadadepanamaenfrancia.fr\/fr\/wp-json\/wp\/v2\/pages"}],"about":[{"href":"https:\/\/embajadadepanamaenfrancia.fr\/fr\/wp-json\/wp\/v2\/types\/page"}],"author":[{"embeddable":true,"href":"https:\/\/embajadadepanamaenfrancia.fr\/fr\/wp-json\/wp\/v2\/users\/4"}],"replies":[{"embeddable":true,"href":"https:\/\/embajadadepanamaenfrancia.fr\/fr\/wp-json\/wp\/v2\/comments?post=913"}],"version-history":[{"count":3,"href":"https:\/\/embajadadepanamaenfrancia.fr\/fr\/wp-json\/wp\/v2\/pages\/913\/revisions"}],"predecessor-version":[{"id":19491,"href":"https:\/\/embajadadepanamaenfrancia.fr\/fr\/wp-json\/wp\/v2\/pages\/913\/revisions\/19491"}],"up":[{"embeddable":true,"href":"https:\/\/embajadadepanamaenfrancia.fr\/fr\/wp-json\/wp\/v2\/pages\/867"}],"wp:attachment":[{"href":"https:\/\/embajadadepanamaenfrancia.fr\/fr\/wp-json\/wp\/v2\/media?parent=913"}],"curies":[{"name":"wp","href":"https:\/\/api.w.org\/{rel}","templated":true}]}}