{"id":917,"date":"2016-02-01T17:43:36","date_gmt":"2016-02-01T16:43:36","guid":{"rendered":"https:\/\/2020.embajadadepanamaenfrancia.fr\/?page_id=917"},"modified":"2022-02-13T01:22:26","modified_gmt":"2022-02-13T00:22:26","slug":"enregistrement-des-naissances","status":"publish","type":"page","link":"https:\/\/embajadadepanamaenfrancia.fr\/fr\/section-consulaire\/enregistrement-des-naissances\/","title":{"rendered":"Enregistrement des naissances"},"content":{"rendered":"<p style=\"text-align: justify;\">Proc\u00e9dure d\u2019enregistrement de naissance des enfants n\u00e9s en France de ressortissants panam\u00e9ens\u00a0:<\/p>\n<ol style=\"text-align: justify;\">\n<li>Certificat de naissance fran\u00e7ais apostill\u00e9 au Bureau de l\u2019Apostille de la Cour d\u2019appel du lieu de naissance.<\/li>\n<li>La m\u00e8re ou le p\u00e8re panam\u00e9en devra venir \u00e0 la section consulaire de l\u2019Ambassade muni de sa carte d\u2019identit\u00e9 et certificat de naissance de l\u2019enfant qu\u2019il souhaiterait inscrire, afin de faire et signer une d\u00e9claration sous serment et signer le livre d\u2019enregistrement des naissances.<\/li>\n<li>Tous les documents fran\u00e7ais devront \u00eatre traduits en espagnol par un traducteur asserment\u00e9.<\/li>\n<li>Les documents sont adress\u00e9s au greffe civil de la ville de Panama, puis renvoyer \u00e0 la section consulaire avec l\u2019acte de naissance du num\u00e9ro d\u2019identification de l\u2019enfant. Cette proc\u00e9dure dure environ 2 mois.<\/li>\n<\/ol>\n<p style=\"text-align: justify;\">Pour plus d\u2019informations contacter la section consulaire.<\/p>\n","protected":false},"excerpt":{"rendered":"<p>Proc\u00e9dure d\u2019enregistrement de naissance des enfants n\u00e9s en France de ressortissants panam\u00e9ens\u00a0: Certificat de naissance fran\u00e7ais apostill\u00e9 au Bureau de l\u2019Apostille de la Cour d\u2019appel du lieu de naissance. La m\u00e8re ou le p\u00e8re panam\u00e9en devra venir \u00e0 la section consulaire de l\u2019Ambassade muni de sa carte d\u2019identit\u00e9 et certificat de naissance de l\u2019enfant qu\u2019il [&hellip;]<\/p>\n","protected":false},"author":4,"featured_media":0,"parent":867,"menu_order":0,"comment_status":"closed","ping_status":"closed","template":"","meta":{"_et_pb_use_builder":"","_et_pb_old_content":"","_et_gb_content_width":"","footnotes":""},"class_list":["post-917","page","type-page","status-publish","hentry"],"yoast_head":"<!-- This site is optimized with the Yoast SEO plugin v23.6 - https:\/\/yoast.com\/wordpress\/plugins\/seo\/ -->\n<title>Enregistrement des naissances - Embajada de Panam\u00e1 en Francia - Ambassade du Panama en France<\/title>\n<meta name=\"robots\" content=\"index, follow, max-snippet:-1, max-image-preview:large, max-video-preview:-1\" \/>\n<link rel=\"canonical\" href=\"https:\/\/embajadadepanamaenfrancia.fr\/fr\/section-consulaire\/enregistrement-des-naissances\/\" \/>\n<meta property=\"og:locale\" content=\"fr_FR\" \/>\n<meta property=\"og:type\" content=\"article\" \/>\n<meta property=\"og:title\" content=\"Enregistrement des naissances - Embajada de Panam\u00e1 en Francia - Ambassade du Panama en France\" \/>\n<meta property=\"og:description\" content=\"Proc\u00e9dure d\u2019enregistrement de naissance des enfants n\u00e9s en France de ressortissants panam\u00e9ens\u00a0: Certificat de naissance fran\u00e7ais apostill\u00e9 au Bureau de l\u2019Apostille de la Cour d\u2019appel du lieu de naissance. La m\u00e8re ou le p\u00e8re panam\u00e9en devra venir \u00e0 la section consulaire de l\u2019Ambassade muni de sa carte d\u2019identit\u00e9 et certificat de naissance de l\u2019enfant qu\u2019il [&hellip;]\" \/>\n<meta property=\"og:url\" content=\"https:\/\/embajadadepanamaenfrancia.fr\/fr\/section-consulaire\/enregistrement-des-naissances\/\" \/>\n<meta property=\"og:site_name\" content=\"Embajada de Panam\u00e1 en Francia - Ambassade du Panama en France\" \/>\n<meta property=\"article:modified_time\" content=\"2022-02-13T00:22:26+00:00\" \/>\n<meta name=\"twitter:card\" content=\"summary_large_image\" \/>\n<meta name=\"twitter:label1\" content=\"Dur\u00e9e de lecture estim\u00e9e\" \/>\n\t<meta name=\"twitter:data1\" content=\"1 minute\" \/>\n<script type=\"application\/ld+json\" class=\"yoast-schema-graph\">{\"@context\":\"https:\/\/schema.org\",\"@graph\":[{\"@type\":\"WebPage\",\"@id\":\"https:\/\/embajadadepanamaenfrancia.fr\/fr\/section-consulaire\/enregistrement-des-naissances\/\",\"url\":\"https:\/\/embajadadepanamaenfrancia.fr\/fr\/section-consulaire\/enregistrement-des-naissances\/\",\"name\":\"Enregistrement des naissances - Embajada de Panam\u00e1 en Francia - Ambassade du Panama en France\",\"isPartOf\":{\"@id\":\"https:\/\/embajadadepanamaenfrancia.fr\/fr\/#website\"},\"datePublished\":\"2016-02-01T16:43:36+00:00\",\"dateModified\":\"2022-02-13T00:22:26+00:00\",\"breadcrumb\":{\"@id\":\"https:\/\/embajadadepanamaenfrancia.fr\/fr\/section-consulaire\/enregistrement-des-naissances\/#breadcrumb\"},\"inLanguage\":\"fr-FR\",\"potentialAction\":[{\"@type\":\"ReadAction\",\"target\":[\"https:\/\/embajadadepanamaenfrancia.fr\/fr\/section-consulaire\/enregistrement-des-naissances\/\"]}]},{\"@type\":\"BreadcrumbList\",\"@id\":\"https:\/\/embajadadepanamaenfrancia.fr\/fr\/section-consulaire\/enregistrement-des-naissances\/#breadcrumb\",\"itemListElement\":[{\"@type\":\"ListItem\",\"position\":1,\"name\":\"Portada\",\"item\":\"https:\/\/embajadadepanamaenfrancia.fr\/fr\/\"},{\"@type\":\"ListItem\",\"position\":2,\"name\":\"Section consulaire\",\"item\":\"https:\/\/embajadadepanamaenfrancia.fr\/fr\/section-consulaire\/\"},{\"@type\":\"ListItem\",\"position\":3,\"name\":\"Enregistrement des naissances\"}]},{\"@type\":\"WebSite\",\"@id\":\"https:\/\/embajadadepanamaenfrancia.fr\/fr\/#website\",\"url\":\"https:\/\/embajadadepanamaenfrancia.fr\/fr\/\",\"name\":\"Embajada de Panam\u00e1 en Francia - Ambassade du Panama en France\",\"description\":\"Bienvenido al sitio de la Embajada de Panam\u00e1 en Francia - Bienvenu \u00e0 l&#039;Ambassade du Panama en France\",\"potentialAction\":[{\"@type\":\"SearchAction\",\"target\":{\"@type\":\"EntryPoint\",\"urlTemplate\":\"https:\/\/embajadadepanamaenfrancia.fr\/fr\/?s={search_term_string}\"},\"query-input\":{\"@type\":\"PropertyValueSpecification\",\"valueRequired\":true,\"valueName\":\"search_term_string\"}}],\"inLanguage\":\"fr-FR\"}]}<\/script>\n<!-- \/ Yoast SEO plugin. -->","yoast_head_json":{"title":"Enregistrement des naissances - Embajada de Panam\u00e1 en Francia - Ambassade du Panama en France","robots":{"index":"index","follow":"follow","max-snippet":"max-snippet:-1","max-image-preview":"max-image-preview:large","max-video-preview":"max-video-preview:-1"},"canonical":"https:\/\/embajadadepanamaenfrancia.fr\/fr\/section-consulaire\/enregistrement-des-naissances\/","og_locale":"fr_FR","og_type":"article","og_title":"Enregistrement des naissances - Embajada de Panam\u00e1 en Francia - Ambassade du Panama en France","og_description":"Proc\u00e9dure d\u2019enregistrement de naissance des enfants n\u00e9s en France de ressortissants panam\u00e9ens\u00a0: Certificat de naissance fran\u00e7ais apostill\u00e9 au Bureau de l\u2019Apostille de la Cour d\u2019appel du lieu de naissance. La m\u00e8re ou le p\u00e8re panam\u00e9en devra venir \u00e0 la section consulaire de l\u2019Ambassade muni de sa carte d\u2019identit\u00e9 et certificat de naissance de l\u2019enfant qu\u2019il [&hellip;]","og_url":"https:\/\/embajadadepanamaenfrancia.fr\/fr\/section-consulaire\/enregistrement-des-naissances\/","og_site_name":"Embajada de Panam\u00e1 en Francia - Ambassade du Panama en France","article_modified_time":"2022-02-13T00:22:26+00:00","twitter_card":"summary_large_image","twitter_misc":{"Dur\u00e9e de lecture estim\u00e9e":"1 minute"},"schema":{"@context":"https:\/\/schema.org","@graph":[{"@type":"WebPage","@id":"https:\/\/embajadadepanamaenfrancia.fr\/fr\/section-consulaire\/enregistrement-des-naissances\/","url":"https:\/\/embajadadepanamaenfrancia.fr\/fr\/section-consulaire\/enregistrement-des-naissances\/","name":"Enregistrement des naissances - Embajada de Panam\u00e1 en Francia - Ambassade du Panama en France","isPartOf":{"@id":"https:\/\/embajadadepanamaenfrancia.fr\/fr\/#website"},"datePublished":"2016-02-01T16:43:36+00:00","dateModified":"2022-02-13T00:22:26+00:00","breadcrumb":{"@id":"https:\/\/embajadadepanamaenfrancia.fr\/fr\/section-consulaire\/enregistrement-des-naissances\/#breadcrumb"},"inLanguage":"fr-FR","potentialAction":[{"@type":"ReadAction","target":["https:\/\/embajadadepanamaenfrancia.fr\/fr\/section-consulaire\/enregistrement-des-naissances\/"]}]},{"@type":"BreadcrumbList","@id":"https:\/\/embajadadepanamaenfrancia.fr\/fr\/section-consulaire\/enregistrement-des-naissances\/#breadcrumb","itemListElement":[{"@type":"ListItem","position":1,"name":"Portada","item":"https:\/\/embajadadepanamaenfrancia.fr\/fr\/"},{"@type":"ListItem","position":2,"name":"Section consulaire","item":"https:\/\/embajadadepanamaenfrancia.fr\/fr\/section-consulaire\/"},{"@type":"ListItem","position":3,"name":"Enregistrement des naissances"}]},{"@type":"WebSite","@id":"https:\/\/embajadadepanamaenfrancia.fr\/fr\/#website","url":"https:\/\/embajadadepanamaenfrancia.fr\/fr\/","name":"Embajada de Panam\u00e1 en Francia - Ambassade du Panama en France","description":"Bienvenido al sitio de la Embajada de Panam\u00e1 en Francia - Bienvenu \u00e0 l&#039;Ambassade du Panama en France","potentialAction":[{"@type":"SearchAction","target":{"@type":"EntryPoint","urlTemplate":"https:\/\/embajadadepanamaenfrancia.fr\/fr\/?s={search_term_string}"},"query-input":{"@type":"PropertyValueSpecification","valueRequired":true,"valueName":"search_term_string"}}],"inLanguage":"fr-FR"}]}},"_links":{"self":[{"href":"https:\/\/embajadadepanamaenfrancia.fr\/fr\/wp-json\/wp\/v2\/pages\/917"}],"collection":[{"href":"https:\/\/embajadadepanamaenfrancia.fr\/fr\/wp-json\/wp\/v2\/pages"}],"about":[{"href":"https:\/\/embajadadepanamaenfrancia.fr\/fr\/wp-json\/wp\/v2\/types\/page"}],"author":[{"embeddable":true,"href":"https:\/\/embajadadepanamaenfrancia.fr\/fr\/wp-json\/wp\/v2\/users\/4"}],"replies":[{"embeddable":true,"href":"https:\/\/embajadadepanamaenfrancia.fr\/fr\/wp-json\/wp\/v2\/comments?post=917"}],"version-history":[{"count":1,"href":"https:\/\/embajadadepanamaenfrancia.fr\/fr\/wp-json\/wp\/v2\/pages\/917\/revisions"}],"predecessor-version":[{"id":15141,"href":"https:\/\/embajadadepanamaenfrancia.fr\/fr\/wp-json\/wp\/v2\/pages\/917\/revisions\/15141"}],"up":[{"embeddable":true,"href":"https:\/\/embajadadepanamaenfrancia.fr\/fr\/wp-json\/wp\/v2\/pages\/867"}],"wp:attachment":[{"href":"https:\/\/embajadadepanamaenfrancia.fr\/fr\/wp-json\/wp\/v2\/media?parent=917"}],"curies":[{"name":"wp","href":"https:\/\/api.w.org\/{rel}","templated":true}]}}