{"id":957,"date":"2016-02-01T18:37:51","date_gmt":"2016-02-01T17:37:51","guid":{"rendered":"https:\/\/2020.embajadadepanamaenfrancia.fr\/?page_id=957"},"modified":"2026-02-10T11:15:19","modified_gmt":"2026-02-10T10:15:19","slug":"voyager-avec-des-animaux-au-panama","status":"publish","type":"page","link":"https:\/\/embajadadepanamaenfrancia.fr\/fr\/section-consulaire\/voyager-avec-des-animaux-au-panama\/","title":{"rendered":"Voyager avec des animaux au Panama"},"content":{"rendered":"<p>Pour voyager avec votre animal de compagnie, vous devez disposer des documents suivants :<\/p>\n<div class=\"flex flex-col text-sm pb-25\">\n<article class=\"text-token-text-primary w-full focus:outline-none [--shadow-height:45px] has-data-writing-block:pointer-events-none has-data-writing-block:-mt-(--shadow-height) has-data-writing-block:pt-(--shadow-height) [&amp;:has([data-writing-block])&gt;*]:pointer-events-auto scroll-mt-[calc(var(--header-height)+min(200px,max(70px,20svh)))]\" dir=\"auto\" tabindex=\"-1\" data-turn-id=\"request-WEB:65a648af-05b4-4f2e-9061-ef5547556cf9-12\" data-testid=\"conversation-turn-22\" data-scroll-anchor=\"true\" data-turn=\"assistant\">\n<div class=\"text-base my-auto mx-auto pb-10 [--thread-content-margin:--spacing(4)] @w-sm\/main:[--thread-content-margin:--spacing(6)] @w-lg\/main:[--thread-content-margin:--spacing(16)] px-(--thread-content-margin)\">\n<div class=\"[--thread-content-max-width:40rem] @w-lg\/main:[--thread-content-max-width:48rem] mx-auto max-w-(--thread-content-max-width) flex-1 group\/turn-messages focus-visible:outline-hidden relative flex w-full min-w-0 flex-col agent-turn\" tabindex=\"-1\">\n<div class=\"flex max-w-full flex-col grow\">\n<div class=\"min-h-8 text-message relative flex w-full flex-col items-end gap-2 text-start break-words whitespace-normal [.text-message+&amp;]:mt-1\" dir=\"auto\" data-message-author-role=\"assistant\" data-message-id=\"2d690c7b-d6f8-4b3e-b49c-3a9577978884\" data-message-model-slug=\"gpt-5-2\">\n<div class=\"flex w-full flex-col gap-1 empty:hidden first:pt-[1px]\">\n<div class=\"markdown prose dark:prose-invert w-full wrap-break-word light markdown-new-styling\">\n<p data-start=\"144\" data-end=\"322\"><strong data-start=\"144\" data-end=\"170\">Certificat v\u00e9t\u00e9rinaire<\/strong><br data-start=\"170\" data-end=\"173\" \/>L\u2019int\u00e9ress\u00e9 doit obtenir un certificat pour l\u2019animal, d\u00e9livr\u00e9 et approuv\u00e9 par un v\u00e9t\u00e9rinaire d\u00fbment autoris\u00e9 par les autorit\u00e9s comp\u00e9tentes en France.<\/p>\n<p data-start=\"324\" data-end=\"504\"><strong data-start=\"324\" data-end=\"356\">Validation aupr\u00e8s de la DDPP<\/strong><br data-start=\"356\" data-end=\"359\" \/>Le certificat v\u00e9t\u00e9rinaire fran\u00e7ais doit \u00eatre valid\u00e9 par la Direction D\u00e9partementale de la Protection des Populations (DDPP). R\u00e9pertoire des DDPP.<\/p>\n<p data-start=\"506\" data-end=\"754\"><strong data-start=\"506\" data-end=\"554\">Paiement pour l\u2019authentification au Consulat<\/strong><br data-start=\"554\" data-end=\"557\" \/>L\u2019int\u00e9ress\u00e9 devra effectuer le paiement correspondant pour l\u2019authentification des documents. Pour plus d\u2019informations, veuillez consulter la proc\u00e9dure et les tarifs aupr\u00e8s de la Section consulaire.<\/p>\n<p data-start=\"756\" data-end=\"1062\"><strong data-start=\"756\" data-end=\"788\">Authentification au Consulat<\/strong><br data-start=\"788\" data-end=\"791\" \/>L\u2019int\u00e9ress\u00e9 devra se pr\u00e9senter au Consulat avec les documents originaux correspondants afin de proc\u00e9der \u00e0 l\u2019authentification du document d\u00e9livr\u00e9 par la DDPP.<br data-start=\"948\" data-end=\"951\" \/>Une prise de rendez-vous pr\u00e9alable est n\u00e9cessaire et peut \u00eatre effectu\u00e9e en contactant directement le Consulat.<\/p>\n<p data-start=\"1064\" data-end=\"1266\"><strong data-start=\"1064\" data-end=\"1112\">V\u00e9rification aupr\u00e8s de la compagnie a\u00e9rienne<\/strong><br data-start=\"1112\" data-end=\"1115\" \/>L\u2019int\u00e9ress\u00e9 devra confirmer directement aupr\u00e8s de la compagnie a\u00e9rienne les normes et exigences sp\u00e9cifiques pour le transport des animaux de compagnie.<\/p>\n<p data-start=\"1268\" data-end=\"1807\"><strong data-start=\"1268\" data-end=\"1349\">Formulaire de quarantaine pour animaux domestiques (documents pour le Panama)<\/strong><br data-start=\"1349\" data-end=\"1352\" \/>L\u2019int\u00e9ress\u00e9 devra remplir le Formulaire officiel de quarantaine pour animaux domestiques \u00e9mis par le Minist\u00e8re de la Sant\u00e9 du Panama (MINSA).<br data-start=\"1493\" data-end=\"1496\" \/>Ce formulaire doit \u00eatre t\u00e9l\u00e9charg\u00e9 \u00e0 partir du lien officiel, compl\u00e9t\u00e9 et imprim\u00e9 par l\u2019int\u00e9ress\u00e9, puis pr\u00e9sent\u00e9 au Panama avec le reste de la documentation requise. T\u00e9l\u00e9charger le document.<br data-start=\"1686\" data-end=\"1689\" \/>Aucun cachet suppl\u00e9mentaire ne doit \u00eatre appos\u00e9 sur le formulaire, car il doit \u00eatre pr\u00e9sent\u00e9 dans son format original.<\/p>\n<p data-start=\"1809\" data-end=\"2108\">Ce formulaire doit \u00eatre envoy\u00e9 par fax aux num\u00e9ros +507 238-3855 \/ +507 238-4059 \/ +507 512-9338 \/ +507 512-9180 ou par e-mail au MINSA (Minist\u00e8re de la Sant\u00e9), du lundi au vendredi de 9h00 \u00e0 15h00, trois jours avant le voyage, afin de notifier les autorit\u00e9s de quarantaine du Minist\u00e8re de la Sant\u00e9.<\/p>\n<p data-start=\"2110\" data-end=\"2269\"><strong data-start=\"2110\" data-end=\"2156\">MIDA (Minist\u00e8re du D\u00e9veloppement Agricole)<\/strong><br data-start=\"2156\" data-end=\"2159\" \/>Du lundi au vendredi de 9h00 \u00e0 15h00 et de 19h00 \u00e0 22h00.<br data-start=\"2216\" data-end=\"2219\" \/>Horaires d\u2019attention susceptibles d\u2019\u00eatre modifi\u00e9s.<\/p>\n<p data-start=\"2271\" data-end=\"2420\"><strong data-start=\"2271\" data-end=\"2289\">Liens connexes<\/strong><br data-start=\"2289\" data-end=\"2292\" \/>Minist\u00e8re de la Sant\u00e9 de la R\u00e9publique du Panama (MINSA)<br data-start=\"2348\" data-end=\"2351\" \/>MIDA \u2013 Minist\u00e8re du D\u00e9veloppement Agricole de la R\u00e9publique du Panama<\/p>\n<p data-start=\"2422\" data-end=\"2459\" data-is-last-node=\"\" data-is-only-node=\"\"><strong data-start=\"2422\" data-end=\"2459\" data-is-last-node=\"\">Derni\u00e8re mise \u00e0 jour : 23\/10\/2025<\/strong><\/p>\n<\/div>\n<\/div>\n<\/div>\n<\/div>\n<\/div>\n<\/div>\n<\/article>\n<\/div>\n","protected":false},"excerpt":{"rendered":"<p>Pour voyager avec votre animal de compagnie, vous devez disposer des documents suivants : Certificat v\u00e9t\u00e9rinaireL\u2019int\u00e9ress\u00e9 doit obtenir un certificat pour l\u2019animal, d\u00e9livr\u00e9 et approuv\u00e9 par un v\u00e9t\u00e9rinaire d\u00fbment autoris\u00e9 par les autorit\u00e9s comp\u00e9tentes en France. Validation aupr\u00e8s de la DDPPLe certificat v\u00e9t\u00e9rinaire fran\u00e7ais doit \u00eatre valid\u00e9 par la Direction D\u00e9partementale de la Protection des [&hellip;]<\/p>\n","protected":false},"author":4,"featured_media":0,"parent":867,"menu_order":0,"comment_status":"closed","ping_status":"closed","template":"","meta":{"_et_pb_use_builder":"","_et_pb_old_content":"","_et_gb_content_width":"","footnotes":""},"class_list":["post-957","page","type-page","status-publish","hentry"],"yoast_head":"<!-- This site is optimized with the Yoast SEO plugin v23.6 - https:\/\/yoast.com\/wordpress\/plugins\/seo\/ -->\n<title>Voyager avec des animaux au Panama - Embajada de Panam\u00e1 en Francia - Ambassade du Panama en France<\/title>\n<meta name=\"robots\" content=\"index, follow, max-snippet:-1, max-image-preview:large, max-video-preview:-1\" \/>\n<link rel=\"canonical\" href=\"https:\/\/embajadadepanamaenfrancia.fr\/fr\/section-consulaire\/voyager-avec-des-animaux-au-panama\/\" \/>\n<meta property=\"og:locale\" content=\"fr_FR\" \/>\n<meta property=\"og:type\" content=\"article\" \/>\n<meta property=\"og:title\" content=\"Voyager avec des animaux au Panama - Embajada de Panam\u00e1 en Francia - Ambassade du Panama en France\" \/>\n<meta property=\"og:description\" content=\"Pour voyager avec votre animal de compagnie, vous devez disposer des documents suivants : Certificat v\u00e9t\u00e9rinaireL\u2019int\u00e9ress\u00e9 doit obtenir un certificat pour l\u2019animal, d\u00e9livr\u00e9 et approuv\u00e9 par un v\u00e9t\u00e9rinaire d\u00fbment autoris\u00e9 par les autorit\u00e9s comp\u00e9tentes en France. Validation aupr\u00e8s de la DDPPLe certificat v\u00e9t\u00e9rinaire fran\u00e7ais doit \u00eatre valid\u00e9 par la Direction D\u00e9partementale de la Protection des [&hellip;]\" \/>\n<meta property=\"og:url\" content=\"https:\/\/embajadadepanamaenfrancia.fr\/fr\/section-consulaire\/voyager-avec-des-animaux-au-panama\/\" \/>\n<meta property=\"og:site_name\" content=\"Embajada de Panam\u00e1 en Francia - Ambassade du Panama en France\" \/>\n<meta property=\"article:modified_time\" content=\"2026-02-10T10:15:19+00:00\" \/>\n<meta name=\"twitter:card\" content=\"summary_large_image\" \/>\n<meta name=\"twitter:label1\" content=\"Dur\u00e9e de lecture estim\u00e9e\" \/>\n\t<meta name=\"twitter:data1\" content=\"2 minutes\" \/>\n<script type=\"application\/ld+json\" class=\"yoast-schema-graph\">{\"@context\":\"https:\/\/schema.org\",\"@graph\":[{\"@type\":\"WebPage\",\"@id\":\"https:\/\/embajadadepanamaenfrancia.fr\/fr\/section-consulaire\/voyager-avec-des-animaux-au-panama\/\",\"url\":\"https:\/\/embajadadepanamaenfrancia.fr\/fr\/section-consulaire\/voyager-avec-des-animaux-au-panama\/\",\"name\":\"Voyager avec des animaux au Panama - Embajada de Panam\u00e1 en Francia - Ambassade du Panama en France\",\"isPartOf\":{\"@id\":\"https:\/\/embajadadepanamaenfrancia.fr\/fr\/#website\"},\"datePublished\":\"2016-02-01T17:37:51+00:00\",\"dateModified\":\"2026-02-10T10:15:19+00:00\",\"breadcrumb\":{\"@id\":\"https:\/\/embajadadepanamaenfrancia.fr\/fr\/section-consulaire\/voyager-avec-des-animaux-au-panama\/#breadcrumb\"},\"inLanguage\":\"fr-FR\",\"potentialAction\":[{\"@type\":\"ReadAction\",\"target\":[\"https:\/\/embajadadepanamaenfrancia.fr\/fr\/section-consulaire\/voyager-avec-des-animaux-au-panama\/\"]}]},{\"@type\":\"BreadcrumbList\",\"@id\":\"https:\/\/embajadadepanamaenfrancia.fr\/fr\/section-consulaire\/voyager-avec-des-animaux-au-panama\/#breadcrumb\",\"itemListElement\":[{\"@type\":\"ListItem\",\"position\":1,\"name\":\"Portada\",\"item\":\"https:\/\/embajadadepanamaenfrancia.fr\/fr\/\"},{\"@type\":\"ListItem\",\"position\":2,\"name\":\"Section consulaire\",\"item\":\"https:\/\/embajadadepanamaenfrancia.fr\/fr\/section-consulaire\/\"},{\"@type\":\"ListItem\",\"position\":3,\"name\":\"Voyager avec des animaux au Panama\"}]},{\"@type\":\"WebSite\",\"@id\":\"https:\/\/embajadadepanamaenfrancia.fr\/fr\/#website\",\"url\":\"https:\/\/embajadadepanamaenfrancia.fr\/fr\/\",\"name\":\"Embajada de Panam\u00e1 en Francia - Ambassade du Panama en France\",\"description\":\"Bienvenido al sitio de la Embajada de Panam\u00e1 en Francia - Bienvenu \u00e0 l&#039;Ambassade du Panama en France\",\"potentialAction\":[{\"@type\":\"SearchAction\",\"target\":{\"@type\":\"EntryPoint\",\"urlTemplate\":\"https:\/\/embajadadepanamaenfrancia.fr\/fr\/?s={search_term_string}\"},\"query-input\":{\"@type\":\"PropertyValueSpecification\",\"valueRequired\":true,\"valueName\":\"search_term_string\"}}],\"inLanguage\":\"fr-FR\"}]}<\/script>\n<!-- \/ Yoast SEO plugin. -->","yoast_head_json":{"title":"Voyager avec des animaux au Panama - Embajada de Panam\u00e1 en Francia - Ambassade du Panama en France","robots":{"index":"index","follow":"follow","max-snippet":"max-snippet:-1","max-image-preview":"max-image-preview:large","max-video-preview":"max-video-preview:-1"},"canonical":"https:\/\/embajadadepanamaenfrancia.fr\/fr\/section-consulaire\/voyager-avec-des-animaux-au-panama\/","og_locale":"fr_FR","og_type":"article","og_title":"Voyager avec des animaux au Panama - Embajada de Panam\u00e1 en Francia - Ambassade du Panama en France","og_description":"Pour voyager avec votre animal de compagnie, vous devez disposer des documents suivants : Certificat v\u00e9t\u00e9rinaireL\u2019int\u00e9ress\u00e9 doit obtenir un certificat pour l\u2019animal, d\u00e9livr\u00e9 et approuv\u00e9 par un v\u00e9t\u00e9rinaire d\u00fbment autoris\u00e9 par les autorit\u00e9s comp\u00e9tentes en France. Validation aupr\u00e8s de la DDPPLe certificat v\u00e9t\u00e9rinaire fran\u00e7ais doit \u00eatre valid\u00e9 par la Direction D\u00e9partementale de la Protection des [&hellip;]","og_url":"https:\/\/embajadadepanamaenfrancia.fr\/fr\/section-consulaire\/voyager-avec-des-animaux-au-panama\/","og_site_name":"Embajada de Panam\u00e1 en Francia - Ambassade du Panama en France","article_modified_time":"2026-02-10T10:15:19+00:00","twitter_card":"summary_large_image","twitter_misc":{"Dur\u00e9e de lecture estim\u00e9e":"2 minutes"},"schema":{"@context":"https:\/\/schema.org","@graph":[{"@type":"WebPage","@id":"https:\/\/embajadadepanamaenfrancia.fr\/fr\/section-consulaire\/voyager-avec-des-animaux-au-panama\/","url":"https:\/\/embajadadepanamaenfrancia.fr\/fr\/section-consulaire\/voyager-avec-des-animaux-au-panama\/","name":"Voyager avec des animaux au Panama - Embajada de Panam\u00e1 en Francia - Ambassade du Panama en France","isPartOf":{"@id":"https:\/\/embajadadepanamaenfrancia.fr\/fr\/#website"},"datePublished":"2016-02-01T17:37:51+00:00","dateModified":"2026-02-10T10:15:19+00:00","breadcrumb":{"@id":"https:\/\/embajadadepanamaenfrancia.fr\/fr\/section-consulaire\/voyager-avec-des-animaux-au-panama\/#breadcrumb"},"inLanguage":"fr-FR","potentialAction":[{"@type":"ReadAction","target":["https:\/\/embajadadepanamaenfrancia.fr\/fr\/section-consulaire\/voyager-avec-des-animaux-au-panama\/"]}]},{"@type":"BreadcrumbList","@id":"https:\/\/embajadadepanamaenfrancia.fr\/fr\/section-consulaire\/voyager-avec-des-animaux-au-panama\/#breadcrumb","itemListElement":[{"@type":"ListItem","position":1,"name":"Portada","item":"https:\/\/embajadadepanamaenfrancia.fr\/fr\/"},{"@type":"ListItem","position":2,"name":"Section consulaire","item":"https:\/\/embajadadepanamaenfrancia.fr\/fr\/section-consulaire\/"},{"@type":"ListItem","position":3,"name":"Voyager avec des animaux au Panama"}]},{"@type":"WebSite","@id":"https:\/\/embajadadepanamaenfrancia.fr\/fr\/#website","url":"https:\/\/embajadadepanamaenfrancia.fr\/fr\/","name":"Embajada de Panam\u00e1 en Francia - Ambassade du Panama en France","description":"Bienvenido al sitio de la Embajada de Panam\u00e1 en Francia - Bienvenu \u00e0 l&#039;Ambassade du Panama en France","potentialAction":[{"@type":"SearchAction","target":{"@type":"EntryPoint","urlTemplate":"https:\/\/embajadadepanamaenfrancia.fr\/fr\/?s={search_term_string}"},"query-input":{"@type":"PropertyValueSpecification","valueRequired":true,"valueName":"search_term_string"}}],"inLanguage":"fr-FR"}]}},"_links":{"self":[{"href":"https:\/\/embajadadepanamaenfrancia.fr\/fr\/wp-json\/wp\/v2\/pages\/957"}],"collection":[{"href":"https:\/\/embajadadepanamaenfrancia.fr\/fr\/wp-json\/wp\/v2\/pages"}],"about":[{"href":"https:\/\/embajadadepanamaenfrancia.fr\/fr\/wp-json\/wp\/v2\/types\/page"}],"author":[{"embeddable":true,"href":"https:\/\/embajadadepanamaenfrancia.fr\/fr\/wp-json\/wp\/v2\/users\/4"}],"replies":[{"embeddable":true,"href":"https:\/\/embajadadepanamaenfrancia.fr\/fr\/wp-json\/wp\/v2\/comments?post=957"}],"version-history":[{"count":2,"href":"https:\/\/embajadadepanamaenfrancia.fr\/fr\/wp-json\/wp\/v2\/pages\/957\/revisions"}],"predecessor-version":[{"id":19493,"href":"https:\/\/embajadadepanamaenfrancia.fr\/fr\/wp-json\/wp\/v2\/pages\/957\/revisions\/19493"}],"up":[{"embeddable":true,"href":"https:\/\/embajadadepanamaenfrancia.fr\/fr\/wp-json\/wp\/v2\/pages\/867"}],"wp:attachment":[{"href":"https:\/\/embajadadepanamaenfrancia.fr\/fr\/wp-json\/wp\/v2\/media?parent=957"}],"curies":[{"name":"wp","href":"https:\/\/api.w.org\/{rel}","templated":true}]}}